{"id":10,"date":"2023-11-20T15:50:19","date_gmt":"2023-11-20T14:50:19","guid":{"rendered":"https:\/\/fleurdevivre.fr\/?page_id=10"},"modified":"2023-12-13T19:45:44","modified_gmt":"2023-12-13T18:45:44","slug":"mentions-legales","status":"publish","type":"page","link":"https:\/\/fleurdevivre.fr\/index.php\/mentions-legales","title":{"rendered":"Mentions l\u00e9gales"},"content":{"rendered":"\n<h2 class=\"wp-block-heading\">CGV et CGU<\/h2>\n\n\n\n<h3 class=\"wp-block-heading\">CGV : Conditions g\u00e9n\u00e9rales de vente (avant la prestation)<\/h3>\n\n\n\n<p>Art L 221-5 Code de la consommation<\/p>\n\n\n\n<h4 class=\"wp-block-heading\">Caract\u00e9ristiques essentielles de prestation :<\/h4>\n\n\n\n<p>_ Tous les prix sont affich\u00e9s sur notre site internet. &nbsp;\u00ab&nbsp;TVA non applicable, article 293 B CGI&nbsp;\u00bb. Les modalit\u00e9s de paiement s&rsquo;effectuent par ch\u00e8que ou par esp\u00e8ces. <\/p>\n\n\n\n<p>_ La date ou le d\u00e9lai de livraison du service vendu : Aucun paiement ne s&rsquo;effectue en avance des services. La date du service vendu sera fix\u00e9 conjointement entre Marjorie Naud et l&rsquo;acheteur. <\/p>\n\n\n\n<p>_ Coordonn\u00e9es et identit\u00e9 : Marjorie Naud, Soci\u00e9t\u00e9 Fleur de vivre, domicili\u00e9 au 8 rue Terre Joie 17170 Cour\u00e7on. <\/p>\n\n\n\n<p>_ Possibilit\u00e9 d&rsquo;avoir recours \u00e0 un m\u00e9diateur : voir la section plus loin. <\/p>\n\n\n\n<p>_ Statut et forme juridique de Fleur de vivre : EI micro entreprise<\/p>\n\n\n\n<p>_ Num\u00e9ro de Siret : 97967657400010<\/p>\n\n\n\n<p>_ La soci\u00e9t\u00e9 n&rsquo;est pas soumise \u00e0 la TVA : \u00ab&nbsp;TVA non applicable, article 293 B CGI&nbsp;\u00bb<\/p>\n\n\n\n<p>_ Loi applicable et tribunal comp\u00e9tent :<\/p>\n\n\n\n<p>Les pr\u00e9sentes conditions g\u00e9n\u00e9rales de vente sont soumises au droit fran\u00e7ais. Tous les litiges pouvant d\u00e9couler desdites op\u00e9rations sont soumis aux tribunaux fran\u00e7ais.<\/p>\n\n\n\n<p>Toutefois, conform\u00e9ment \u00e0 la loi relative \u00e0 la consommation du 17 mars 2014, l\u2019acheteur peut recourir \u00e0 une proc\u00e9dure de m\u00e9diation conventionnelle ou \u00e0 tout autre mode alternatif de r\u00e8glement des litiges en cas de contestation.<\/p>\n\n\n\n<p>En cas de r\u00e9clamation, l\u2019acheteur peut s\u2019adresser au Service Relation client par courriel \u00e0 fleurdevivre17@gmail.com. Cette demande sera alors trait\u00e9e dans les\u00a0\u00a0plus brefs d\u00e9lais.<\/p>\n\n\n\n<h4 class=\"wp-block-heading\">_ D\u00e9lai de r\u00e9tractation de 14 jours :<\/h4>\n\n\n\n<p>Article L221-1 du code de la consommation, est consid\u00e9r\u00e9 comme contrat \u00e0 distance \u00ab\u00a0tout contrat conclu entre un professionnel et un consommateur dans le cadre d&rsquo;un syst\u00e8me organis\u00e9 de vente ou de prestation de services \u00e0 distance, sans la pr\u00e9sence physique simultan\u00e9e du professionnel et du consommateur, par le recours exclusif \u00e0 une ou plusieurs techniques de communication \u00e0 distance jusqu&rsquo;\u00e0 la conclusion du contrat.\u00a0\u00bb<\/p>\n\n\n\n<p>Vous trouverez un formulaire de r\u00e9tractation dans la zone contact. Exception pour les prestations d\u00e9j\u00e0 r\u00e9alis\u00e9e rapidement derri\u00e8re le rendez vous avant les 14 jours.<\/p>\n\n\n\n<p>Voici un deuxi\u00e8me mod\u00e8le :<\/p>\n\n\n\n<ul class=\"wp-block-list\">\n<li>Annexe \u00e0 l&rsquo;article R221-1<\/li>\n\n\n\n<li>Version en vigueur depuis le 28 mai 2022<\/li>\n\n\n\n<li>Modifi\u00e9 par D\u00e9cret n\u00b02022-424 du 25 Mai 2022 art-1<\/li>\n<\/ul>\n\n\n\n<p>Formulaire de r\u00e9tractation :<\/p>\n\n\n\n<p>(Veuillez compl\u00e9ter et renvoyer le pr\u00e9sent formulaire uniquement si vous souhaitez vous r\u00e9tracter du contrat)<\/p>\n\n\n\n<p>A l&rsquo;attention de Marjorie Naud, soci\u00e9t\u00e9 Fleur de vivre, domicili\u00e9 au 8 rue Terre Joie 17170 Cour\u00e7on, fleurdevivre17@gmail.com<\/p>\n\n\n\n<p>Je \/ nous (*) vous notifie \/ notifions (*) par la pr\u00e9sente ma\/notre r\u00e9tractation du contrat portant sur la prestation de services ci-dessous :<\/p>\n\n\n\n<p>Command\u00e9 le :<\/p>\n\n\n\n<p>Nom du \/ des (*) consommateur(s) :<\/p>\n\n\n\n<p>Adresse du \/ des (*) consommateur(s) :<\/p>\n\n\n\n<p>Signature du \/ des (*) consommateur(s) :<\/p>\n\n\n\n<p>Date :<\/p>\n\n\n\n<p>(*) rayez la mention inutile<\/p>\n\n\n\n<p>Conform\u00e9ment \u00e0 l&rsquo;article 2 du d\u00e9cret n\u00b02022-424 du 25 Mars 2022, ces dispositions entrent en vigueur le 28 Mai 2022.<\/p>\n\n\n\n<p><\/p>\n\n\n\n<p><\/p>\n\n\n\n<p>Consultation : En ce qui concerne les prestations de services, d\u00e9lai court \u00e0 compter du jour de la conclusion du contrat. <\/p>\n\n\n\n<p>_ <strong>Dans le cas o\u00f9 le client est un mineur de moins de 18 ans, le consentement d&rsquo;un repr\u00e9sentant l\u00e9gal sera n\u00e9cessaire avant l&rsquo;ex\u00e9cution de la prestation de service<\/strong>. <\/p>\n\n\n\n<p><\/p>\n\n\n\n<h3 class=\"wp-block-heading\">RGPD:<\/h3>\n\n\n\n<p>Protection des donn\u00e9es personnelles<\/p>\n\n\n\n<p>Le client \/ internaute est convi\u00e9 \u00e0 consulter la page <a href=\"https:\/\/fleurdevivre.fr\/index.php\/politique-de-confidentialite\">politique de confidentialit\u00e9<\/a> pour prendre connaissance de la protection de ses donn\u00e9es personnelles, collect\u00e9es lors des \u00e9changes et transactions avec Marjorie Naud.<\/p>\n\n\n\n<p>Dans le cadre de ses prestations Naturopathiques, et pour le suivi de ses clients, Marjorie Naud collecte les informations personnelles suivantes : <\/p>\n\n\n\n<ul class=\"wp-block-list\">\n<li>Nom,<\/li>\n\n\n\n<li>Pr\u00e9nom,<\/li>\n\n\n\n<li>Adresse postale,<\/li>\n\n\n\n<li>Mail<\/li>\n\n\n\n<li>T\u00e9l\u00e9phone,<\/li>\n\n\n\n<li>Coordonn\u00e9es bancaires<\/li>\n\n\n\n<li>Adresse IP<\/li>\n<\/ul>\n\n\n\n<p>Les traitements des donn\u00e9es effectu\u00e9es sont r\u00e9alis\u00e9s dans le respect du RGPD, dans les conditions suivantes :<\/p>\n\n\n\n<ul class=\"wp-block-list\">\n<li>Consentement de l&rsquo;utilisateur<\/li>\n\n\n\n<li>Traitement de la commande<\/li>\n\n\n\n<li>Les donn\u00e9es personnelles ne seront jamais vendues \u00e0 des tiers.<\/li>\n<\/ul>\n\n\n\n<p>Le responsable du traitement des donn\u00e9es est Marjorie Naud, joignable comme suit :<\/p>\n\n\n\n<ul class=\"wp-block-list\">\n<li>T\u00e9l\u00e9phone : 06 82 47 89 70<\/li>\n\n\n\n<li>Courriel : fleurdevivre17@gmail.com<\/li>\n\n\n\n<li>Adresse postale : 8 rue Terre Joie 17170 Cour\u00e7on<\/li>\n<\/ul>\n\n\n\n<p>Conform\u00e9ment \u00e0 la l\u00e9gislation en vigueur, le client poss\u00e8de :<\/p>\n\n\n\n<ul class=\"wp-block-list\">\n<li>Un droit d&rsquo;acc\u00e8s,<\/li>\n\n\n\n<li>Un droit de rectification<\/li>\n\n\n\n<li>Un droit \u00e0 l&rsquo;effacement<\/li>\n\n\n\n<li>Un droit \u00e0 la portabilit\u00e9 des donn\u00e9es<\/li>\n\n\n\n<li>Un droit \u00e0 la limitation et \u00e0 l&rsquo;opposition du traitement des donn\u00e9es<\/li>\n\n\n\n<li>Un droit \u00e0 saisir l&rsquo;autorit\u00e9 comp\u00e9tente la Commission Nationale de l&rsquo;information et des Libert\u00e9s https\/\/www.cnil.fr<\/li>\n<\/ul>\n\n\n\n<p>Pour exercer ses droits, le client pourra contacter Marjorie Naud \u00e0 l&rsquo;adresse mail suivante : fleurdevivre17@gmail.com en pr\u00e9cisant l&rsquo;objet de sa demande.<\/p>\n\n\n\n<p>La demande sera trait\u00e9 dans les 30 jours suivants la r\u00e9ception du courriel du client.<\/p>\n\n\n\n<p>Les donn\u00e9es seront gard\u00e9es maximum 2 ans. <\/p>\n\n\n\n<h2 class=\"wp-block-heading\">M\u00e9diateur \u00e0 la consommation<\/h2>\n\n\n\n<p><strong>Conform\u00e9ment aux articles&nbsp;<\/strong><a href=\"https:\/\/www.legifrance.gouv.fr\/affichCodeArticle.do?cidTexte=LEGITEXT000006069565&amp;idArticle=LEGIARTI000032224762\" target=\"_blank\" rel=\"noreferrer noopener\"><strong>L.616-1<\/strong><\/a><strong>&nbsp;et&nbsp;<\/strong><a href=\"https:\/\/www.legifrance.gouv.fr\/affichCodeArticle.do?cidTexte=LEGITEXT000006069565&amp;idArticle=LEGIARTI000032808378\" target=\"_blank\" rel=\"noreferrer noopener\"><strong>R.616-1<\/strong><\/a><strong>&nbsp;du code de la consommation, notre soci\u00e9t\u00e9 a mis en place un dispositif de m\u00e9diation de la consommation. L&rsquo;entit\u00e9 de m\u00e9diation retenue est : SAS CNPM &#8211; M\u00c9DIATION &#8211; CONSOMMATION. En cas de litige, le consommateur pourra d\u00e9poser sa r\u00e9clamation sur&nbsp;le site :&nbsp;<\/strong><\/p>\n\n\n\n<figure class=\"wp-block-embed\"><div class=\"wp-block-embed__wrapper\">\nhttps:\/\/www.cnpm-mediation-consommation.eu\/\n<\/div><\/figure>\n\n\n\n<p><strong>ou par voie postale en \u00e9crivant \u00e0<\/strong><\/p>\n\n\n\n<p><strong>CNPM M\u00c9DIATION CONSOMMATION<\/strong><\/p>\n\n\n\n<p><strong>27, avenue de la Lib\u00e9ration &#8211; 42400 SAINT-CHAMOND<\/strong><\/p>\n","protected":false},"excerpt":{"rendered":"<p>CGV et CGU CGV : Conditions g\u00e9n\u00e9rales de vente (avant la prestation) Art L 221-5 Code de la consommation Caract\u00e9ristiques essentielles de prestation : _ Tous les prix sont affich\u00e9s &hellip; <\/p>\n","protected":false},"author":1,"featured_media":348,"parent":0,"menu_order":0,"comment_status":"closed","ping_status":"closed","template":"","meta":{"footnotes":""},"class_list":["post-10","page","type-page","status-publish","has-post-thumbnail","hentry"],"yoast_head":"<!-- This site is optimized with the Yoast SEO plugin v22.1 - https:\/\/yoast.com\/wordpress\/plugins\/seo\/ -->\n<title>Mentions l\u00e9gales - Fleur de vivre<\/title>\n<meta name=\"description\" content=\"Mentions l\u00e9gales : CGV CGU; m\u00e9diateur \u00e0 la consommation ; mod\u00e8le de formulaire de r\u00e9tractation. RGPD et traitement des donn\u00e9es.\" \/>\n<meta name=\"robots\" content=\"index, follow, max-snippet:-1, max-image-preview:large, max-video-preview:-1\" \/>\n<link rel=\"canonical\" href=\"https:\/\/fleurdevivre.fr\/index.php\/mentions-legales\" \/>\n<meta property=\"og:locale\" content=\"fr_FR\" \/>\n<meta property=\"og:type\" content=\"article\" \/>\n<meta property=\"og:title\" content=\"Mentions l\u00e9gales - Fleur de vivre\" \/>\n<meta property=\"og:description\" content=\"Mentions l\u00e9gales : CGV CGU; m\u00e9diateur \u00e0 la consommation ; mod\u00e8le de formulaire de r\u00e9tractation. RGPD et traitement des donn\u00e9es.\" \/>\n<meta property=\"og:url\" content=\"https:\/\/fleurdevivre.fr\/index.php\/mentions-legales\" \/>\n<meta property=\"og:site_name\" content=\"Fleur de vivre\" \/>\n<meta property=\"article:publisher\" content=\"https:\/\/www.facebook.com\/profile.php?id=61553222831431\" \/>\n<meta property=\"article:modified_time\" content=\"2023-12-13T18:45:44+00:00\" \/>\n<meta property=\"og:image\" content=\"http:\/\/fleurdevivre.fr\/wp-content\/uploads\/2023\/12\/pexels-monstera-production-6373309-1-scaled.jpg\" \/>\n\t<meta property=\"og:image:width\" content=\"1707\" \/>\n\t<meta property=\"og:image:height\" content=\"2560\" \/>\n\t<meta property=\"og:image:type\" content=\"image\/jpeg\" \/>\n<meta name=\"twitter:card\" content=\"summary_large_image\" \/>\n<meta name=\"twitter:label1\" content=\"Dur\u00e9e de lecture estim\u00e9e\" \/>\n\t<meta name=\"twitter:data1\" content=\"5 minutes\" \/>\n<script type=\"application\/ld+json\" class=\"yoast-schema-graph\">{\"@context\":\"https:\/\/schema.org\",\"@graph\":[{\"@type\":\"WebPage\",\"@id\":\"https:\/\/fleurdevivre.fr\/index.php\/mentions-legales\",\"url\":\"https:\/\/fleurdevivre.fr\/index.php\/mentions-legales\",\"name\":\"Mentions l\u00e9gales - Fleur de vivre\",\"isPartOf\":{\"@id\":\"https:\/\/fleurdevivre.fr\/#website\"},\"datePublished\":\"2023-11-20T14:50:19+00:00\",\"dateModified\":\"2023-12-13T18:45:44+00:00\",\"description\":\"Mentions l\u00e9gales : CGV CGU; m\u00e9diateur \u00e0 la consommation ; mod\u00e8le de formulaire de r\u00e9tractation. RGPD et traitement des donn\u00e9es.\",\"breadcrumb\":{\"@id\":\"https:\/\/fleurdevivre.fr\/index.php\/mentions-legales#breadcrumb\"},\"inLanguage\":\"fr-FR\",\"potentialAction\":[{\"@type\":\"ReadAction\",\"target\":[\"https:\/\/fleurdevivre.fr\/index.php\/mentions-legales\"]}]},{\"@type\":\"BreadcrumbList\",\"@id\":\"https:\/\/fleurdevivre.fr\/index.php\/mentions-legales#breadcrumb\",\"itemListElement\":[{\"@type\":\"ListItem\",\"position\":1,\"name\":\"Accueil\",\"item\":\"https:\/\/fleurdevivre.fr\/\"},{\"@type\":\"ListItem\",\"position\":2,\"name\":\"Mentions l\u00e9gales\"}]},{\"@type\":\"WebSite\",\"@id\":\"https:\/\/fleurdevivre.fr\/#website\",\"url\":\"https:\/\/fleurdevivre.fr\/\",\"name\":\"Fleur de vivre\",\"description\":\"Vers l&#039;harmonisation de sa propre vie\",\"publisher\":{\"@id\":\"https:\/\/fleurdevivre.fr\/#organization\"},\"potentialAction\":[{\"@type\":\"SearchAction\",\"target\":{\"@type\":\"EntryPoint\",\"urlTemplate\":\"https:\/\/fleurdevivre.fr\/?s={search_term_string}\"},\"query-input\":\"required name=search_term_string\"}],\"inLanguage\":\"fr-FR\"},{\"@type\":\"Organization\",\"@id\":\"https:\/\/fleurdevivre.fr\/#organization\",\"name\":\"Fleur de vivre\",\"url\":\"https:\/\/fleurdevivre.fr\/\",\"logo\":{\"@type\":\"ImageObject\",\"inLanguage\":\"fr-FR\",\"@id\":\"https:\/\/fleurdevivre.fr\/#\/schema\/logo\/image\/\",\"url\":\"https:\/\/fleurdevivre.fr\/wp-content\/uploads\/2023\/12\/Capture-decran-2023-10-19-a-16.38.17.png\",\"contentUrl\":\"https:\/\/fleurdevivre.fr\/wp-content\/uploads\/2023\/12\/Capture-decran-2023-10-19-a-16.38.17.png\",\"width\":1784,\"height\":590,\"caption\":\"Fleur de vivre\"},\"image\":{\"@id\":\"https:\/\/fleurdevivre.fr\/#\/schema\/logo\/image\/\"},\"sameAs\":[\"https:\/\/www.facebook.com\/profile.php?id=61553222831431\"]}]}<\/script>\n<!-- \/ Yoast SEO plugin. -->","yoast_head_json":{"title":"Mentions l\u00e9gales - Fleur de vivre","description":"Mentions l\u00e9gales : CGV CGU; m\u00e9diateur \u00e0 la consommation ; mod\u00e8le de formulaire de r\u00e9tractation. RGPD et traitement des donn\u00e9es.","robots":{"index":"index","follow":"follow","max-snippet":"max-snippet:-1","max-image-preview":"max-image-preview:large","max-video-preview":"max-video-preview:-1"},"canonical":"https:\/\/fleurdevivre.fr\/index.php\/mentions-legales","og_locale":"fr_FR","og_type":"article","og_title":"Mentions l\u00e9gales - Fleur de vivre","og_description":"Mentions l\u00e9gales : CGV CGU; m\u00e9diateur \u00e0 la consommation ; mod\u00e8le de formulaire de r\u00e9tractation. RGPD et traitement des donn\u00e9es.","og_url":"https:\/\/fleurdevivre.fr\/index.php\/mentions-legales","og_site_name":"Fleur de vivre","article_publisher":"https:\/\/www.facebook.com\/profile.php?id=61553222831431","article_modified_time":"2023-12-13T18:45:44+00:00","og_image":[{"width":1707,"height":2560,"url":"http:\/\/fleurdevivre.fr\/wp-content\/uploads\/2023\/12\/pexels-monstera-production-6373309-1-scaled.jpg","type":"image\/jpeg"}],"twitter_card":"summary_large_image","twitter_misc":{"Dur\u00e9e de lecture estim\u00e9e":"5 minutes"},"schema":{"@context":"https:\/\/schema.org","@graph":[{"@type":"WebPage","@id":"https:\/\/fleurdevivre.fr\/index.php\/mentions-legales","url":"https:\/\/fleurdevivre.fr\/index.php\/mentions-legales","name":"Mentions l\u00e9gales - Fleur de vivre","isPartOf":{"@id":"https:\/\/fleurdevivre.fr\/#website"},"datePublished":"2023-11-20T14:50:19+00:00","dateModified":"2023-12-13T18:45:44+00:00","description":"Mentions l\u00e9gales : CGV CGU; m\u00e9diateur \u00e0 la consommation ; mod\u00e8le de formulaire de r\u00e9tractation. RGPD et traitement des donn\u00e9es.","breadcrumb":{"@id":"https:\/\/fleurdevivre.fr\/index.php\/mentions-legales#breadcrumb"},"inLanguage":"fr-FR","potentialAction":[{"@type":"ReadAction","target":["https:\/\/fleurdevivre.fr\/index.php\/mentions-legales"]}]},{"@type":"BreadcrumbList","@id":"https:\/\/fleurdevivre.fr\/index.php\/mentions-legales#breadcrumb","itemListElement":[{"@type":"ListItem","position":1,"name":"Accueil","item":"https:\/\/fleurdevivre.fr\/"},{"@type":"ListItem","position":2,"name":"Mentions l\u00e9gales"}]},{"@type":"WebSite","@id":"https:\/\/fleurdevivre.fr\/#website","url":"https:\/\/fleurdevivre.fr\/","name":"Fleur de vivre","description":"Vers l&#039;harmonisation de sa propre vie","publisher":{"@id":"https:\/\/fleurdevivre.fr\/#organization"},"potentialAction":[{"@type":"SearchAction","target":{"@type":"EntryPoint","urlTemplate":"https:\/\/fleurdevivre.fr\/?s={search_term_string}"},"query-input":"required name=search_term_string"}],"inLanguage":"fr-FR"},{"@type":"Organization","@id":"https:\/\/fleurdevivre.fr\/#organization","name":"Fleur de vivre","url":"https:\/\/fleurdevivre.fr\/","logo":{"@type":"ImageObject","inLanguage":"fr-FR","@id":"https:\/\/fleurdevivre.fr\/#\/schema\/logo\/image\/","url":"https:\/\/fleurdevivre.fr\/wp-content\/uploads\/2023\/12\/Capture-decran-2023-10-19-a-16.38.17.png","contentUrl":"https:\/\/fleurdevivre.fr\/wp-content\/uploads\/2023\/12\/Capture-decran-2023-10-19-a-16.38.17.png","width":1784,"height":590,"caption":"Fleur de vivre"},"image":{"@id":"https:\/\/fleurdevivre.fr\/#\/schema\/logo\/image\/"},"sameAs":["https:\/\/www.facebook.com\/profile.php?id=61553222831431"]}]}},"_links":{"self":[{"href":"https:\/\/fleurdevivre.fr\/index.php\/wp-json\/wp\/v2\/pages\/10","targetHints":{"allow":["GET"]}}],"collection":[{"href":"https:\/\/fleurdevivre.fr\/index.php\/wp-json\/wp\/v2\/pages"}],"about":[{"href":"https:\/\/fleurdevivre.fr\/index.php\/wp-json\/wp\/v2\/types\/page"}],"author":[{"embeddable":true,"href":"https:\/\/fleurdevivre.fr\/index.php\/wp-json\/wp\/v2\/users\/1"}],"replies":[{"embeddable":true,"href":"https:\/\/fleurdevivre.fr\/index.php\/wp-json\/wp\/v2\/comments?post=10"}],"version-history":[{"count":7,"href":"https:\/\/fleurdevivre.fr\/index.php\/wp-json\/wp\/v2\/pages\/10\/revisions"}],"predecessor-version":[{"id":547,"href":"https:\/\/fleurdevivre.fr\/index.php\/wp-json\/wp\/v2\/pages\/10\/revisions\/547"}],"wp:featuredmedia":[{"embeddable":true,"href":"https:\/\/fleurdevivre.fr\/index.php\/wp-json\/wp\/v2\/media\/348"}],"wp:attachment":[{"href":"https:\/\/fleurdevivre.fr\/index.php\/wp-json\/wp\/v2\/media?parent=10"}],"curies":[{"name":"wp","href":"https:\/\/api.w.org\/{rel}","templated":true}]}}