{"id":137,"date":"2023-12-03T20:08:55","date_gmt":"2023-12-03T19:08:55","guid":{"rendered":"https:\/\/fleurdevivre.fr\/?page_id=137"},"modified":"2023-12-12T21:17:08","modified_gmt":"2023-12-12T20:17:08","slug":"ateliers-de-fabrication","status":"publish","type":"page","link":"https:\/\/fleurdevivre.fr\/index.php\/evenements\/ateliers-de-fabrication","title":{"rendered":"Ateliers de fabrication"},"content":{"rendered":"\n<figure class=\"wp-block-image size-large is-resized\"><img loading=\"lazy\" decoding=\"async\" width=\"1024\" height=\"658\" src=\"https:\/\/fleurdevivre.fr\/wp-content\/uploads\/2023\/12\/pexels-photomix-company-105028-1-1024x658.jpg\" alt=\"\" class=\"wp-image-213\" style=\"width:375px;height:auto\" srcset=\"https:\/\/fleurdevivre.fr\/wp-content\/uploads\/2023\/12\/pexels-photomix-company-105028-1-1024x658.jpg 1024w, https:\/\/fleurdevivre.fr\/wp-content\/uploads\/2023\/12\/pexels-photomix-company-105028-1-300x193.jpg 300w, https:\/\/fleurdevivre.fr\/wp-content\/uploads\/2023\/12\/pexels-photomix-company-105028-1-768x494.jpg 768w, https:\/\/fleurdevivre.fr\/wp-content\/uploads\/2023\/12\/pexels-photomix-company-105028-1-1536x988.jpg 1536w, https:\/\/fleurdevivre.fr\/wp-content\/uploads\/2023\/12\/pexels-photomix-company-105028-1-2048x1317.jpg 2048w, https:\/\/fleurdevivre.fr\/wp-content\/uploads\/2023\/12\/pexels-photomix-company-105028-1-93x60.jpg 93w\" sizes=\"auto, (max-width: 1024px) 100vw, 1024px\" \/><\/figure>\n\n\n\n<p>Parce que la naturopathie peut \u00eatre vu comme un art de vivre, cela passe aussi par la fabrication maison pour ceux qui le souhaitent. Les ateliers de fabrication : Alimentaire, produits m\u00e9nagers, cosm\u00e9tiques, le DIY (Do It Yourself) se d\u00e9cline sous toutes les formes.<\/p>\n\n\n\n<p class=\"has-black-color has-text-color has-link-color wp-elements-b4039cf70c190c113ee92e23ebc6975c\"><strong>Les ateliers de fabrication<\/strong>&nbsp;: Ceux sont des ateliers pratiques alliant \u00e9change, conseils et fabrication. Dans le bien-\u00eatre, les possibilit\u00e9s de cr\u00e9ation sont vastes : pr\u00e9paration de baume, d\u2019huile de massage, d\u2019inhalateur, de stick. Tous sont adaptables. Une fois que vous aurez compris les principes de base, vous pourrez les d\u00e9cliner selon vos envies tout en faisant attention si vous y int\u00e9grer des huiles essentielles.<\/p>\n\n\n\n<p class=\"has-black-color has-text-color has-link-color wp-elements-b7092d5e0442172d38eb7388f8f67b5a\">Selon les activit\u00e9s, l&rsquo;atelier peut dur\u00e9e de 1h30 \u00e0 3h. Venez d\u00e9couvrir une pr\u00e9paration. Nous verrons ensemble les diff\u00e9rents composants, leurs utilit\u00e9s, comment les employer et les r\u00e8gles de s\u00e9curit\u00e9s. Vous repartirez avec votre fabrication du jour, sa recette et sa fiche explicative.<\/p>\n\n\n\n<ul class=\"wp-block-list\">\n<li>Baume type baume du tigre \/ celtic<\/li>\n\n\n\n<li>Baume de consoude<\/li>\n\n\n\n<li>Stick inhalateur sp\u00e9cial hiver<\/li>\n\n\n\n<li>Stick inhalateur sp\u00e9cial d\u00e9tente<\/li>\n\n\n\n<li>Baume \u00e0 l\u00e8vres<\/li>\n\n\n\n<li>Cr\u00e8me pour les mains<\/li>\n\n\n\n<li>Les pr\u00e9parations cosm\u00e9tiques du visage selon les types de peau. (Huiles et hydrolats)<\/li>\n\n\n\n<li>Faire son propre dentifrice.<\/li>\n\n\n\n<li>Faire son propre d\u00e9odorant selon ses besoins. <\/li>\n\n\n\n<li>Les gommages (corps et visage)<\/li>\n<\/ul>\n\n\n\n<p>Les tarifs varient selon les ateliers de fabrication : de 30 \u00e0 50\u20ac par personne. Groupe de 5 personnes. Les ingr\u00e9dients et le contenant vous seront fournis. N&rsquo;h\u00e9sitez pas \u00e0 me contacter pour plus d&rsquo;informations.<\/p>\n\n\n\n<p>Pour \u00eatre au courant des prochains ateliers par&nbsp;<a href=\"https:\/\/www.facebook.com\/profile.php?id=61553222831431\">ici<\/a>. Vous aimeriez faire un atelier sp\u00e9cifique mais vous ne le trouvez pas dans notre liste ? Pas de probl\u00e8me, \u00e9crivez nous par mail \u00e0 fleurdevivre17@gmail.com ou via la page Facebook, nous t\u00e2cherons de r\u00e9pondre au mieux \u00e0 votre demande.<\/p>\n\n\n\n<p>Vous d\u00e9sirez d\u00e9couvrir nos ateliers \/ conf\u00e9rences, allez <a href=\"https:\/\/fleurdevivre.fr\/index.php\/evenements\/ateliers-conference\">ici<\/a>.<\/p>\n","protected":false},"excerpt":{"rendered":"<p>Parce que la naturopathie peut \u00eatre vu comme un art de vivre, cela passe aussi par la fabrication maison pour ceux qui le souhaitent. Les ateliers de fabrication : Alimentaire, &hellip; <\/p>\n","protected":false},"author":1,"featured_media":138,"parent":51,"menu_order":2,"comment_status":"closed","ping_status":"closed","template":"","meta":{"footnotes":""},"class_list":["post-137","page","type-page","status-publish","has-post-thumbnail","hentry"],"yoast_head":"<!-- This site is optimized with the Yoast SEO plugin v22.1 - https:\/\/yoast.com\/wordpress\/plugins\/seo\/ -->\n<title>Ateliers de fabrication - Fleur de vivre<\/title>\n<meta name=\"description\" content=\"Les ateliers de fabrication : pr\u00e9paration d&#039;un baume, d&#039;une huile, d&#039;un stick. Format de 1h30, avec explications et conseils.\" \/>\n<meta name=\"robots\" content=\"index, follow, max-snippet:-1, max-image-preview:large, max-video-preview:-1\" \/>\n<link rel=\"canonical\" href=\"https:\/\/fleurdevivre.fr\/index.php\/evenements\/ateliers-de-fabrication\" \/>\n<meta property=\"og:locale\" content=\"fr_FR\" \/>\n<meta property=\"og:type\" content=\"article\" \/>\n<meta property=\"og:title\" content=\"Ateliers de fabrication - Fleur de vivre\" \/>\n<meta property=\"og:description\" content=\"Les ateliers de fabrication : pr\u00e9paration d&#039;un baume, d&#039;une huile, d&#039;un stick. Format de 1h30, avec explications et conseils.\" \/>\n<meta property=\"og:url\" content=\"https:\/\/fleurdevivre.fr\/index.php\/evenements\/ateliers-de-fabrication\" \/>\n<meta property=\"og:site_name\" content=\"Fleur de vivre\" \/>\n<meta property=\"article:publisher\" content=\"https:\/\/www.facebook.com\/profile.php?id=61553222831431\" \/>\n<meta property=\"article:modified_time\" content=\"2023-12-12T20:17:08+00:00\" \/>\n<meta property=\"og:image\" content=\"http:\/\/fleurdevivre.fr\/wp-content\/uploads\/2023\/12\/pexels-photomix-company-105028-scaled.jpg\" \/>\n\t<meta property=\"og:image:width\" content=\"2560\" \/>\n\t<meta property=\"og:image:height\" content=\"1709\" \/>\n\t<meta property=\"og:image:type\" content=\"image\/jpeg\" \/>\n<meta name=\"twitter:card\" content=\"summary_large_image\" \/>\n<meta name=\"twitter:label1\" content=\"Dur\u00e9e de lecture estim\u00e9e\" \/>\n\t<meta name=\"twitter:data1\" content=\"2 minutes\" \/>\n<script type=\"application\/ld+json\" class=\"yoast-schema-graph\">{\"@context\":\"https:\/\/schema.org\",\"@graph\":[{\"@type\":\"WebPage\",\"@id\":\"https:\/\/fleurdevivre.fr\/index.php\/evenements\/ateliers-de-fabrication\",\"url\":\"https:\/\/fleurdevivre.fr\/index.php\/evenements\/ateliers-de-fabrication\",\"name\":\"Ateliers de fabrication - Fleur de vivre\",\"isPartOf\":{\"@id\":\"https:\/\/fleurdevivre.fr\/#website\"},\"datePublished\":\"2023-12-03T19:08:55+00:00\",\"dateModified\":\"2023-12-12T20:17:08+00:00\",\"description\":\"Les ateliers de fabrication : pr\u00e9paration d'un baume, d'une huile, d'un stick. Format de 1h30, avec explications et conseils.\",\"breadcrumb\":{\"@id\":\"https:\/\/fleurdevivre.fr\/index.php\/evenements\/ateliers-de-fabrication#breadcrumb\"},\"inLanguage\":\"fr-FR\",\"potentialAction\":[{\"@type\":\"ReadAction\",\"target\":[\"https:\/\/fleurdevivre.fr\/index.php\/evenements\/ateliers-de-fabrication\"]}]},{\"@type\":\"BreadcrumbList\",\"@id\":\"https:\/\/fleurdevivre.fr\/index.php\/evenements\/ateliers-de-fabrication#breadcrumb\",\"itemListElement\":[{\"@type\":\"ListItem\",\"position\":1,\"name\":\"Accueil\",\"item\":\"https:\/\/fleurdevivre.fr\/\"},{\"@type\":\"ListItem\",\"position\":2,\"name\":\"Ateliers\",\"item\":\"https:\/\/fleurdevivre.fr\/index.php\/evenements\"},{\"@type\":\"ListItem\",\"position\":3,\"name\":\"Ateliers de fabrication\"}]},{\"@type\":\"WebSite\",\"@id\":\"https:\/\/fleurdevivre.fr\/#website\",\"url\":\"https:\/\/fleurdevivre.fr\/\",\"name\":\"Fleur de vivre\",\"description\":\"Vers l&#039;harmonisation de sa propre vie\",\"publisher\":{\"@id\":\"https:\/\/fleurdevivre.fr\/#organization\"},\"potentialAction\":[{\"@type\":\"SearchAction\",\"target\":{\"@type\":\"EntryPoint\",\"urlTemplate\":\"https:\/\/fleurdevivre.fr\/?s={search_term_string}\"},\"query-input\":\"required name=search_term_string\"}],\"inLanguage\":\"fr-FR\"},{\"@type\":\"Organization\",\"@id\":\"https:\/\/fleurdevivre.fr\/#organization\",\"name\":\"Fleur de vivre\",\"url\":\"https:\/\/fleurdevivre.fr\/\",\"logo\":{\"@type\":\"ImageObject\",\"inLanguage\":\"fr-FR\",\"@id\":\"https:\/\/fleurdevivre.fr\/#\/schema\/logo\/image\/\",\"url\":\"https:\/\/fleurdevivre.fr\/wp-content\/uploads\/2023\/12\/Capture-decran-2023-10-19-a-16.38.17.png\",\"contentUrl\":\"https:\/\/fleurdevivre.fr\/wp-content\/uploads\/2023\/12\/Capture-decran-2023-10-19-a-16.38.17.png\",\"width\":1784,\"height\":590,\"caption\":\"Fleur de vivre\"},\"image\":{\"@id\":\"https:\/\/fleurdevivre.fr\/#\/schema\/logo\/image\/\"},\"sameAs\":[\"https:\/\/www.facebook.com\/profile.php?id=61553222831431\"]}]}<\/script>\n<!-- \/ Yoast SEO plugin. -->","yoast_head_json":{"title":"Ateliers de fabrication - Fleur de vivre","description":"Les ateliers de fabrication : pr\u00e9paration d'un baume, d'une huile, d'un stick. Format de 1h30, avec explications et conseils.","robots":{"index":"index","follow":"follow","max-snippet":"max-snippet:-1","max-image-preview":"max-image-preview:large","max-video-preview":"max-video-preview:-1"},"canonical":"https:\/\/fleurdevivre.fr\/index.php\/evenements\/ateliers-de-fabrication","og_locale":"fr_FR","og_type":"article","og_title":"Ateliers de fabrication - Fleur de vivre","og_description":"Les ateliers de fabrication : pr\u00e9paration d'un baume, d'une huile, d'un stick. Format de 1h30, avec explications et conseils.","og_url":"https:\/\/fleurdevivre.fr\/index.php\/evenements\/ateliers-de-fabrication","og_site_name":"Fleur de vivre","article_publisher":"https:\/\/www.facebook.com\/profile.php?id=61553222831431","article_modified_time":"2023-12-12T20:17:08+00:00","og_image":[{"width":2560,"height":1709,"url":"http:\/\/fleurdevivre.fr\/wp-content\/uploads\/2023\/12\/pexels-photomix-company-105028-scaled.jpg","type":"image\/jpeg"}],"twitter_card":"summary_large_image","twitter_misc":{"Dur\u00e9e de lecture estim\u00e9e":"2 minutes"},"schema":{"@context":"https:\/\/schema.org","@graph":[{"@type":"WebPage","@id":"https:\/\/fleurdevivre.fr\/index.php\/evenements\/ateliers-de-fabrication","url":"https:\/\/fleurdevivre.fr\/index.php\/evenements\/ateliers-de-fabrication","name":"Ateliers de fabrication - Fleur de vivre","isPartOf":{"@id":"https:\/\/fleurdevivre.fr\/#website"},"datePublished":"2023-12-03T19:08:55+00:00","dateModified":"2023-12-12T20:17:08+00:00","description":"Les ateliers de fabrication : pr\u00e9paration d'un baume, d'une huile, d'un stick. Format de 1h30, avec explications et conseils.","breadcrumb":{"@id":"https:\/\/fleurdevivre.fr\/index.php\/evenements\/ateliers-de-fabrication#breadcrumb"},"inLanguage":"fr-FR","potentialAction":[{"@type":"ReadAction","target":["https:\/\/fleurdevivre.fr\/index.php\/evenements\/ateliers-de-fabrication"]}]},{"@type":"BreadcrumbList","@id":"https:\/\/fleurdevivre.fr\/index.php\/evenements\/ateliers-de-fabrication#breadcrumb","itemListElement":[{"@type":"ListItem","position":1,"name":"Accueil","item":"https:\/\/fleurdevivre.fr\/"},{"@type":"ListItem","position":2,"name":"Ateliers","item":"https:\/\/fleurdevivre.fr\/index.php\/evenements"},{"@type":"ListItem","position":3,"name":"Ateliers de fabrication"}]},{"@type":"WebSite","@id":"https:\/\/fleurdevivre.fr\/#website","url":"https:\/\/fleurdevivre.fr\/","name":"Fleur de vivre","description":"Vers l&#039;harmonisation de sa propre vie","publisher":{"@id":"https:\/\/fleurdevivre.fr\/#organization"},"potentialAction":[{"@type":"SearchAction","target":{"@type":"EntryPoint","urlTemplate":"https:\/\/fleurdevivre.fr\/?s={search_term_string}"},"query-input":"required name=search_term_string"}],"inLanguage":"fr-FR"},{"@type":"Organization","@id":"https:\/\/fleurdevivre.fr\/#organization","name":"Fleur de vivre","url":"https:\/\/fleurdevivre.fr\/","logo":{"@type":"ImageObject","inLanguage":"fr-FR","@id":"https:\/\/fleurdevivre.fr\/#\/schema\/logo\/image\/","url":"https:\/\/fleurdevivre.fr\/wp-content\/uploads\/2023\/12\/Capture-decran-2023-10-19-a-16.38.17.png","contentUrl":"https:\/\/fleurdevivre.fr\/wp-content\/uploads\/2023\/12\/Capture-decran-2023-10-19-a-16.38.17.png","width":1784,"height":590,"caption":"Fleur de vivre"},"image":{"@id":"https:\/\/fleurdevivre.fr\/#\/schema\/logo\/image\/"},"sameAs":["https:\/\/www.facebook.com\/profile.php?id=61553222831431"]}]}},"_links":{"self":[{"href":"https:\/\/fleurdevivre.fr\/index.php\/wp-json\/wp\/v2\/pages\/137","targetHints":{"allow":["GET"]}}],"collection":[{"href":"https:\/\/fleurdevivre.fr\/index.php\/wp-json\/wp\/v2\/pages"}],"about":[{"href":"https:\/\/fleurdevivre.fr\/index.php\/wp-json\/wp\/v2\/types\/page"}],"author":[{"embeddable":true,"href":"https:\/\/fleurdevivre.fr\/index.php\/wp-json\/wp\/v2\/users\/1"}],"replies":[{"embeddable":true,"href":"https:\/\/fleurdevivre.fr\/index.php\/wp-json\/wp\/v2\/comments?post=137"}],"version-history":[{"count":6,"href":"https:\/\/fleurdevivre.fr\/index.php\/wp-json\/wp\/v2\/pages\/137\/revisions"}],"predecessor-version":[{"id":427,"href":"https:\/\/fleurdevivre.fr\/index.php\/wp-json\/wp\/v2\/pages\/137\/revisions\/427"}],"up":[{"embeddable":true,"href":"https:\/\/fleurdevivre.fr\/index.php\/wp-json\/wp\/v2\/pages\/51"}],"wp:featuredmedia":[{"embeddable":true,"href":"https:\/\/fleurdevivre.fr\/index.php\/wp-json\/wp\/v2\/media\/138"}],"wp:attachment":[{"href":"https:\/\/fleurdevivre.fr\/index.php\/wp-json\/wp\/v2\/media?parent=137"}],"curies":[{"name":"wp","href":"https:\/\/api.w.org\/{rel}","templated":true}]}}