{"id":142,"date":"2023-12-01T21:54:04","date_gmt":"2023-12-01T20:54:04","guid":{"rendered":"https:\/\/fleurdevivre.fr\/?page_id=142"},"modified":"2023-12-12T21:17:40","modified_gmt":"2023-12-12T20:17:40","slug":"ateliers-conference","status":"publish","type":"page","link":"https:\/\/fleurdevivre.fr\/index.php\/evenements\/ateliers-conference","title":{"rendered":"Ateliers \/ Conf\u00e9rences"},"content":{"rendered":"\n<figure class=\"wp-block-image size-large is-resized\"><img loading=\"lazy\" decoding=\"async\" width=\"1024\" height=\"658\" src=\"https:\/\/fleurdevivre.fr\/wp-content\/uploads\/2023\/12\/pexels-jonathan-borba-5570224-2-1024x658.jpg\" alt=\"\" class=\"wp-image-215\" style=\"width:380px;height:auto\" srcset=\"https:\/\/fleurdevivre.fr\/wp-content\/uploads\/2023\/12\/pexels-jonathan-borba-5570224-2-1024x658.jpg 1024w, https:\/\/fleurdevivre.fr\/wp-content\/uploads\/2023\/12\/pexels-jonathan-borba-5570224-2-300x193.jpg 300w, https:\/\/fleurdevivre.fr\/wp-content\/uploads\/2023\/12\/pexels-jonathan-borba-5570224-2-768x494.jpg 768w, https:\/\/fleurdevivre.fr\/wp-content\/uploads\/2023\/12\/pexels-jonathan-borba-5570224-2-1536x987.jpg 1536w, https:\/\/fleurdevivre.fr\/wp-content\/uploads\/2023\/12\/pexels-jonathan-borba-5570224-2-2048x1316.jpg 2048w, https:\/\/fleurdevivre.fr\/wp-content\/uploads\/2023\/12\/pexels-jonathan-borba-5570224-2-93x60.jpg 93w\" sizes=\"auto, (max-width: 1024px) 100vw, 1024px\" \/><\/figure>\n\n\n\n<p>Parce que le naturopathe est un \u00e9ducateur de sant\u00e9. Son r\u00f4le est aussi dans le partage de son savoir, dans l&rsquo;\u00e9change et le questionnement. Les ateliers \/ conf\u00e9rences offrent alors un outil des plus int\u00e9ressant.<\/p>\n\n\n\n<p>Les possibilit\u00e9s de th\u00e8mes \u00e0 aborder sont infinies. D\u00e9couverte, pr\u00e9vention, mode d\u2019utilisation, pr\u00e9cautions, selon la saison : le programme est vari\u00e9 et pour tous les go\u00fbts. Ainsi, tous au long de l&rsquo;ann\u00e9e, je vous pr\u00e9sente diff\u00e9rents types d\u2019ateliers \/ conf\u00e9rences ; au Cocon de L\u00e9opold \u00e0 La Rochelle (programmation au fur \u00e0 mesure de l\u2019ann\u00e9e) ou chez vous entre amis, en famille.<\/p>\n\n\n\n<p><strong>Les ateliers \/ conf\u00e9rences&nbsp;<\/strong>: phytologie, aromatologie, fleurs de Bach, compl\u00e9ments alimentaires, pratiques naturelles, alimentaire. Pendant 1h30, venez d\u00e9couvrir ou red\u00e9couvrir un th\u00e8me sp\u00e9cifique. 1h d\u2019explications suivi de 30 minutes d\u2019\u00e9changes.<\/p>\n\n\n\n<p><\/p>\n\n\n\n<h2 class=\"wp-block-heading\"><strong>Alimentaire<\/strong> :<\/h2>\n\n\n\n<div class=\"wp-block-group is-nowrap is-layout-flex wp-container-core-group-is-layout-ad2f72ca wp-block-group-is-layout-flex\">\n<p>Les algues ; les graines germ\u00e9es ; les pro biotiques \/ pr\u00e9biotiques ; les prot\u00e9ines ; les superaliments ; les \u00e9pices ; les huiles ; le petit d\u00e9jeuner ; touche pas \u00e0 mon assiette : pas de r\u00e9gime mais un r\u00e9\u00e9quilibrage ; les alternatifs au lait ; les alternatifs au gluten.<\/p>\n\n\n\n<figure class=\"wp-block-image size-large\"><img loading=\"lazy\" decoding=\"async\" width=\"683\" height=\"1024\" src=\"http:\/\/fleurdevivre.fr\/wp-content\/uploads\/2023\/12\/alice-pasqual-59Kh3TAajg0-unsplash-683x1024.jpg\" alt=\"\" class=\"wp-image-383\" srcset=\"https:\/\/fleurdevivre.fr\/wp-content\/uploads\/2023\/12\/alice-pasqual-59Kh3TAajg0-unsplash-683x1024.jpg 683w, https:\/\/fleurdevivre.fr\/wp-content\/uploads\/2023\/12\/alice-pasqual-59Kh3TAajg0-unsplash-200x300.jpg 200w, https:\/\/fleurdevivre.fr\/wp-content\/uploads\/2023\/12\/alice-pasqual-59Kh3TAajg0-unsplash-768x1152.jpg 768w, https:\/\/fleurdevivre.fr\/wp-content\/uploads\/2023\/12\/alice-pasqual-59Kh3TAajg0-unsplash-1024x1536.jpg 1024w, https:\/\/fleurdevivre.fr\/wp-content\/uploads\/2023\/12\/alice-pasqual-59Kh3TAajg0-unsplash-1365x2048.jpg 1365w, https:\/\/fleurdevivre.fr\/wp-content\/uploads\/2023\/12\/alice-pasqual-59Kh3TAajg0-unsplash-40x60.jpg 40w, https:\/\/fleurdevivre.fr\/wp-content\/uploads\/2023\/12\/alice-pasqual-59Kh3TAajg0-unsplash-scaled.jpg 1707w\" sizes=\"auto, (max-width: 683px) 100vw, 683px\" \/><\/figure>\n<\/div>\n\n\n\n<p><\/p>\n\n\n\n<p><\/p>\n\n\n\n<h2 class=\"wp-block-heading\"><strong>Phyto \/ aroma<\/strong> :<\/h2>\n\n\n\n<div class=\"wp-block-group is-nowrap is-layout-flex wp-container-core-group-is-layout-ad2f72ca wp-block-group-is-layout-flex\">\n<p>Les huiles essentielles pr\u00e9cautions ; les huiles essentielles en hiver ; les tisanes : les bons gestes ; les huiles v\u00e9g\u00e9tales en cosm\u00e9tiques. <\/p>\n\n\n\n<figure class=\"wp-block-image size-large is-resized\"><img loading=\"lazy\" decoding=\"async\" width=\"1024\" height=\"683\" src=\"https:\/\/fleurdevivre.fr\/wp-content\/uploads\/2023\/12\/vue-dessus-herbes-medicinales-naturelles-bouteilles-1024x683.jpg\" alt=\"\" class=\"wp-image-384\" style=\"width:371px;height:auto\" srcset=\"https:\/\/fleurdevivre.fr\/wp-content\/uploads\/2023\/12\/vue-dessus-herbes-medicinales-naturelles-bouteilles-1024x683.jpg 1024w, https:\/\/fleurdevivre.fr\/wp-content\/uploads\/2023\/12\/vue-dessus-herbes-medicinales-naturelles-bouteilles-300x200.jpg 300w, https:\/\/fleurdevivre.fr\/wp-content\/uploads\/2023\/12\/vue-dessus-herbes-medicinales-naturelles-bouteilles-768x512.jpg 768w, https:\/\/fleurdevivre.fr\/wp-content\/uploads\/2023\/12\/vue-dessus-herbes-medicinales-naturelles-bouteilles-1536x1024.jpg 1536w, https:\/\/fleurdevivre.fr\/wp-content\/uploads\/2023\/12\/vue-dessus-herbes-medicinales-naturelles-bouteilles-2048x1365.jpg 2048w, https:\/\/fleurdevivre.fr\/wp-content\/uploads\/2023\/12\/vue-dessus-herbes-medicinales-naturelles-bouteilles-90x60.jpg 90w, https:\/\/fleurdevivre.fr\/wp-content\/uploads\/2023\/12\/vue-dessus-herbes-medicinales-naturelles-bouteilles-370x247.jpg 370w, https:\/\/fleurdevivre.fr\/wp-content\/uploads\/2023\/12\/vue-dessus-herbes-medicinales-naturelles-bouteilles-776x517.jpg 776w\" sizes=\"auto, (max-width: 1024px) 100vw, 1024px\" \/><\/figure>\n<\/div>\n\n\n\n<p><\/p>\n\n\n\n<h2 class=\"wp-block-heading\"><strong>Naturopathie<\/strong> :<\/h2>\n\n\n\n<div class=\"wp-block-group is-nowrap is-layout-flex wp-container-core-group-is-layout-ad2f72ca wp-block-group-is-layout-flex\">\n<p><strong>Les bases<\/strong> : Les 7 piliers de la sant\u00e9 ; Mieux se comprendre pour mieux prendre soin de soi ; je traverse l&rsquo;hivers sereinement ; printemps et grand nettoyage ; le rythme biologique. <\/p>\n\n\n\n<p><strong>Le syst\u00e8me digestif <\/strong>: Mon alli\u00e9 \u00e0 soutenir le foie ; J&rsquo;entretiens mes intestins.<\/p>\n\n\n\n<p><strong>Le cerveau<\/strong> : j&rsquo;apprivoise mon stress ; \u00e0 la recherche d&rsquo;un meilleur sommeil ; le chamboule-tout des \u00e9motions ; A bas la fatigue.<\/p>\n\n\n\n<figure class=\"wp-block-image size-large\"><img loading=\"lazy\" decoding=\"async\" width=\"1024\" height=\"684\" src=\"http:\/\/fleurdevivre.fr\/wp-content\/uploads\/2023\/12\/chuttersnap-UmncJq4KPcA-unsplash-1024x684.jpg\" alt=\"\" class=\"wp-image-385\" srcset=\"https:\/\/fleurdevivre.fr\/wp-content\/uploads\/2023\/12\/chuttersnap-UmncJq4KPcA-unsplash-1024x684.jpg 1024w, https:\/\/fleurdevivre.fr\/wp-content\/uploads\/2023\/12\/chuttersnap-UmncJq4KPcA-unsplash-300x200.jpg 300w, https:\/\/fleurdevivre.fr\/wp-content\/uploads\/2023\/12\/chuttersnap-UmncJq4KPcA-unsplash-768x513.jpg 768w, https:\/\/fleurdevivre.fr\/wp-content\/uploads\/2023\/12\/chuttersnap-UmncJq4KPcA-unsplash-1536x1025.jpg 1536w, https:\/\/fleurdevivre.fr\/wp-content\/uploads\/2023\/12\/chuttersnap-UmncJq4KPcA-unsplash-2048x1367.jpg 2048w, https:\/\/fleurdevivre.fr\/wp-content\/uploads\/2023\/12\/chuttersnap-UmncJq4KPcA-unsplash-90x60.jpg 90w, https:\/\/fleurdevivre.fr\/wp-content\/uploads\/2023\/12\/chuttersnap-UmncJq4KPcA-unsplash-370x247.jpg 370w, https:\/\/fleurdevivre.fr\/wp-content\/uploads\/2023\/12\/chuttersnap-UmncJq4KPcA-unsplash-776x517.jpg 776w\" sizes=\"auto, (max-width: 1024px) 100vw, 1024px\" \/><\/figure>\n<\/div>\n\n\n\n<p><\/p>\n\n\n\n<p><\/p>\n\n\n\n<p><\/p>\n\n\n\n<h2 class=\"wp-block-heading\"><strong>Compl\u00e9ments et pratiques<\/strong> :<\/h2>\n\n\n\n<div class=\"wp-block-group is-nowrap is-layout-flex wp-container-core-group-is-layout-ad2f72ca wp-block-group-is-layout-flex\">\n<p>L&rsquo;argile ; l&rsquo;eau et ses bienfaits ; les fleur de Bach ; la respiration<\/p>\n\n\n\n<figure class=\"wp-block-image size-large is-resized\"><img loading=\"lazy\" decoding=\"async\" width=\"1024\" height=\"683\" src=\"https:\/\/fleurdevivre.fr\/wp-content\/uploads\/2023\/12\/daiga-ellaby-YnNczu62rdk-unsplash-1024x683.jpg\" alt=\"\" class=\"wp-image-386\" style=\"width:364px;height:auto\" srcset=\"https:\/\/fleurdevivre.fr\/wp-content\/uploads\/2023\/12\/daiga-ellaby-YnNczu62rdk-unsplash-1024x683.jpg 1024w, https:\/\/fleurdevivre.fr\/wp-content\/uploads\/2023\/12\/daiga-ellaby-YnNczu62rdk-unsplash-300x200.jpg 300w, https:\/\/fleurdevivre.fr\/wp-content\/uploads\/2023\/12\/daiga-ellaby-YnNczu62rdk-unsplash-768x512.jpg 768w, https:\/\/fleurdevivre.fr\/wp-content\/uploads\/2023\/12\/daiga-ellaby-YnNczu62rdk-unsplash-1536x1024.jpg 1536w, https:\/\/fleurdevivre.fr\/wp-content\/uploads\/2023\/12\/daiga-ellaby-YnNczu62rdk-unsplash-2048x1365.jpg 2048w, https:\/\/fleurdevivre.fr\/wp-content\/uploads\/2023\/12\/daiga-ellaby-YnNczu62rdk-unsplash-90x60.jpg 90w, https:\/\/fleurdevivre.fr\/wp-content\/uploads\/2023\/12\/daiga-ellaby-YnNczu62rdk-unsplash-370x247.jpg 370w, https:\/\/fleurdevivre.fr\/wp-content\/uploads\/2023\/12\/daiga-ellaby-YnNczu62rdk-unsplash-776x517.jpg 776w\" sizes=\"auto, (max-width: 1024px) 100vw, 1024px\" \/><\/figure>\n<\/div>\n\n\n\n<p><\/p>\n\n\n\n<p><\/p>\n\n\n\n<p>Les ateliers \/ conf\u00e9rences sont au tarif de 75\u20ac pour un groupe de 5 personnes. Vous repartirez avec une fiche explicative sur le th\u00e8me abord\u00e9.<\/p>\n\n\n\n<p>Pour \u00eatre au courant des prochains ateliers par&nbsp;<a href=\"https:\/\/www.facebook.com\/profile.php?id=61553222831431\">ici<\/a>. Vous aimeriez faire un atelier sp\u00e9cifique mais vous ne le trouvez pas dans notre liste ? Pas de probl\u00e8me, \u00e9crivez nous par mail \u00e0 fleurdevivre17@gmail.com ou via la page Facebook, nous t\u00e2cherons de r\u00e9pondre au mieux \u00e0 votre demande.<\/p>\n\n\n\n<p>Vous d\u00e9sirez d\u00e9couvrir nos ateliers de fabrication, allez&nbsp;<a href=\"https:\/\/fleurdevivre.fr\/index.php\/evenements\/ateliers-de-fabrication\">ici<\/a>.<\/p>\n","protected":false},"excerpt":{"rendered":"<p>Parce que le naturopathe est un \u00e9ducateur de sant\u00e9. Son r\u00f4le est aussi dans le partage de son savoir, dans l&rsquo;\u00e9change et le questionnement. Les ateliers \/ conf\u00e9rences offrent alors &hellip; <\/p>\n","protected":false},"author":1,"featured_media":143,"parent":51,"menu_order":2,"comment_status":"closed","ping_status":"closed","template":"","meta":{"footnotes":""},"class_list":["post-142","page","type-page","status-publish","has-post-thumbnail","hentry"],"yoast_head":"<!-- This site is optimized with the Yoast SEO plugin v22.1 - https:\/\/yoast.com\/wordpress\/plugins\/seo\/ -->\n<title>Ateliers \/ Conf\u00e9rences - Fleur de vivre<\/title>\n<meta name=\"description\" content=\"Les ateliers \/ conf\u00e9rences : 1h30, venez d\u00e9couvrir ou red\u00e9couvrir un th\u00e8me sp\u00e9cifique li\u00e9 \u00e0 la naturopathie. Phytologie, aroma, compl\u00e9ments ..\" \/>\n<meta name=\"robots\" content=\"index, follow, max-snippet:-1, max-image-preview:large, max-video-preview:-1\" \/>\n<link rel=\"canonical\" href=\"https:\/\/fleurdevivre.fr\/index.php\/evenements\/ateliers-conference\" \/>\n<meta property=\"og:locale\" content=\"fr_FR\" \/>\n<meta property=\"og:type\" content=\"article\" \/>\n<meta property=\"og:title\" content=\"Ateliers \/ Conf\u00e9rences - Fleur de vivre\" \/>\n<meta property=\"og:description\" content=\"Les ateliers \/ conf\u00e9rences : 1h30, venez d\u00e9couvrir ou red\u00e9couvrir un th\u00e8me sp\u00e9cifique li\u00e9 \u00e0 la naturopathie. Phytologie, aroma, compl\u00e9ments ..\" \/>\n<meta property=\"og:url\" content=\"https:\/\/fleurdevivre.fr\/index.php\/evenements\/ateliers-conference\" \/>\n<meta property=\"og:site_name\" content=\"Fleur de vivre\" \/>\n<meta property=\"article:publisher\" content=\"https:\/\/www.facebook.com\/profile.php?id=61553222831431\" \/>\n<meta property=\"article:modified_time\" content=\"2023-12-12T20:17:40+00:00\" \/>\n<meta property=\"og:image\" content=\"http:\/\/fleurdevivre.fr\/wp-content\/uploads\/2023\/12\/pexels-jonathan-borba-5570224-scaled.jpg\" \/>\n\t<meta property=\"og:image:width\" content=\"1707\" \/>\n\t<meta property=\"og:image:height\" content=\"2560\" \/>\n\t<meta property=\"og:image:type\" content=\"image\/jpeg\" \/>\n<meta name=\"twitter:card\" content=\"summary_large_image\" \/>\n<meta name=\"twitter:label1\" content=\"Dur\u00e9e de lecture estim\u00e9e\" \/>\n\t<meta name=\"twitter:data1\" content=\"3 minutes\" \/>\n<script type=\"application\/ld+json\" class=\"yoast-schema-graph\">{\"@context\":\"https:\/\/schema.org\",\"@graph\":[{\"@type\":\"WebPage\",\"@id\":\"https:\/\/fleurdevivre.fr\/index.php\/evenements\/ateliers-conference\",\"url\":\"https:\/\/fleurdevivre.fr\/index.php\/evenements\/ateliers-conference\",\"name\":\"Ateliers \/ Conf\u00e9rences - Fleur de vivre\",\"isPartOf\":{\"@id\":\"https:\/\/fleurdevivre.fr\/#website\"},\"datePublished\":\"2023-12-01T20:54:04+00:00\",\"dateModified\":\"2023-12-12T20:17:40+00:00\",\"description\":\"Les ateliers \/ conf\u00e9rences : 1h30, venez d\u00e9couvrir ou red\u00e9couvrir un th\u00e8me sp\u00e9cifique li\u00e9 \u00e0 la naturopathie. Phytologie, aroma, compl\u00e9ments ..\",\"breadcrumb\":{\"@id\":\"https:\/\/fleurdevivre.fr\/index.php\/evenements\/ateliers-conference#breadcrumb\"},\"inLanguage\":\"fr-FR\",\"potentialAction\":[{\"@type\":\"ReadAction\",\"target\":[\"https:\/\/fleurdevivre.fr\/index.php\/evenements\/ateliers-conference\"]}]},{\"@type\":\"BreadcrumbList\",\"@id\":\"https:\/\/fleurdevivre.fr\/index.php\/evenements\/ateliers-conference#breadcrumb\",\"itemListElement\":[{\"@type\":\"ListItem\",\"position\":1,\"name\":\"Accueil\",\"item\":\"https:\/\/fleurdevivre.fr\/\"},{\"@type\":\"ListItem\",\"position\":2,\"name\":\"Ateliers\",\"item\":\"https:\/\/fleurdevivre.fr\/index.php\/evenements\"},{\"@type\":\"ListItem\",\"position\":3,\"name\":\"Ateliers \/ Conf\u00e9rences\"}]},{\"@type\":\"WebSite\",\"@id\":\"https:\/\/fleurdevivre.fr\/#website\",\"url\":\"https:\/\/fleurdevivre.fr\/\",\"name\":\"Fleur de vivre\",\"description\":\"Vers l&#039;harmonisation de sa propre vie\",\"publisher\":{\"@id\":\"https:\/\/fleurdevivre.fr\/#organization\"},\"potentialAction\":[{\"@type\":\"SearchAction\",\"target\":{\"@type\":\"EntryPoint\",\"urlTemplate\":\"https:\/\/fleurdevivre.fr\/?s={search_term_string}\"},\"query-input\":\"required name=search_term_string\"}],\"inLanguage\":\"fr-FR\"},{\"@type\":\"Organization\",\"@id\":\"https:\/\/fleurdevivre.fr\/#organization\",\"name\":\"Fleur de vivre\",\"url\":\"https:\/\/fleurdevivre.fr\/\",\"logo\":{\"@type\":\"ImageObject\",\"inLanguage\":\"fr-FR\",\"@id\":\"https:\/\/fleurdevivre.fr\/#\/schema\/logo\/image\/\",\"url\":\"https:\/\/fleurdevivre.fr\/wp-content\/uploads\/2023\/12\/Capture-decran-2023-10-19-a-16.38.17.png\",\"contentUrl\":\"https:\/\/fleurdevivre.fr\/wp-content\/uploads\/2023\/12\/Capture-decran-2023-10-19-a-16.38.17.png\",\"width\":1784,\"height\":590,\"caption\":\"Fleur de vivre\"},\"image\":{\"@id\":\"https:\/\/fleurdevivre.fr\/#\/schema\/logo\/image\/\"},\"sameAs\":[\"https:\/\/www.facebook.com\/profile.php?id=61553222831431\"]}]}<\/script>\n<!-- \/ Yoast SEO plugin. -->","yoast_head_json":{"title":"Ateliers \/ Conf\u00e9rences - Fleur de vivre","description":"Les ateliers \/ conf\u00e9rences : 1h30, venez d\u00e9couvrir ou red\u00e9couvrir un th\u00e8me sp\u00e9cifique li\u00e9 \u00e0 la naturopathie. Phytologie, aroma, compl\u00e9ments ..","robots":{"index":"index","follow":"follow","max-snippet":"max-snippet:-1","max-image-preview":"max-image-preview:large","max-video-preview":"max-video-preview:-1"},"canonical":"https:\/\/fleurdevivre.fr\/index.php\/evenements\/ateliers-conference","og_locale":"fr_FR","og_type":"article","og_title":"Ateliers \/ Conf\u00e9rences - Fleur de vivre","og_description":"Les ateliers \/ conf\u00e9rences : 1h30, venez d\u00e9couvrir ou red\u00e9couvrir un th\u00e8me sp\u00e9cifique li\u00e9 \u00e0 la naturopathie. Phytologie, aroma, compl\u00e9ments ..","og_url":"https:\/\/fleurdevivre.fr\/index.php\/evenements\/ateliers-conference","og_site_name":"Fleur de vivre","article_publisher":"https:\/\/www.facebook.com\/profile.php?id=61553222831431","article_modified_time":"2023-12-12T20:17:40+00:00","og_image":[{"width":1707,"height":2560,"url":"http:\/\/fleurdevivre.fr\/wp-content\/uploads\/2023\/12\/pexels-jonathan-borba-5570224-scaled.jpg","type":"image\/jpeg"}],"twitter_card":"summary_large_image","twitter_misc":{"Dur\u00e9e de lecture estim\u00e9e":"3 minutes"},"schema":{"@context":"https:\/\/schema.org","@graph":[{"@type":"WebPage","@id":"https:\/\/fleurdevivre.fr\/index.php\/evenements\/ateliers-conference","url":"https:\/\/fleurdevivre.fr\/index.php\/evenements\/ateliers-conference","name":"Ateliers \/ Conf\u00e9rences - Fleur de vivre","isPartOf":{"@id":"https:\/\/fleurdevivre.fr\/#website"},"datePublished":"2023-12-01T20:54:04+00:00","dateModified":"2023-12-12T20:17:40+00:00","description":"Les ateliers \/ conf\u00e9rences : 1h30, venez d\u00e9couvrir ou red\u00e9couvrir un th\u00e8me sp\u00e9cifique li\u00e9 \u00e0 la naturopathie. Phytologie, aroma, compl\u00e9ments ..","breadcrumb":{"@id":"https:\/\/fleurdevivre.fr\/index.php\/evenements\/ateliers-conference#breadcrumb"},"inLanguage":"fr-FR","potentialAction":[{"@type":"ReadAction","target":["https:\/\/fleurdevivre.fr\/index.php\/evenements\/ateliers-conference"]}]},{"@type":"BreadcrumbList","@id":"https:\/\/fleurdevivre.fr\/index.php\/evenements\/ateliers-conference#breadcrumb","itemListElement":[{"@type":"ListItem","position":1,"name":"Accueil","item":"https:\/\/fleurdevivre.fr\/"},{"@type":"ListItem","position":2,"name":"Ateliers","item":"https:\/\/fleurdevivre.fr\/index.php\/evenements"},{"@type":"ListItem","position":3,"name":"Ateliers \/ Conf\u00e9rences"}]},{"@type":"WebSite","@id":"https:\/\/fleurdevivre.fr\/#website","url":"https:\/\/fleurdevivre.fr\/","name":"Fleur de vivre","description":"Vers l&#039;harmonisation de sa propre vie","publisher":{"@id":"https:\/\/fleurdevivre.fr\/#organization"},"potentialAction":[{"@type":"SearchAction","target":{"@type":"EntryPoint","urlTemplate":"https:\/\/fleurdevivre.fr\/?s={search_term_string}"},"query-input":"required name=search_term_string"}],"inLanguage":"fr-FR"},{"@type":"Organization","@id":"https:\/\/fleurdevivre.fr\/#organization","name":"Fleur de vivre","url":"https:\/\/fleurdevivre.fr\/","logo":{"@type":"ImageObject","inLanguage":"fr-FR","@id":"https:\/\/fleurdevivre.fr\/#\/schema\/logo\/image\/","url":"https:\/\/fleurdevivre.fr\/wp-content\/uploads\/2023\/12\/Capture-decran-2023-10-19-a-16.38.17.png","contentUrl":"https:\/\/fleurdevivre.fr\/wp-content\/uploads\/2023\/12\/Capture-decran-2023-10-19-a-16.38.17.png","width":1784,"height":590,"caption":"Fleur de vivre"},"image":{"@id":"https:\/\/fleurdevivre.fr\/#\/schema\/logo\/image\/"},"sameAs":["https:\/\/www.facebook.com\/profile.php?id=61553222831431"]}]}},"_links":{"self":[{"href":"https:\/\/fleurdevivre.fr\/index.php\/wp-json\/wp\/v2\/pages\/142","targetHints":{"allow":["GET"]}}],"collection":[{"href":"https:\/\/fleurdevivre.fr\/index.php\/wp-json\/wp\/v2\/pages"}],"about":[{"href":"https:\/\/fleurdevivre.fr\/index.php\/wp-json\/wp\/v2\/types\/page"}],"author":[{"embeddable":true,"href":"https:\/\/fleurdevivre.fr\/index.php\/wp-json\/wp\/v2\/users\/1"}],"replies":[{"embeddable":true,"href":"https:\/\/fleurdevivre.fr\/index.php\/wp-json\/wp\/v2\/comments?post=142"}],"version-history":[{"count":10,"href":"https:\/\/fleurdevivre.fr\/index.php\/wp-json\/wp\/v2\/pages\/142\/revisions"}],"predecessor-version":[{"id":428,"href":"https:\/\/fleurdevivre.fr\/index.php\/wp-json\/wp\/v2\/pages\/142\/revisions\/428"}],"up":[{"embeddable":true,"href":"https:\/\/fleurdevivre.fr\/index.php\/wp-json\/wp\/v2\/pages\/51"}],"wp:featuredmedia":[{"embeddable":true,"href":"https:\/\/fleurdevivre.fr\/index.php\/wp-json\/wp\/v2\/media\/143"}],"wp:attachment":[{"href":"https:\/\/fleurdevivre.fr\/index.php\/wp-json\/wp\/v2\/media?parent=142"}],"curies":[{"name":"wp","href":"https:\/\/api.w.org\/{rel}","templated":true}]}}