{"id":190,"date":"2023-12-03T22:52:06","date_gmt":"2023-12-03T21:52:06","guid":{"rendered":"https:\/\/fleurdevivre.fr\/?page_id=190"},"modified":"2025-02-05T12:43:01","modified_gmt":"2025-02-05T11:43:01","slug":"en-cabinet-2","status":"publish","type":"page","link":"https:\/\/fleurdevivre.fr\/index.php\/reservations\/en-cabinet-2","title":{"rendered":"En cabinet"},"content":{"rendered":"\n<p>Vous \u00eates sur <strong>La Rochelle et ses alentours<\/strong>, et vous souhaitez d\u00e9couvrir nos offres ? Pas de souci, je vous accueille d\u00e9sormais \u00e0\u00a0<strong>Cour\u00e7on<\/strong>.<\/p>\n\n\n\n<figure class=\"wp-block-image size-large is-resized\"><img loading=\"lazy\" decoding=\"async\" width=\"1024\" height=\"654\" src=\"https:\/\/fleurdevivre.fr\/wp-content\/uploads\/2023\/12\/pexels-ylanite-koppens-796602-1-1024x654.jpg\" alt=\"image d\u00e9corative cabinet\" class=\"wp-image-192\" style=\"width:461px;height:auto\" srcset=\"https:\/\/fleurdevivre.fr\/wp-content\/uploads\/2023\/12\/pexels-ylanite-koppens-796602-1-1024x654.jpg 1024w, https:\/\/fleurdevivre.fr\/wp-content\/uploads\/2023\/12\/pexels-ylanite-koppens-796602-1-300x192.jpg 300w, https:\/\/fleurdevivre.fr\/wp-content\/uploads\/2023\/12\/pexels-ylanite-koppens-796602-1-768x491.jpg 768w, https:\/\/fleurdevivre.fr\/wp-content\/uploads\/2023\/12\/pexels-ylanite-koppens-796602-1-1536x981.jpg 1536w, https:\/\/fleurdevivre.fr\/wp-content\/uploads\/2023\/12\/pexels-ylanite-koppens-796602-1-2048x1308.jpg 2048w, https:\/\/fleurdevivre.fr\/wp-content\/uploads\/2023\/12\/pexels-ylanite-koppens-796602-1-94x60.jpg 94w\" sizes=\"auto, (max-width: 1024px) 100vw, 1024px\" \/><\/figure>\n\n\n\n<p><\/p>\n\n\n\n<p><strong>Vous pouvez me retrouver\u00a0en cabinet\u00a0\u00e0 Cour\u00e7on du lundi au vendredi sur RDV<\/strong>.<\/p>\n\n\n\n<p style=\"text-decoration:underline\"><\/p>\n\n\n\n<p>Pour toute r\u00e9servation, merci de me contacter au 06 82 47 89 70 ou par mail : fleurdevivre17@gmail.com.<\/p>\n\n\n\n<p>R\u00e9glement par ch\u00e8que ou esp\u00e8ces.<\/p>\n\n\n\n<p><\/p>\n\n\n\n<p>Vous pr\u00e9f\u00e9rez un d\u00e9placement \u00e0 domicile, regardez par <a href=\"https:\/\/fleurdevivre.fr\/index.php\/reservations\/a-domicile\">l\u00e0<\/a> les conditions.<\/p>\n\n\n\n<p>Pour d\u00e9couvrir L\u00e9opold : magasin bio \u00e0 La Rochelle c\u2019est&nbsp;<a href=\"https:\/\/www.leopold.fr\/les-magasins\/3\">ici<\/a>. Ou le Cocon, l\u2019institut bien \u00eatre du magasin L\u00e9opold, c\u2019est&nbsp;<a href=\"https:\/\/www.planity.com\/le-cocon-17138-puilboreau\">ici<\/a>.<\/p>\n","protected":false},"excerpt":{"rendered":"<p>Vous \u00eates sur La Rochelle et ses alentours, et vous souhaitez d\u00e9couvrir nos offres ? Pas de souci, je vous accueille d\u00e9sormais \u00e0\u00a0Cour\u00e7on. Vous pouvez me retrouver\u00a0en cabinet\u00a0\u00e0 Cour\u00e7on du &hellip; <\/p>\n","protected":false},"author":1,"featured_media":334,"parent":53,"menu_order":2,"comment_status":"closed","ping_status":"closed","template":"","meta":{"footnotes":""},"class_list":["post-190","page","type-page","status-publish","has-post-thumbnail","hentry"],"yoast_head":"<!-- This site is optimized with the Yoast SEO plugin v22.1 - https:\/\/yoast.com\/wordpress\/plugins\/seo\/ -->\n<title>En cabinet - Fleur de vivre<\/title>\n<meta name=\"description\" content=\"En cabinet : Vous \u00eates sur La Rochelle, et vous souhaitez d\u00e9couvrir nos offres ? Pas de soucis, retrouvez nous sur Puilboreau, en cabinet\" \/>\n<meta name=\"robots\" content=\"index, follow, max-snippet:-1, max-image-preview:large, max-video-preview:-1\" \/>\n<link rel=\"canonical\" href=\"https:\/\/fleurdevivre.fr\/index.php\/reservations\/en-cabinet-2\" \/>\n<meta property=\"og:locale\" content=\"fr_FR\" \/>\n<meta property=\"og:type\" content=\"article\" \/>\n<meta property=\"og:title\" content=\"En cabinet - Fleur de vivre\" \/>\n<meta property=\"og:description\" content=\"En cabinet : Vous \u00eates sur La Rochelle, et vous souhaitez d\u00e9couvrir nos offres ? Pas de soucis, retrouvez nous sur Puilboreau, en cabinet\" \/>\n<meta property=\"og:url\" content=\"https:\/\/fleurdevivre.fr\/index.php\/reservations\/en-cabinet-2\" \/>\n<meta property=\"og:site_name\" content=\"Fleur de vivre\" \/>\n<meta property=\"article:publisher\" content=\"https:\/\/www.facebook.com\/profile.php?id=61553222831431\" \/>\n<meta property=\"article:modified_time\" content=\"2025-02-05T11:43:01+00:00\" \/>\n<meta property=\"og:image\" content=\"http:\/\/fleurdevivre.fr\/wp-content\/uploads\/2023\/12\/pexels-ylanite-koppens-796602-2-scaled.jpg\" \/>\n\t<meta property=\"og:image:width\" content=\"2560\" \/>\n\t<meta property=\"og:image:height\" content=\"1636\" \/>\n\t<meta property=\"og:image:type\" content=\"image\/jpeg\" \/>\n<meta name=\"twitter:card\" content=\"summary_large_image\" \/>\n<meta name=\"twitter:label1\" content=\"Dur\u00e9e de lecture estim\u00e9e\" \/>\n\t<meta name=\"twitter:data1\" content=\"1 minute\" \/>\n<script type=\"application\/ld+json\" class=\"yoast-schema-graph\">{\"@context\":\"https:\/\/schema.org\",\"@graph\":[{\"@type\":\"WebPage\",\"@id\":\"https:\/\/fleurdevivre.fr\/index.php\/reservations\/en-cabinet-2\",\"url\":\"https:\/\/fleurdevivre.fr\/index.php\/reservations\/en-cabinet-2\",\"name\":\"En cabinet - Fleur de vivre\",\"isPartOf\":{\"@id\":\"https:\/\/fleurdevivre.fr\/#website\"},\"datePublished\":\"2023-12-03T21:52:06+00:00\",\"dateModified\":\"2025-02-05T11:43:01+00:00\",\"description\":\"En cabinet : Vous \u00eates sur La Rochelle, et vous souhaitez d\u00e9couvrir nos offres ? Pas de soucis, retrouvez nous sur Puilboreau, en cabinet\",\"breadcrumb\":{\"@id\":\"https:\/\/fleurdevivre.fr\/index.php\/reservations\/en-cabinet-2#breadcrumb\"},\"inLanguage\":\"fr-FR\",\"potentialAction\":[{\"@type\":\"ReadAction\",\"target\":[\"https:\/\/fleurdevivre.fr\/index.php\/reservations\/en-cabinet-2\"]}]},{\"@type\":\"BreadcrumbList\",\"@id\":\"https:\/\/fleurdevivre.fr\/index.php\/reservations\/en-cabinet-2#breadcrumb\",\"itemListElement\":[{\"@type\":\"ListItem\",\"position\":1,\"name\":\"Accueil\",\"item\":\"https:\/\/fleurdevivre.fr\/\"},{\"@type\":\"ListItem\",\"position\":2,\"name\":\"R\u00e9servations :\",\"item\":\"https:\/\/fleurdevivre.fr\/index.php\/reservations\"},{\"@type\":\"ListItem\",\"position\":3,\"name\":\"En cabinet\"}]},{\"@type\":\"WebSite\",\"@id\":\"https:\/\/fleurdevivre.fr\/#website\",\"url\":\"https:\/\/fleurdevivre.fr\/\",\"name\":\"Fleur de vivre\",\"description\":\"Vers l&#039;harmonisation de sa propre vie\",\"publisher\":{\"@id\":\"https:\/\/fleurdevivre.fr\/#organization\"},\"potentialAction\":[{\"@type\":\"SearchAction\",\"target\":{\"@type\":\"EntryPoint\",\"urlTemplate\":\"https:\/\/fleurdevivre.fr\/?s={search_term_string}\"},\"query-input\":\"required name=search_term_string\"}],\"inLanguage\":\"fr-FR\"},{\"@type\":\"Organization\",\"@id\":\"https:\/\/fleurdevivre.fr\/#organization\",\"name\":\"Fleur de vivre\",\"url\":\"https:\/\/fleurdevivre.fr\/\",\"logo\":{\"@type\":\"ImageObject\",\"inLanguage\":\"fr-FR\",\"@id\":\"https:\/\/fleurdevivre.fr\/#\/schema\/logo\/image\/\",\"url\":\"https:\/\/fleurdevivre.fr\/wp-content\/uploads\/2023\/12\/Capture-decran-2023-10-19-a-16.38.17.png\",\"contentUrl\":\"https:\/\/fleurdevivre.fr\/wp-content\/uploads\/2023\/12\/Capture-decran-2023-10-19-a-16.38.17.png\",\"width\":1784,\"height\":590,\"caption\":\"Fleur de vivre\"},\"image\":{\"@id\":\"https:\/\/fleurdevivre.fr\/#\/schema\/logo\/image\/\"},\"sameAs\":[\"https:\/\/www.facebook.com\/profile.php?id=61553222831431\"]}]}<\/script>\n<!-- \/ Yoast SEO plugin. -->","yoast_head_json":{"title":"En cabinet - Fleur de vivre","description":"En cabinet : Vous \u00eates sur La Rochelle, et vous souhaitez d\u00e9couvrir nos offres ? Pas de soucis, retrouvez nous sur Puilboreau, en cabinet","robots":{"index":"index","follow":"follow","max-snippet":"max-snippet:-1","max-image-preview":"max-image-preview:large","max-video-preview":"max-video-preview:-1"},"canonical":"https:\/\/fleurdevivre.fr\/index.php\/reservations\/en-cabinet-2","og_locale":"fr_FR","og_type":"article","og_title":"En cabinet - Fleur de vivre","og_description":"En cabinet : Vous \u00eates sur La Rochelle, et vous souhaitez d\u00e9couvrir nos offres ? Pas de soucis, retrouvez nous sur Puilboreau, en cabinet","og_url":"https:\/\/fleurdevivre.fr\/index.php\/reservations\/en-cabinet-2","og_site_name":"Fleur de vivre","article_publisher":"https:\/\/www.facebook.com\/profile.php?id=61553222831431","article_modified_time":"2025-02-05T11:43:01+00:00","og_image":[{"width":2560,"height":1636,"url":"http:\/\/fleurdevivre.fr\/wp-content\/uploads\/2023\/12\/pexels-ylanite-koppens-796602-2-scaled.jpg","type":"image\/jpeg"}],"twitter_card":"summary_large_image","twitter_misc":{"Dur\u00e9e de lecture estim\u00e9e":"1 minute"},"schema":{"@context":"https:\/\/schema.org","@graph":[{"@type":"WebPage","@id":"https:\/\/fleurdevivre.fr\/index.php\/reservations\/en-cabinet-2","url":"https:\/\/fleurdevivre.fr\/index.php\/reservations\/en-cabinet-2","name":"En cabinet - Fleur de vivre","isPartOf":{"@id":"https:\/\/fleurdevivre.fr\/#website"},"datePublished":"2023-12-03T21:52:06+00:00","dateModified":"2025-02-05T11:43:01+00:00","description":"En cabinet : Vous \u00eates sur La Rochelle, et vous souhaitez d\u00e9couvrir nos offres ? Pas de soucis, retrouvez nous sur Puilboreau, en cabinet","breadcrumb":{"@id":"https:\/\/fleurdevivre.fr\/index.php\/reservations\/en-cabinet-2#breadcrumb"},"inLanguage":"fr-FR","potentialAction":[{"@type":"ReadAction","target":["https:\/\/fleurdevivre.fr\/index.php\/reservations\/en-cabinet-2"]}]},{"@type":"BreadcrumbList","@id":"https:\/\/fleurdevivre.fr\/index.php\/reservations\/en-cabinet-2#breadcrumb","itemListElement":[{"@type":"ListItem","position":1,"name":"Accueil","item":"https:\/\/fleurdevivre.fr\/"},{"@type":"ListItem","position":2,"name":"R\u00e9servations :","item":"https:\/\/fleurdevivre.fr\/index.php\/reservations"},{"@type":"ListItem","position":3,"name":"En cabinet"}]},{"@type":"WebSite","@id":"https:\/\/fleurdevivre.fr\/#website","url":"https:\/\/fleurdevivre.fr\/","name":"Fleur de vivre","description":"Vers l&#039;harmonisation de sa propre vie","publisher":{"@id":"https:\/\/fleurdevivre.fr\/#organization"},"potentialAction":[{"@type":"SearchAction","target":{"@type":"EntryPoint","urlTemplate":"https:\/\/fleurdevivre.fr\/?s={search_term_string}"},"query-input":"required name=search_term_string"}],"inLanguage":"fr-FR"},{"@type":"Organization","@id":"https:\/\/fleurdevivre.fr\/#organization","name":"Fleur de vivre","url":"https:\/\/fleurdevivre.fr\/","logo":{"@type":"ImageObject","inLanguage":"fr-FR","@id":"https:\/\/fleurdevivre.fr\/#\/schema\/logo\/image\/","url":"https:\/\/fleurdevivre.fr\/wp-content\/uploads\/2023\/12\/Capture-decran-2023-10-19-a-16.38.17.png","contentUrl":"https:\/\/fleurdevivre.fr\/wp-content\/uploads\/2023\/12\/Capture-decran-2023-10-19-a-16.38.17.png","width":1784,"height":590,"caption":"Fleur de vivre"},"image":{"@id":"https:\/\/fleurdevivre.fr\/#\/schema\/logo\/image\/"},"sameAs":["https:\/\/www.facebook.com\/profile.php?id=61553222831431"]}]}},"_links":{"self":[{"href":"https:\/\/fleurdevivre.fr\/index.php\/wp-json\/wp\/v2\/pages\/190","targetHints":{"allow":["GET"]}}],"collection":[{"href":"https:\/\/fleurdevivre.fr\/index.php\/wp-json\/wp\/v2\/pages"}],"about":[{"href":"https:\/\/fleurdevivre.fr\/index.php\/wp-json\/wp\/v2\/types\/page"}],"author":[{"embeddable":true,"href":"https:\/\/fleurdevivre.fr\/index.php\/wp-json\/wp\/v2\/users\/1"}],"replies":[{"embeddable":true,"href":"https:\/\/fleurdevivre.fr\/index.php\/wp-json\/wp\/v2\/comments?post=190"}],"version-history":[{"count":8,"href":"https:\/\/fleurdevivre.fr\/index.php\/wp-json\/wp\/v2\/pages\/190\/revisions"}],"predecessor-version":[{"id":552,"href":"https:\/\/fleurdevivre.fr\/index.php\/wp-json\/wp\/v2\/pages\/190\/revisions\/552"}],"up":[{"embeddable":true,"href":"https:\/\/fleurdevivre.fr\/index.php\/wp-json\/wp\/v2\/pages\/53"}],"wp:featuredmedia":[{"embeddable":true,"href":"https:\/\/fleurdevivre.fr\/index.php\/wp-json\/wp\/v2\/media\/334"}],"wp:attachment":[{"href":"https:\/\/fleurdevivre.fr\/index.php\/wp-json\/wp\/v2\/media?parent=190"}],"curies":[{"name":"wp","href":"https:\/\/api.w.org\/{rel}","templated":true}]}}