{"id":2,"date":"2023-11-16T12:00:23","date_gmt":"2023-11-16T11:00:23","guid":{"rendered":"http:\/\/fleurdevivre.fr\/?page_id=2"},"modified":"2023-12-28T11:36:50","modified_gmt":"2023-12-28T10:36:50","slug":"page-d-exemple","status":"publish","type":"page","link":"https:\/\/fleurdevivre.fr\/","title":{"rendered":"Fleur de vivre"},"content":{"rendered":"\n<p>Bonjour et bienvenue sur le site Fleur de vivre : Naturopathie, r\u00e9flexologie et massage bien-\u00eatre naturopathique. <\/p>\n\n\n\n<p>Fleur de vivre c&rsquo;est qui c&rsquo;est quoi ? L&rsquo;id\u00e9e d&rsquo;un projet, concilier mes valeurs, ma vie, mon chemin de vie.<\/p>\n\n\n\n<ul class=\"wp-block-list\">\n<li><strong>Fleur de vie<\/strong>\u00a0: harmonisation, g\u00e9om\u00e9trie sacr\u00e9, \u00e9quilibre, dynamisme. Remettez du mouvement dans votre vie. Soyez acteur de votre bien \u00eatre. <\/li>\n\n\n\n<li><strong>Envie de vivre<\/strong>\u00a0: Parce que dans notre monde actuel, il est facile d&rsquo;\u00eatre d\u00e9courag\u00e9. Ne baissez pas les bras, et restez focus sur vos buts.\u00a0Tout le monde a des hauts et des bas. La diff\u00e9rence est dans votre possibilit\u00e9 de rebondir aux al\u00e9as.<\/li>\n<\/ul>\n\n\n\n<p> Des petits bobos aux plus gros, prendre soin de soi peut \u00eatre facile \u00e0 dire mais moins \u00e0 faire. La naturopathie peut \u00eatre un chemin pour y arriver. Elle est pluridisciplinaire et ainsi tout le monde peut y arriver par une porte ou une autre. Consultation naturopathique, florith\u00e9rapie (Fleurs de Bach et \u00e9lixirs floraux), r\u00e9flexologie plantaire, massage bien-\u00eatre naturopathique. A chacun sa m\u00e9thode pour arriver \u00e0 son propre \u00e9quilibre bien \u00eatre. Le secret prendre du temps pour soi, de quelques minutes \u00e0 plusieurs heures, une formule adapt\u00e9e \u00e0 chacun.<\/p>\n\n\n\n<p>Alors ne perdons plus de temps et cherchons ensemble cet \u00e9quilibre.\u00a0<\/p>\n\n\n\n<figure class=\"wp-block-image size-large\"><a href=\"https:\/\/fleurdevivre.fr\/index.php\/mes-pratiques\"><img loading=\"lazy\" decoding=\"async\" width=\"1024\" height=\"341\" src=\"https:\/\/fleurdevivre.fr\/wp-content\/uploads\/2023\/12\/Banniere-longue-avec-phrase-1024x341.png\" alt=\"Banni\u00e8re fleur de vivre : vers l'harmonisation de sa propre vie (slogan)\" class=\"wp-image-355\" srcset=\"https:\/\/fleurdevivre.fr\/wp-content\/uploads\/2023\/12\/Banniere-longue-avec-phrase-1024x341.png 1024w, https:\/\/fleurdevivre.fr\/wp-content\/uploads\/2023\/12\/Banniere-longue-avec-phrase-300x100.png 300w, https:\/\/fleurdevivre.fr\/wp-content\/uploads\/2023\/12\/Banniere-longue-avec-phrase-768x256.png 768w, https:\/\/fleurdevivre.fr\/wp-content\/uploads\/2023\/12\/Banniere-longue-avec-phrase-1536x512.png 1536w, https:\/\/fleurdevivre.fr\/wp-content\/uploads\/2023\/12\/Banniere-longue-avec-phrase-2048x683.png 2048w, https:\/\/fleurdevivre.fr\/wp-content\/uploads\/2023\/12\/Banniere-longue-avec-phrase-180x60.png 180w\" sizes=\"auto, (max-width: 1024px) 100vw, 1024px\" \/><\/a><\/figure>\n\n\n\n<p>Une envie de me suivre c&rsquo;est par<a href=\"https:\/\/www.facebook.com\/profile.php?id=61553222831431\"> ici<\/a>. <\/p>\n\n\n\n<p><\/p>\n","protected":false},"excerpt":{"rendered":"<p>Bonjour et bienvenue sur le site Fleur de vivre : Naturopathie, r\u00e9flexologie et massage bien-\u00eatre naturopathique. Fleur de vivre c&rsquo;est qui c&rsquo;est quoi ? L&rsquo;id\u00e9e d&rsquo;un projet, concilier mes valeurs, &hellip; <\/p>\n","protected":false},"author":1,"featured_media":0,"parent":0,"menu_order":0,"comment_status":"closed","ping_status":"open","template":"","meta":{"footnotes":""},"class_list":["post-2","page","type-page","status-publish","hentry"],"yoast_head":"<!-- This site is optimized with the Yoast SEO plugin v22.1 - https:\/\/yoast.com\/wordpress\/plugins\/seo\/ -->\n<title>Fleur de vivre - Fleur de vivre<\/title>\n<meta name=\"description\" content=\"Fleur de vivre : naturopathie, r\u00e9flexologie, massage bien-\u00eatre naturopathique. A la recherche d&#039;un moment d\u00e9tente : domicile ou cabinet.\" \/>\n<meta name=\"robots\" content=\"index, follow, max-snippet:-1, max-image-preview:large, max-video-preview:-1\" \/>\n<link rel=\"canonical\" href=\"https:\/\/fleurdevivre.fr\/\" \/>\n<meta property=\"og:locale\" content=\"fr_FR\" \/>\n<meta property=\"og:type\" content=\"article\" \/>\n<meta property=\"og:title\" content=\"Fleur de vivre - Fleur de vivre\" \/>\n<meta property=\"og:description\" content=\"Fleur de vivre : naturopathie, r\u00e9flexologie, massage bien-\u00eatre naturopathique. A la recherche d&#039;un moment d\u00e9tente : domicile ou cabinet.\" \/>\n<meta property=\"og:url\" content=\"https:\/\/fleurdevivre.fr\/\" \/>\n<meta property=\"og:site_name\" content=\"Fleur de vivre\" \/>\n<meta property=\"article:publisher\" content=\"https:\/\/www.facebook.com\/profile.php?id=61553222831431\" \/>\n<meta property=\"article:modified_time\" content=\"2023-12-28T10:36:50+00:00\" \/>\n<meta property=\"og:image\" content=\"https:\/\/fleurdevivre.fr\/wp-content\/uploads\/2023\/12\/Banniere-longue-avec-phrase-1024x341.png\" \/>\n<meta name=\"twitter:card\" content=\"summary_large_image\" \/>\n<meta name=\"twitter:label1\" content=\"Dur\u00e9e de lecture estim\u00e9e\" \/>\n\t<meta name=\"twitter:data1\" content=\"2 minutes\" \/>\n<script type=\"application\/ld+json\" class=\"yoast-schema-graph\">{\"@context\":\"https:\/\/schema.org\",\"@graph\":[{\"@type\":\"WebPage\",\"@id\":\"https:\/\/fleurdevivre.fr\/\",\"url\":\"https:\/\/fleurdevivre.fr\/\",\"name\":\"Fleur de vivre - Fleur de vivre\",\"isPartOf\":{\"@id\":\"https:\/\/fleurdevivre.fr\/#website\"},\"datePublished\":\"2023-11-16T11:00:23+00:00\",\"dateModified\":\"2023-12-28T10:36:50+00:00\",\"description\":\"Fleur de vivre : naturopathie, r\u00e9flexologie, massage bien-\u00eatre naturopathique. A la recherche d'un moment d\u00e9tente : domicile ou cabinet.\",\"breadcrumb\":{\"@id\":\"https:\/\/fleurdevivre.fr\/#breadcrumb\"},\"inLanguage\":\"fr-FR\",\"potentialAction\":[{\"@type\":\"ReadAction\",\"target\":[\"https:\/\/fleurdevivre.fr\/\"]}]},{\"@type\":\"BreadcrumbList\",\"@id\":\"https:\/\/fleurdevivre.fr\/#breadcrumb\",\"itemListElement\":[{\"@type\":\"ListItem\",\"position\":1,\"name\":\"Accueil\",\"item\":\"https:\/\/fleurdevivre.fr\/\"},{\"@type\":\"ListItem\",\"position\":2,\"name\":\"Fleur de vivre\"}]},{\"@type\":\"WebSite\",\"@id\":\"https:\/\/fleurdevivre.fr\/#website\",\"url\":\"https:\/\/fleurdevivre.fr\/\",\"name\":\"Fleur de vivre\",\"description\":\"Vers l&#039;harmonisation de sa propre vie\",\"publisher\":{\"@id\":\"https:\/\/fleurdevivre.fr\/#organization\"},\"potentialAction\":[{\"@type\":\"SearchAction\",\"target\":{\"@type\":\"EntryPoint\",\"urlTemplate\":\"https:\/\/fleurdevivre.fr\/?s={search_term_string}\"},\"query-input\":\"required name=search_term_string\"}],\"inLanguage\":\"fr-FR\"},{\"@type\":\"Organization\",\"@id\":\"https:\/\/fleurdevivre.fr\/#organization\",\"name\":\"Fleur de vivre\",\"url\":\"https:\/\/fleurdevivre.fr\/\",\"logo\":{\"@type\":\"ImageObject\",\"inLanguage\":\"fr-FR\",\"@id\":\"https:\/\/fleurdevivre.fr\/#\/schema\/logo\/image\/\",\"url\":\"https:\/\/fleurdevivre.fr\/wp-content\/uploads\/2023\/12\/Capture-decran-2023-10-19-a-16.38.17.png\",\"contentUrl\":\"https:\/\/fleurdevivre.fr\/wp-content\/uploads\/2023\/12\/Capture-decran-2023-10-19-a-16.38.17.png\",\"width\":1784,\"height\":590,\"caption\":\"Fleur de vivre\"},\"image\":{\"@id\":\"https:\/\/fleurdevivre.fr\/#\/schema\/logo\/image\/\"},\"sameAs\":[\"https:\/\/www.facebook.com\/profile.php?id=61553222831431\"]}]}<\/script>\n<!-- \/ Yoast SEO plugin. -->","yoast_head_json":{"title":"Fleur de vivre - Fleur de vivre","description":"Fleur de vivre : naturopathie, r\u00e9flexologie, massage bien-\u00eatre naturopathique. A la recherche d'un moment d\u00e9tente : domicile ou cabinet.","robots":{"index":"index","follow":"follow","max-snippet":"max-snippet:-1","max-image-preview":"max-image-preview:large","max-video-preview":"max-video-preview:-1"},"canonical":"https:\/\/fleurdevivre.fr\/","og_locale":"fr_FR","og_type":"article","og_title":"Fleur de vivre - Fleur de vivre","og_description":"Fleur de vivre : naturopathie, r\u00e9flexologie, massage bien-\u00eatre naturopathique. A la recherche d'un moment d\u00e9tente : domicile ou cabinet.","og_url":"https:\/\/fleurdevivre.fr\/","og_site_name":"Fleur de vivre","article_publisher":"https:\/\/www.facebook.com\/profile.php?id=61553222831431","article_modified_time":"2023-12-28T10:36:50+00:00","og_image":[{"url":"https:\/\/fleurdevivre.fr\/wp-content\/uploads\/2023\/12\/Banniere-longue-avec-phrase-1024x341.png"}],"twitter_card":"summary_large_image","twitter_misc":{"Dur\u00e9e de lecture estim\u00e9e":"2 minutes"},"schema":{"@context":"https:\/\/schema.org","@graph":[{"@type":"WebPage","@id":"https:\/\/fleurdevivre.fr\/","url":"https:\/\/fleurdevivre.fr\/","name":"Fleur de vivre - Fleur de vivre","isPartOf":{"@id":"https:\/\/fleurdevivre.fr\/#website"},"datePublished":"2023-11-16T11:00:23+00:00","dateModified":"2023-12-28T10:36:50+00:00","description":"Fleur de vivre : naturopathie, r\u00e9flexologie, massage bien-\u00eatre naturopathique. A la recherche d'un moment d\u00e9tente : domicile ou cabinet.","breadcrumb":{"@id":"https:\/\/fleurdevivre.fr\/#breadcrumb"},"inLanguage":"fr-FR","potentialAction":[{"@type":"ReadAction","target":["https:\/\/fleurdevivre.fr\/"]}]},{"@type":"BreadcrumbList","@id":"https:\/\/fleurdevivre.fr\/#breadcrumb","itemListElement":[{"@type":"ListItem","position":1,"name":"Accueil","item":"https:\/\/fleurdevivre.fr\/"},{"@type":"ListItem","position":2,"name":"Fleur de vivre"}]},{"@type":"WebSite","@id":"https:\/\/fleurdevivre.fr\/#website","url":"https:\/\/fleurdevivre.fr\/","name":"Fleur de vivre","description":"Vers l&#039;harmonisation de sa propre vie","publisher":{"@id":"https:\/\/fleurdevivre.fr\/#organization"},"potentialAction":[{"@type":"SearchAction","target":{"@type":"EntryPoint","urlTemplate":"https:\/\/fleurdevivre.fr\/?s={search_term_string}"},"query-input":"required name=search_term_string"}],"inLanguage":"fr-FR"},{"@type":"Organization","@id":"https:\/\/fleurdevivre.fr\/#organization","name":"Fleur de vivre","url":"https:\/\/fleurdevivre.fr\/","logo":{"@type":"ImageObject","inLanguage":"fr-FR","@id":"https:\/\/fleurdevivre.fr\/#\/schema\/logo\/image\/","url":"https:\/\/fleurdevivre.fr\/wp-content\/uploads\/2023\/12\/Capture-decran-2023-10-19-a-16.38.17.png","contentUrl":"https:\/\/fleurdevivre.fr\/wp-content\/uploads\/2023\/12\/Capture-decran-2023-10-19-a-16.38.17.png","width":1784,"height":590,"caption":"Fleur de vivre"},"image":{"@id":"https:\/\/fleurdevivre.fr\/#\/schema\/logo\/image\/"},"sameAs":["https:\/\/www.facebook.com\/profile.php?id=61553222831431"]}]}},"_links":{"self":[{"href":"https:\/\/fleurdevivre.fr\/index.php\/wp-json\/wp\/v2\/pages\/2","targetHints":{"allow":["GET"]}}],"collection":[{"href":"https:\/\/fleurdevivre.fr\/index.php\/wp-json\/wp\/v2\/pages"}],"about":[{"href":"https:\/\/fleurdevivre.fr\/index.php\/wp-json\/wp\/v2\/types\/page"}],"author":[{"embeddable":true,"href":"https:\/\/fleurdevivre.fr\/index.php\/wp-json\/wp\/v2\/users\/1"}],"replies":[{"embeddable":true,"href":"https:\/\/fleurdevivre.fr\/index.php\/wp-json\/wp\/v2\/comments?post=2"}],"version-history":[{"count":6,"href":"https:\/\/fleurdevivre.fr\/index.php\/wp-json\/wp\/v2\/pages\/2\/revisions"}],"predecessor-version":[{"id":362,"href":"https:\/\/fleurdevivre.fr\/index.php\/wp-json\/wp\/v2\/pages\/2\/revisions\/362"}],"wp:attachment":[{"href":"https:\/\/fleurdevivre.fr\/index.php\/wp-json\/wp\/v2\/media?parent=2"}],"curies":[{"name":"wp","href":"https:\/\/api.w.org\/{rel}","templated":true}]}}