{"id":226,"date":"2023-12-04T09:38:19","date_gmt":"2023-12-04T08:38:19","guid":{"rendered":"https:\/\/fleurdevivre.fr\/?page_id=226"},"modified":"2023-12-13T11:12:02","modified_gmt":"2023-12-13T10:12:02","slug":"naturopathie","status":"publish","type":"page","link":"https:\/\/fleurdevivre.fr\/index.php\/les-offres\/naturopathie","title":{"rendered":"Naturopathie"},"content":{"rendered":"\n<p><\/p>\n\n\n\n<figure class=\"wp-block-image size-large is-resized\"><img loading=\"lazy\" decoding=\"async\" width=\"807\" height=\"1024\" src=\"https:\/\/fleurdevivre.fr\/wp-content\/uploads\/2023\/12\/pexels-nataliya-vaitkevich-7526012-2-807x1024.jpg\" alt=\"image descriptif naturopathie\" class=\"wp-image-258\" style=\"width:230px;height:auto\" srcset=\"https:\/\/fleurdevivre.fr\/wp-content\/uploads\/2023\/12\/pexels-nataliya-vaitkevich-7526012-2-807x1024.jpg 807w, https:\/\/fleurdevivre.fr\/wp-content\/uploads\/2023\/12\/pexels-nataliya-vaitkevich-7526012-2-236x300.jpg 236w, https:\/\/fleurdevivre.fr\/wp-content\/uploads\/2023\/12\/pexels-nataliya-vaitkevich-7526012-2-768x975.jpg 768w, https:\/\/fleurdevivre.fr\/wp-content\/uploads\/2023\/12\/pexels-nataliya-vaitkevich-7526012-2-1210x1536.jpg 1210w, https:\/\/fleurdevivre.fr\/wp-content\/uploads\/2023\/12\/pexels-nataliya-vaitkevich-7526012-2-1614x2048.jpg 1614w, https:\/\/fleurdevivre.fr\/wp-content\/uploads\/2023\/12\/pexels-nataliya-vaitkevich-7526012-2-47x60.jpg 47w, https:\/\/fleurdevivre.fr\/wp-content\/uploads\/2023\/12\/pexels-nataliya-vaitkevich-7526012-2-scaled.jpg 2017w\" sizes=\"auto, (max-width: 807px) 100vw, 807px\" \/><\/figure>\n\n\n\n<h2 class=\"wp-block-heading\" style=\"text-decoration:underline\">Les bases :<\/h2>\n\n\n\n<p>La naturopathie est un art de vivre, l&rsquo;art de rester en bonne sant\u00e9 par des moyens naturels. Le naturopathe est l\u00e0 pour effectuer un bilan de vitalit\u00e9, et prendre en compte tout l&rsquo;aspect de l&rsquo;humain. Le corps dans tout son \u00eatre : physique, psychologique, \u00e9motionnel. Le but : l&rsquo;autonomie de la personne, la pr\u00e9vention et la connaissance de soi et de ses fonctionnements.<\/p>\n\n\n\n<p>Les outils du naturopathe sont multiples : le bilan et ses questions, l&rsquo;iridologie, la r\u00e9flexologie. Mais aussi la phytologie, l&rsquo;aromatologie, l&rsquo;alimentation, des approches plus sp\u00e9cifiques : Hildegarde de Bingen. <\/p>\n\n\n\n<p><\/p>\n\n\n\n<h2 class=\"wp-block-heading\" style=\"text-decoration:underline\">Les prestations :<\/h2>\n\n\n\n<p><\/p>\n\n\n\n<h2 class=\"wp-block-heading\"><strong>Consultation naturopathie bilan*&nbsp;(1h30) 70\u20ac**<\/strong><\/h2>\n\n\n\n<div class=\"wp-block-group is-nowrap is-layout-flex wp-container-core-group-is-layout-ad2f72ca wp-block-group-is-layout-flex\">\n<p>Pendant cette premi\u00e8re entrevue, nous faisons ensemble un bilan complet prenant en compte vos ant\u00e9c\u00e9dents, votre alimentation, votre \u00e9tat \u00e9motionnel, vos habitudes de vie quotidiennes. Le but est de devenir acteur de votre sant\u00e9 de mani\u00e8re naturelle et personnalis\u00e9e.<\/p>\n\n\n\n<figure class=\"wp-block-image size-large is-resized\"><img loading=\"lazy\" decoding=\"async\" width=\"683\" height=\"1024\" src=\"https:\/\/fleurdevivre.fr\/wp-content\/uploads\/2023\/12\/pexels-olena-bohovyk-3604314-683x1024.jpg\" alt=\"\" class=\"wp-image-434\" style=\"width:174px;height:auto\" srcset=\"https:\/\/fleurdevivre.fr\/wp-content\/uploads\/2023\/12\/pexels-olena-bohovyk-3604314-683x1024.jpg 683w, https:\/\/fleurdevivre.fr\/wp-content\/uploads\/2023\/12\/pexels-olena-bohovyk-3604314-200x300.jpg 200w, https:\/\/fleurdevivre.fr\/wp-content\/uploads\/2023\/12\/pexels-olena-bohovyk-3604314-768x1152.jpg 768w, https:\/\/fleurdevivre.fr\/wp-content\/uploads\/2023\/12\/pexels-olena-bohovyk-3604314-1024x1536.jpg 1024w, https:\/\/fleurdevivre.fr\/wp-content\/uploads\/2023\/12\/pexels-olena-bohovyk-3604314-1365x2048.jpg 1365w, https:\/\/fleurdevivre.fr\/wp-content\/uploads\/2023\/12\/pexels-olena-bohovyk-3604314-40x60.jpg 40w, https:\/\/fleurdevivre.fr\/wp-content\/uploads\/2023\/12\/pexels-olena-bohovyk-3604314-scaled.jpg 1707w\" sizes=\"auto, (max-width: 683px) 100vw, 683px\" \/><\/figure>\n<\/div>\n\n\n\n<p><\/p>\n\n\n\n<h2 class=\"wp-block-heading\"><strong>Consultation naturopathie suivie*&nbsp;(1h) 60\u20ac**<\/strong><\/h2>\n\n\n\n<div class=\"wp-block-group is-nowrap is-layout-flex wp-container-core-group-is-layout-ad2f72ca wp-block-group-is-layout-flex\">\n<p>Nous discutons de l\u2019application des conseils donn\u00e9s lors du premier entretien : ajuster votre programme au besoin, discuter de vos progr\u00e8s, et ajuster les conseils selon vos envies pour la suite du suivi.<\/p>\n\n\n\n<figure class=\"wp-block-image size-large is-resized\"><img loading=\"lazy\" decoding=\"async\" width=\"683\" height=\"1024\" src=\"https:\/\/fleurdevivre.fr\/wp-content\/uploads\/2023\/12\/pexels-elina-fairytale-3865676-683x1024.jpg\" alt=\"\" class=\"wp-image-435\" style=\"width:173px;height:auto\" srcset=\"https:\/\/fleurdevivre.fr\/wp-content\/uploads\/2023\/12\/pexels-elina-fairytale-3865676-683x1024.jpg 683w, https:\/\/fleurdevivre.fr\/wp-content\/uploads\/2023\/12\/pexels-elina-fairytale-3865676-200x300.jpg 200w, https:\/\/fleurdevivre.fr\/wp-content\/uploads\/2023\/12\/pexels-elina-fairytale-3865676-768x1152.jpg 768w, https:\/\/fleurdevivre.fr\/wp-content\/uploads\/2023\/12\/pexels-elina-fairytale-3865676-1024x1536.jpg 1024w, https:\/\/fleurdevivre.fr\/wp-content\/uploads\/2023\/12\/pexels-elina-fairytale-3865676-1365x2048.jpg 1365w, https:\/\/fleurdevivre.fr\/wp-content\/uploads\/2023\/12\/pexels-elina-fairytale-3865676-40x60.jpg 40w, https:\/\/fleurdevivre.fr\/wp-content\/uploads\/2023\/12\/pexels-elina-fairytale-3865676-scaled.jpg 1707w\" sizes=\"auto, (max-width: 683px) 100vw, 683px\" \/><\/figure>\n<\/div>\n\n\n\n<p><\/p>\n\n\n\n<h2 class=\"wp-block-heading\"><strong>Ventouses s\u00e8ches \/ cupping*\u00a0(45min) 50\u20ac**<\/strong><\/h2>\n\n\n\n<div class=\"wp-block-group is-nowrap is-layout-flex wp-container-core-group-is-layout-ad2f72ca wp-block-group-is-layout-flex\">\n<p>Ventouse s\u00e8che travaillant gr\u00e2ce \u00e0 la pression sur une peau saine. Application des ventouses soit en massage ou en points fixes pr\u00e9cis du corps. La pause en tant que telle ne dure que 10 \u00e0 20 min, suit un massage de la zone travaill\u00e9e. Relaxation, d\u00e9contraction. Le cupping ici n\u2019a pas de but th\u00e9rapeutique.<\/p>\n\n\n\n<figure class=\"wp-block-image size-large is-resized\"><img loading=\"lazy\" decoding=\"async\" width=\"683\" height=\"1024\" src=\"https:\/\/fleurdevivre.fr\/wp-content\/uploads\/2023\/12\/pexels-photo-6076127-683x1024.jpeg\" alt=\"\" class=\"wp-image-468\" style=\"width:173px;height:auto\" srcset=\"https:\/\/fleurdevivre.fr\/wp-content\/uploads\/2023\/12\/pexels-photo-6076127-683x1024.jpeg 683w, https:\/\/fleurdevivre.fr\/wp-content\/uploads\/2023\/12\/pexels-photo-6076127-200x300.jpeg 200w, https:\/\/fleurdevivre.fr\/wp-content\/uploads\/2023\/12\/pexels-photo-6076127-768x1152.jpeg 768w, https:\/\/fleurdevivre.fr\/wp-content\/uploads\/2023\/12\/pexels-photo-6076127-40x60.jpeg 40w, https:\/\/fleurdevivre.fr\/wp-content\/uploads\/2023\/12\/pexels-photo-6076127.jpeg 800w\" sizes=\"auto, (max-width: 683px) 100vw, 683px\" \/><\/figure>\n<\/div>\n\n\n\n<p><\/p>\n\n\n\n<p class=\"has-small-font-size\">*Un bilan de vitalit\u00e9 et des conseils de Naturopathie ne pourront en rien se substituer \u00e0 une consultation chez le m\u00e9decin. Si votre m\u00e9decin vous a prescrit des m\u00e9dicaments, lui seul est habilit\u00e9 \u00e0 modifier votre ordonnance. La Naturopathie ne r\u00e9alise ni diagnostic ni ne substitue \u00e0 un traitement m\u00e9dical. Tout modelage bien-\u00eatre n\u2019a aucun but th\u00e9rapeutique.<\/p>\n\n\n\n<p class=\"has-small-font-size\">** \u00ab&nbsp;TVA non applicable, article 293 B CGI&nbsp;\u00bb<\/p>\n\n\n\n<p><\/p>\n\n\n\n<p>Pour les r\u00e9servations c&rsquo;est par <a href=\"https:\/\/fleurdevivre.fr\/index.php\/reservations\">ici<\/a>.<\/p>\n\n\n\n<p>Pour me suivre via Facebook c&rsquo;est par <a href=\"https:\/\/www.facebook.com\/profile.php?id=61553222831431\">l\u00e0.<\/a><\/p>\n","protected":false},"excerpt":{"rendered":"<p>Les bases : La naturopathie est un art de vivre, l&rsquo;art de rester en bonne sant\u00e9 par des moyens naturels. Le naturopathe est l\u00e0 pour effectuer un bilan de vitalit\u00e9, &hellip; <\/p>\n","protected":false},"author":1,"featured_media":258,"parent":49,"menu_order":2,"comment_status":"closed","ping_status":"closed","template":"","meta":{"footnotes":""},"class_list":["post-226","page","type-page","status-publish","has-post-thumbnail","hentry"],"yoast_head":"<!-- This site is optimized with the Yoast SEO plugin v22.1 - https:\/\/yoast.com\/wordpress\/plugins\/seo\/ -->\n<title>Naturopathie - Fleur de vivre<\/title>\n<meta name=\"description\" content=\"prestations : consultation naturopathie bilan 1h30 ; consultation naturopathie suivi 1h. Bilan de vitalit\u00e9 et conseils.\" \/>\n<meta name=\"robots\" content=\"index, follow, max-snippet:-1, max-image-preview:large, max-video-preview:-1\" \/>\n<link rel=\"canonical\" href=\"https:\/\/fleurdevivre.fr\/index.php\/les-offres\/naturopathie\" \/>\n<meta property=\"og:locale\" content=\"fr_FR\" \/>\n<meta property=\"og:type\" content=\"article\" \/>\n<meta property=\"og:title\" content=\"Naturopathie - Fleur de vivre\" \/>\n<meta property=\"og:description\" content=\"prestations : consultation naturopathie bilan 1h30 ; consultation naturopathie suivi 1h. Bilan de vitalit\u00e9 et conseils.\" \/>\n<meta property=\"og:url\" content=\"https:\/\/fleurdevivre.fr\/index.php\/les-offres\/naturopathie\" \/>\n<meta property=\"og:site_name\" content=\"Fleur de vivre\" \/>\n<meta property=\"article:publisher\" content=\"https:\/\/www.facebook.com\/profile.php?id=61553222831431\" \/>\n<meta property=\"article:modified_time\" content=\"2023-12-13T10:12:02+00:00\" \/>\n<meta property=\"og:image\" content=\"http:\/\/fleurdevivre.fr\/wp-content\/uploads\/2023\/12\/pexels-nataliya-vaitkevich-7526012-2-scaled.jpg\" \/>\n\t<meta property=\"og:image:width\" content=\"2017\" \/>\n\t<meta property=\"og:image:height\" content=\"2560\" \/>\n\t<meta property=\"og:image:type\" content=\"image\/jpeg\" \/>\n<meta name=\"twitter:card\" content=\"summary_large_image\" \/>\n<meta name=\"twitter:label1\" content=\"Dur\u00e9e de lecture estim\u00e9e\" \/>\n\t<meta name=\"twitter:data1\" content=\"3 minutes\" \/>\n<script type=\"application\/ld+json\" class=\"yoast-schema-graph\">{\"@context\":\"https:\/\/schema.org\",\"@graph\":[{\"@type\":\"WebPage\",\"@id\":\"https:\/\/fleurdevivre.fr\/index.php\/les-offres\/naturopathie\",\"url\":\"https:\/\/fleurdevivre.fr\/index.php\/les-offres\/naturopathie\",\"name\":\"Naturopathie - Fleur de vivre\",\"isPartOf\":{\"@id\":\"https:\/\/fleurdevivre.fr\/#website\"},\"datePublished\":\"2023-12-04T08:38:19+00:00\",\"dateModified\":\"2023-12-13T10:12:02+00:00\",\"description\":\"prestations : consultation naturopathie bilan 1h30 ; consultation naturopathie suivi 1h. Bilan de vitalit\u00e9 et conseils.\",\"breadcrumb\":{\"@id\":\"https:\/\/fleurdevivre.fr\/index.php\/les-offres\/naturopathie#breadcrumb\"},\"inLanguage\":\"fr-FR\",\"potentialAction\":[{\"@type\":\"ReadAction\",\"target\":[\"https:\/\/fleurdevivre.fr\/index.php\/les-offres\/naturopathie\"]}]},{\"@type\":\"BreadcrumbList\",\"@id\":\"https:\/\/fleurdevivre.fr\/index.php\/les-offres\/naturopathie#breadcrumb\",\"itemListElement\":[{\"@type\":\"ListItem\",\"position\":1,\"name\":\"Accueil\",\"item\":\"https:\/\/fleurdevivre.fr\/\"},{\"@type\":\"ListItem\",\"position\":2,\"name\":\"Les offres\",\"item\":\"https:\/\/fleurdevivre.fr\/index.php\/les-offres\"},{\"@type\":\"ListItem\",\"position\":3,\"name\":\"Naturopathie\"}]},{\"@type\":\"WebSite\",\"@id\":\"https:\/\/fleurdevivre.fr\/#website\",\"url\":\"https:\/\/fleurdevivre.fr\/\",\"name\":\"Fleur de vivre\",\"description\":\"Vers l&#039;harmonisation de sa propre vie\",\"publisher\":{\"@id\":\"https:\/\/fleurdevivre.fr\/#organization\"},\"potentialAction\":[{\"@type\":\"SearchAction\",\"target\":{\"@type\":\"EntryPoint\",\"urlTemplate\":\"https:\/\/fleurdevivre.fr\/?s={search_term_string}\"},\"query-input\":\"required name=search_term_string\"}],\"inLanguage\":\"fr-FR\"},{\"@type\":\"Organization\",\"@id\":\"https:\/\/fleurdevivre.fr\/#organization\",\"name\":\"Fleur de vivre\",\"url\":\"https:\/\/fleurdevivre.fr\/\",\"logo\":{\"@type\":\"ImageObject\",\"inLanguage\":\"fr-FR\",\"@id\":\"https:\/\/fleurdevivre.fr\/#\/schema\/logo\/image\/\",\"url\":\"https:\/\/fleurdevivre.fr\/wp-content\/uploads\/2023\/12\/Capture-decran-2023-10-19-a-16.38.17.png\",\"contentUrl\":\"https:\/\/fleurdevivre.fr\/wp-content\/uploads\/2023\/12\/Capture-decran-2023-10-19-a-16.38.17.png\",\"width\":1784,\"height\":590,\"caption\":\"Fleur de vivre\"},\"image\":{\"@id\":\"https:\/\/fleurdevivre.fr\/#\/schema\/logo\/image\/\"},\"sameAs\":[\"https:\/\/www.facebook.com\/profile.php?id=61553222831431\"]}]}<\/script>\n<!-- \/ Yoast SEO plugin. -->","yoast_head_json":{"title":"Naturopathie - Fleur de vivre","description":"prestations : consultation naturopathie bilan 1h30 ; consultation naturopathie suivi 1h. Bilan de vitalit\u00e9 et conseils.","robots":{"index":"index","follow":"follow","max-snippet":"max-snippet:-1","max-image-preview":"max-image-preview:large","max-video-preview":"max-video-preview:-1"},"canonical":"https:\/\/fleurdevivre.fr\/index.php\/les-offres\/naturopathie","og_locale":"fr_FR","og_type":"article","og_title":"Naturopathie - Fleur de vivre","og_description":"prestations : consultation naturopathie bilan 1h30 ; consultation naturopathie suivi 1h. Bilan de vitalit\u00e9 et conseils.","og_url":"https:\/\/fleurdevivre.fr\/index.php\/les-offres\/naturopathie","og_site_name":"Fleur de vivre","article_publisher":"https:\/\/www.facebook.com\/profile.php?id=61553222831431","article_modified_time":"2023-12-13T10:12:02+00:00","og_image":[{"width":2017,"height":2560,"url":"http:\/\/fleurdevivre.fr\/wp-content\/uploads\/2023\/12\/pexels-nataliya-vaitkevich-7526012-2-scaled.jpg","type":"image\/jpeg"}],"twitter_card":"summary_large_image","twitter_misc":{"Dur\u00e9e de lecture estim\u00e9e":"3 minutes"},"schema":{"@context":"https:\/\/schema.org","@graph":[{"@type":"WebPage","@id":"https:\/\/fleurdevivre.fr\/index.php\/les-offres\/naturopathie","url":"https:\/\/fleurdevivre.fr\/index.php\/les-offres\/naturopathie","name":"Naturopathie - Fleur de vivre","isPartOf":{"@id":"https:\/\/fleurdevivre.fr\/#website"},"datePublished":"2023-12-04T08:38:19+00:00","dateModified":"2023-12-13T10:12:02+00:00","description":"prestations : consultation naturopathie bilan 1h30 ; consultation naturopathie suivi 1h. Bilan de vitalit\u00e9 et conseils.","breadcrumb":{"@id":"https:\/\/fleurdevivre.fr\/index.php\/les-offres\/naturopathie#breadcrumb"},"inLanguage":"fr-FR","potentialAction":[{"@type":"ReadAction","target":["https:\/\/fleurdevivre.fr\/index.php\/les-offres\/naturopathie"]}]},{"@type":"BreadcrumbList","@id":"https:\/\/fleurdevivre.fr\/index.php\/les-offres\/naturopathie#breadcrumb","itemListElement":[{"@type":"ListItem","position":1,"name":"Accueil","item":"https:\/\/fleurdevivre.fr\/"},{"@type":"ListItem","position":2,"name":"Les offres","item":"https:\/\/fleurdevivre.fr\/index.php\/les-offres"},{"@type":"ListItem","position":3,"name":"Naturopathie"}]},{"@type":"WebSite","@id":"https:\/\/fleurdevivre.fr\/#website","url":"https:\/\/fleurdevivre.fr\/","name":"Fleur de vivre","description":"Vers l&#039;harmonisation de sa propre vie","publisher":{"@id":"https:\/\/fleurdevivre.fr\/#organization"},"potentialAction":[{"@type":"SearchAction","target":{"@type":"EntryPoint","urlTemplate":"https:\/\/fleurdevivre.fr\/?s={search_term_string}"},"query-input":"required name=search_term_string"}],"inLanguage":"fr-FR"},{"@type":"Organization","@id":"https:\/\/fleurdevivre.fr\/#organization","name":"Fleur de vivre","url":"https:\/\/fleurdevivre.fr\/","logo":{"@type":"ImageObject","inLanguage":"fr-FR","@id":"https:\/\/fleurdevivre.fr\/#\/schema\/logo\/image\/","url":"https:\/\/fleurdevivre.fr\/wp-content\/uploads\/2023\/12\/Capture-decran-2023-10-19-a-16.38.17.png","contentUrl":"https:\/\/fleurdevivre.fr\/wp-content\/uploads\/2023\/12\/Capture-decran-2023-10-19-a-16.38.17.png","width":1784,"height":590,"caption":"Fleur de vivre"},"image":{"@id":"https:\/\/fleurdevivre.fr\/#\/schema\/logo\/image\/"},"sameAs":["https:\/\/www.facebook.com\/profile.php?id=61553222831431"]}]}},"_links":{"self":[{"href":"https:\/\/fleurdevivre.fr\/index.php\/wp-json\/wp\/v2\/pages\/226","targetHints":{"allow":["GET"]}}],"collection":[{"href":"https:\/\/fleurdevivre.fr\/index.php\/wp-json\/wp\/v2\/pages"}],"about":[{"href":"https:\/\/fleurdevivre.fr\/index.php\/wp-json\/wp\/v2\/types\/page"}],"author":[{"embeddable":true,"href":"https:\/\/fleurdevivre.fr\/index.php\/wp-json\/wp\/v2\/users\/1"}],"replies":[{"embeddable":true,"href":"https:\/\/fleurdevivre.fr\/index.php\/wp-json\/wp\/v2\/comments?post=226"}],"version-history":[{"count":7,"href":"https:\/\/fleurdevivre.fr\/index.php\/wp-json\/wp\/v2\/pages\/226\/revisions"}],"predecessor-version":[{"id":469,"href":"https:\/\/fleurdevivre.fr\/index.php\/wp-json\/wp\/v2\/pages\/226\/revisions\/469"}],"up":[{"embeddable":true,"href":"https:\/\/fleurdevivre.fr\/index.php\/wp-json\/wp\/v2\/pages\/49"}],"wp:featuredmedia":[{"embeddable":true,"href":"https:\/\/fleurdevivre.fr\/index.php\/wp-json\/wp\/v2\/media\/258"}],"wp:attachment":[{"href":"https:\/\/fleurdevivre.fr\/index.php\/wp-json\/wp\/v2\/media?parent=226"}],"curies":[{"name":"wp","href":"https:\/\/api.w.org\/{rel}","templated":true}]}}