{"id":229,"date":"2023-12-04T09:38:42","date_gmt":"2023-12-04T08:38:42","guid":{"rendered":"https:\/\/fleurdevivre.fr\/?page_id=229"},"modified":"2023-12-12T22:16:13","modified_gmt":"2023-12-12T21:16:13","slug":"coaching","status":"publish","type":"page","link":"https:\/\/fleurdevivre.fr\/index.php\/les-offres\/coaching","title":{"rendered":"Coaching"},"content":{"rendered":"\n<p><\/p>\n\n\n\n<figure class=\"wp-block-image size-large is-resized\"><img loading=\"lazy\" decoding=\"async\" width=\"808\" height=\"1024\" src=\"https:\/\/fleurdevivre.fr\/wp-content\/uploads\/2023\/12\/pexels-natasha-fernandez-811575-808x1024.jpg\" alt=\"\" class=\"wp-image-261\" style=\"width:256px;height:auto\" srcset=\"https:\/\/fleurdevivre.fr\/wp-content\/uploads\/2023\/12\/pexels-natasha-fernandez-811575-808x1024.jpg 808w, https:\/\/fleurdevivre.fr\/wp-content\/uploads\/2023\/12\/pexels-natasha-fernandez-811575-237x300.jpg 237w, https:\/\/fleurdevivre.fr\/wp-content\/uploads\/2023\/12\/pexels-natasha-fernandez-811575-768x974.jpg 768w, https:\/\/fleurdevivre.fr\/wp-content\/uploads\/2023\/12\/pexels-natasha-fernandez-811575-1211x1536.jpg 1211w, https:\/\/fleurdevivre.fr\/wp-content\/uploads\/2023\/12\/pexels-natasha-fernandez-811575-1615x2048.jpg 1615w, https:\/\/fleurdevivre.fr\/wp-content\/uploads\/2023\/12\/pexels-natasha-fernandez-811575-47x60.jpg 47w, https:\/\/fleurdevivre.fr\/wp-content\/uploads\/2023\/12\/pexels-natasha-fernandez-811575-scaled.jpg 2019w\" sizes=\"auto, (max-width: 808px) 100vw, 808px\" \/><\/figure>\n\n\n\n<p><\/p>\n\n\n\n<h2 class=\"wp-block-heading\" style=\"text-decoration:underline\">Les bases :<\/h2>\n\n\n\n<p>Pourquoi du coaching ? Parce que les gens ont besoin d&rsquo;accompagnement surtout quand ils mettent un pied dans un univers qu&rsquo;ils connaissent peu ou mal. Durant mes ann\u00e9es salariales, j&rsquo;ai pu guider des clients venant avec des listes donn\u00e9es par leur naturopathe ou leur m\u00e9decin. Des compl\u00e9ments alimentaires inconnus pour eux ou que de nom, des aliments \u00e0 ne plus manger et de nouveaux \u00e0 int\u00e9grer mais sans savoir comment. Voila pourquoi j&rsquo;ai d\u00e9cid\u00e9 de d\u00e9velopper les prestations coaching. <\/p>\n\n\n\n<p><\/p>\n\n\n\n<h2 class=\"wp-block-heading\" style=\"text-decoration:underline\">Les prestations coaching : <\/h2>\n\n\n\n<h2 class=\"wp-block-heading\">Coaching hygi\u00e8ne de vie*&nbsp;(1h) 55\u20ac**<\/h2>\n\n\n\n<div class=\"wp-block-group is-nowrap is-layout-flex wp-container-core-group-is-layout-ad2f72ca wp-block-group-is-layout-flex\">\n<p>D\u00e9couverte d\u2019alternatives alimentaires adapt\u00e9es \u00e0 vous et votre mode de vie : \u00e9pices, super aliments, id\u00e9es recettes, accompagnement personnalis\u00e9 en magasin pour remettre de la vie dans votre assiette. Bien s\u00fbr toutes vos questions en cosm\u00e9tique et compl\u00e9ment alimentaires ne seront pas oubli\u00e9es.<\/p>\n\n\n\n<figure class=\"wp-block-image size-large is-resized\"><img loading=\"lazy\" decoding=\"async\" width=\"731\" height=\"1024\" src=\"http:\/\/fleurdevivre.fr\/wp-content\/uploads\/2023\/12\/pexels-nadi-lindsay-3768323-4-731x1024.jpg\" alt=\"image descriptive : coaching\" class=\"wp-image-447\" style=\"width:272px;height:auto\" srcset=\"https:\/\/fleurdevivre.fr\/wp-content\/uploads\/2023\/12\/pexels-nadi-lindsay-3768323-4-731x1024.jpg 731w, https:\/\/fleurdevivre.fr\/wp-content\/uploads\/2023\/12\/pexels-nadi-lindsay-3768323-4-214x300.jpg 214w, https:\/\/fleurdevivre.fr\/wp-content\/uploads\/2023\/12\/pexels-nadi-lindsay-3768323-4-768x1075.jpg 768w, https:\/\/fleurdevivre.fr\/wp-content\/uploads\/2023\/12\/pexels-nadi-lindsay-3768323-4-1097x1536.jpg 1097w, https:\/\/fleurdevivre.fr\/wp-content\/uploads\/2023\/12\/pexels-nadi-lindsay-3768323-4-scaled.jpg 1829w\" sizes=\"auto, (max-width: 731px) 100vw, 731px\" \/><\/figure>\n<\/div>\n\n\n\n<p><\/p>\n\n\n\n<p><\/p>\n\n\n\n<h2 class=\"wp-block-heading\">La parole naturo*&nbsp;(30min) 25\u20ac**<\/h2>\n\n\n\n<div class=\"wp-block-group is-nowrap is-layout-flex wp-container-core-group-is-layout-ad2f72ca wp-block-group-is-layout-flex\">\n<p>Une question sur un sujet pr\u00e9cis ? Besoin d\u2019\u00e9claircissement sur un th\u00e8me ? Perdu dans les diff\u00e9rents compl\u00e9ments alimentaires ? Et si on prenait le temps ensemble de r\u00e9pondre \u00e0 vos interrogations.<\/p>\n\n\n\n<figure class=\"wp-block-image size-large is-resized\"><img loading=\"lazy\" decoding=\"async\" width=\"1024\" height=\"683\" src=\"https:\/\/fleurdevivre.fr\/wp-content\/uploads\/2023\/12\/pexels-cottonbro-studio-4101143-1024x683.jpg\" alt=\"image descriptive\" class=\"wp-image-449\" style=\"width:271px;height:auto\" srcset=\"https:\/\/fleurdevivre.fr\/wp-content\/uploads\/2023\/12\/pexels-cottonbro-studio-4101143-1024x683.jpg 1024w, https:\/\/fleurdevivre.fr\/wp-content\/uploads\/2023\/12\/pexels-cottonbro-studio-4101143-300x200.jpg 300w, https:\/\/fleurdevivre.fr\/wp-content\/uploads\/2023\/12\/pexels-cottonbro-studio-4101143-768x512.jpg 768w, https:\/\/fleurdevivre.fr\/wp-content\/uploads\/2023\/12\/pexels-cottonbro-studio-4101143-1536x1024.jpg 1536w, https:\/\/fleurdevivre.fr\/wp-content\/uploads\/2023\/12\/pexels-cottonbro-studio-4101143-2048x1365.jpg 2048w, https:\/\/fleurdevivre.fr\/wp-content\/uploads\/2023\/12\/pexels-cottonbro-studio-4101143-90x60.jpg 90w, https:\/\/fleurdevivre.fr\/wp-content\/uploads\/2023\/12\/pexels-cottonbro-studio-4101143-370x247.jpg 370w, https:\/\/fleurdevivre.fr\/wp-content\/uploads\/2023\/12\/pexels-cottonbro-studio-4101143-776x517.jpg 776w\" sizes=\"auto, (max-width: 1024px) 100vw, 1024px\" \/><\/figure>\n<\/div>\n\n\n\n<p><\/p>\n\n\n\n<p><\/p>\n\n\n\n<p class=\"has-small-font-size\">*Un bilan de vitalit\u00e9 et des conseils de Naturopathie ne pourront en rien se substituer \u00e0 une consultation chez le m\u00e9decin. Si votre m\u00e9decin vous a prescrit des m\u00e9dicaments, lui seul est habilit\u00e9 \u00e0 modifier votre ordonnance. La Naturopathie ne r\u00e9alise ni diagnostic ni ne substitue \u00e0 un traitement m\u00e9dical. Tout modelage bien-\u00eatre n\u2019a aucun but th\u00e9rapeutique.<\/p>\n\n\n\n<p class=\"has-small-font-size\">** \u00ab&nbsp;TVA non applicable, article 293 B CGI&nbsp;\u00bb<\/p>\n\n\n\n<p>Pour les r\u00e9servations c&rsquo;est par <a href=\"https:\/\/fleurdevivre.fr\/index.php\/reservations\">ici<\/a>.<\/p>\n\n\n\n<p>Pour me suivre via Facebook c&rsquo;est par <a href=\"https:\/\/www.facebook.com\/profile.php?id=61553222831431\">l\u00e0.<\/a><\/p>\n","protected":false},"excerpt":{"rendered":"<p>Les bases : Pourquoi du coaching ? Parce que les gens ont besoin d&rsquo;accompagnement surtout quand ils mettent un pied dans un univers qu&rsquo;ils connaissent peu ou mal. Durant mes &hellip; <\/p>\n","protected":false},"author":1,"featured_media":261,"parent":49,"menu_order":2,"comment_status":"closed","ping_status":"closed","template":"","meta":{"footnotes":""},"class_list":["post-229","page","type-page","status-publish","has-post-thumbnail","hentry"],"yoast_head":"<!-- This site is optimized with the Yoast SEO plugin v22.1 - https:\/\/yoast.com\/wordpress\/plugins\/seo\/ -->\n<title>Coaching - Fleur de vivre<\/title>\n<meta name=\"description\" content=\"Prestations coaching : coaching hygi\u00e8ne de vie (1h) : d\u00e9couverte d&#039;alternative en magasin bio ; la parole naturo (30min)\" \/>\n<meta name=\"robots\" content=\"index, follow, max-snippet:-1, max-image-preview:large, max-video-preview:-1\" \/>\n<link rel=\"canonical\" href=\"https:\/\/fleurdevivre.fr\/index.php\/les-offres\/coaching\" \/>\n<meta property=\"og:locale\" content=\"fr_FR\" \/>\n<meta property=\"og:type\" content=\"article\" \/>\n<meta property=\"og:title\" content=\"Coaching - Fleur de vivre\" \/>\n<meta property=\"og:description\" content=\"Prestations coaching : coaching hygi\u00e8ne de vie (1h) : d\u00e9couverte d&#039;alternative en magasin bio ; la parole naturo (30min)\" \/>\n<meta property=\"og:url\" content=\"https:\/\/fleurdevivre.fr\/index.php\/les-offres\/coaching\" \/>\n<meta property=\"og:site_name\" content=\"Fleur de vivre\" \/>\n<meta property=\"article:publisher\" content=\"https:\/\/www.facebook.com\/profile.php?id=61553222831431\" \/>\n<meta property=\"article:modified_time\" content=\"2023-12-12T21:16:13+00:00\" \/>\n<meta property=\"og:image\" content=\"http:\/\/fleurdevivre.fr\/wp-content\/uploads\/2023\/12\/pexels-natasha-fernandez-811575-scaled.jpg\" \/>\n\t<meta property=\"og:image:width\" content=\"2019\" \/>\n\t<meta property=\"og:image:height\" content=\"2560\" \/>\n\t<meta property=\"og:image:type\" content=\"image\/jpeg\" \/>\n<meta name=\"twitter:card\" content=\"summary_large_image\" \/>\n<meta name=\"twitter:label1\" content=\"Dur\u00e9e de lecture estim\u00e9e\" \/>\n\t<meta name=\"twitter:data1\" content=\"2 minutes\" \/>\n<script type=\"application\/ld+json\" class=\"yoast-schema-graph\">{\"@context\":\"https:\/\/schema.org\",\"@graph\":[{\"@type\":\"WebPage\",\"@id\":\"https:\/\/fleurdevivre.fr\/index.php\/les-offres\/coaching\",\"url\":\"https:\/\/fleurdevivre.fr\/index.php\/les-offres\/coaching\",\"name\":\"Coaching - Fleur de vivre\",\"isPartOf\":{\"@id\":\"https:\/\/fleurdevivre.fr\/#website\"},\"datePublished\":\"2023-12-04T08:38:42+00:00\",\"dateModified\":\"2023-12-12T21:16:13+00:00\",\"description\":\"Prestations coaching : coaching hygi\u00e8ne de vie (1h) : d\u00e9couverte d'alternative en magasin bio ; la parole naturo (30min)\",\"breadcrumb\":{\"@id\":\"https:\/\/fleurdevivre.fr\/index.php\/les-offres\/coaching#breadcrumb\"},\"inLanguage\":\"fr-FR\",\"potentialAction\":[{\"@type\":\"ReadAction\",\"target\":[\"https:\/\/fleurdevivre.fr\/index.php\/les-offres\/coaching\"]}]},{\"@type\":\"BreadcrumbList\",\"@id\":\"https:\/\/fleurdevivre.fr\/index.php\/les-offres\/coaching#breadcrumb\",\"itemListElement\":[{\"@type\":\"ListItem\",\"position\":1,\"name\":\"Accueil\",\"item\":\"https:\/\/fleurdevivre.fr\/\"},{\"@type\":\"ListItem\",\"position\":2,\"name\":\"Les offres\",\"item\":\"https:\/\/fleurdevivre.fr\/index.php\/les-offres\"},{\"@type\":\"ListItem\",\"position\":3,\"name\":\"Coaching\"}]},{\"@type\":\"WebSite\",\"@id\":\"https:\/\/fleurdevivre.fr\/#website\",\"url\":\"https:\/\/fleurdevivre.fr\/\",\"name\":\"Fleur de vivre\",\"description\":\"Vers l&#039;harmonisation de sa propre vie\",\"publisher\":{\"@id\":\"https:\/\/fleurdevivre.fr\/#organization\"},\"potentialAction\":[{\"@type\":\"SearchAction\",\"target\":{\"@type\":\"EntryPoint\",\"urlTemplate\":\"https:\/\/fleurdevivre.fr\/?s={search_term_string}\"},\"query-input\":\"required name=search_term_string\"}],\"inLanguage\":\"fr-FR\"},{\"@type\":\"Organization\",\"@id\":\"https:\/\/fleurdevivre.fr\/#organization\",\"name\":\"Fleur de vivre\",\"url\":\"https:\/\/fleurdevivre.fr\/\",\"logo\":{\"@type\":\"ImageObject\",\"inLanguage\":\"fr-FR\",\"@id\":\"https:\/\/fleurdevivre.fr\/#\/schema\/logo\/image\/\",\"url\":\"https:\/\/fleurdevivre.fr\/wp-content\/uploads\/2023\/12\/Capture-decran-2023-10-19-a-16.38.17.png\",\"contentUrl\":\"https:\/\/fleurdevivre.fr\/wp-content\/uploads\/2023\/12\/Capture-decran-2023-10-19-a-16.38.17.png\",\"width\":1784,\"height\":590,\"caption\":\"Fleur de vivre\"},\"image\":{\"@id\":\"https:\/\/fleurdevivre.fr\/#\/schema\/logo\/image\/\"},\"sameAs\":[\"https:\/\/www.facebook.com\/profile.php?id=61553222831431\"]}]}<\/script>\n<!-- \/ Yoast SEO plugin. -->","yoast_head_json":{"title":"Coaching - Fleur de vivre","description":"Prestations coaching : coaching hygi\u00e8ne de vie (1h) : d\u00e9couverte d'alternative en magasin bio ; la parole naturo (30min)","robots":{"index":"index","follow":"follow","max-snippet":"max-snippet:-1","max-image-preview":"max-image-preview:large","max-video-preview":"max-video-preview:-1"},"canonical":"https:\/\/fleurdevivre.fr\/index.php\/les-offres\/coaching","og_locale":"fr_FR","og_type":"article","og_title":"Coaching - Fleur de vivre","og_description":"Prestations coaching : coaching hygi\u00e8ne de vie (1h) : d\u00e9couverte d'alternative en magasin bio ; la parole naturo (30min)","og_url":"https:\/\/fleurdevivre.fr\/index.php\/les-offres\/coaching","og_site_name":"Fleur de vivre","article_publisher":"https:\/\/www.facebook.com\/profile.php?id=61553222831431","article_modified_time":"2023-12-12T21:16:13+00:00","og_image":[{"width":2019,"height":2560,"url":"http:\/\/fleurdevivre.fr\/wp-content\/uploads\/2023\/12\/pexels-natasha-fernandez-811575-scaled.jpg","type":"image\/jpeg"}],"twitter_card":"summary_large_image","twitter_misc":{"Dur\u00e9e de lecture estim\u00e9e":"2 minutes"},"schema":{"@context":"https:\/\/schema.org","@graph":[{"@type":"WebPage","@id":"https:\/\/fleurdevivre.fr\/index.php\/les-offres\/coaching","url":"https:\/\/fleurdevivre.fr\/index.php\/les-offres\/coaching","name":"Coaching - Fleur de vivre","isPartOf":{"@id":"https:\/\/fleurdevivre.fr\/#website"},"datePublished":"2023-12-04T08:38:42+00:00","dateModified":"2023-12-12T21:16:13+00:00","description":"Prestations coaching : coaching hygi\u00e8ne de vie (1h) : d\u00e9couverte d'alternative en magasin bio ; la parole naturo (30min)","breadcrumb":{"@id":"https:\/\/fleurdevivre.fr\/index.php\/les-offres\/coaching#breadcrumb"},"inLanguage":"fr-FR","potentialAction":[{"@type":"ReadAction","target":["https:\/\/fleurdevivre.fr\/index.php\/les-offres\/coaching"]}]},{"@type":"BreadcrumbList","@id":"https:\/\/fleurdevivre.fr\/index.php\/les-offres\/coaching#breadcrumb","itemListElement":[{"@type":"ListItem","position":1,"name":"Accueil","item":"https:\/\/fleurdevivre.fr\/"},{"@type":"ListItem","position":2,"name":"Les offres","item":"https:\/\/fleurdevivre.fr\/index.php\/les-offres"},{"@type":"ListItem","position":3,"name":"Coaching"}]},{"@type":"WebSite","@id":"https:\/\/fleurdevivre.fr\/#website","url":"https:\/\/fleurdevivre.fr\/","name":"Fleur de vivre","description":"Vers l&#039;harmonisation de sa propre vie","publisher":{"@id":"https:\/\/fleurdevivre.fr\/#organization"},"potentialAction":[{"@type":"SearchAction","target":{"@type":"EntryPoint","urlTemplate":"https:\/\/fleurdevivre.fr\/?s={search_term_string}"},"query-input":"required name=search_term_string"}],"inLanguage":"fr-FR"},{"@type":"Organization","@id":"https:\/\/fleurdevivre.fr\/#organization","name":"Fleur de vivre","url":"https:\/\/fleurdevivre.fr\/","logo":{"@type":"ImageObject","inLanguage":"fr-FR","@id":"https:\/\/fleurdevivre.fr\/#\/schema\/logo\/image\/","url":"https:\/\/fleurdevivre.fr\/wp-content\/uploads\/2023\/12\/Capture-decran-2023-10-19-a-16.38.17.png","contentUrl":"https:\/\/fleurdevivre.fr\/wp-content\/uploads\/2023\/12\/Capture-decran-2023-10-19-a-16.38.17.png","width":1784,"height":590,"caption":"Fleur de vivre"},"image":{"@id":"https:\/\/fleurdevivre.fr\/#\/schema\/logo\/image\/"},"sameAs":["https:\/\/www.facebook.com\/profile.php?id=61553222831431"]}]}},"_links":{"self":[{"href":"https:\/\/fleurdevivre.fr\/index.php\/wp-json\/wp\/v2\/pages\/229","targetHints":{"allow":["GET"]}}],"collection":[{"href":"https:\/\/fleurdevivre.fr\/index.php\/wp-json\/wp\/v2\/pages"}],"about":[{"href":"https:\/\/fleurdevivre.fr\/index.php\/wp-json\/wp\/v2\/types\/page"}],"author":[{"embeddable":true,"href":"https:\/\/fleurdevivre.fr\/index.php\/wp-json\/wp\/v2\/users\/1"}],"replies":[{"embeddable":true,"href":"https:\/\/fleurdevivre.fr\/index.php\/wp-json\/wp\/v2\/comments?post=229"}],"version-history":[{"count":4,"href":"https:\/\/fleurdevivre.fr\/index.php\/wp-json\/wp\/v2\/pages\/229\/revisions"}],"predecessor-version":[{"id":451,"href":"https:\/\/fleurdevivre.fr\/index.php\/wp-json\/wp\/v2\/pages\/229\/revisions\/451"}],"up":[{"embeddable":true,"href":"https:\/\/fleurdevivre.fr\/index.php\/wp-json\/wp\/v2\/pages\/49"}],"wp:featuredmedia":[{"embeddable":true,"href":"https:\/\/fleurdevivre.fr\/index.php\/wp-json\/wp\/v2\/media\/261"}],"wp:attachment":[{"href":"https:\/\/fleurdevivre.fr\/index.php\/wp-json\/wp\/v2\/media?parent=229"}],"curies":[{"name":"wp","href":"https:\/\/api.w.org\/{rel}","templated":true}]}}