{"id":232,"date":"2023-12-04T09:39:09","date_gmt":"2023-12-04T08:39:09","guid":{"rendered":"https:\/\/fleurdevivre.fr\/?page_id=232"},"modified":"2023-12-12T23:25:10","modified_gmt":"2023-12-12T22:25:10","slug":"floritherapie","status":"publish","type":"page","link":"https:\/\/fleurdevivre.fr\/index.php\/les-offres\/floritherapie","title":{"rendered":"Florith\u00e9rapie"},"content":{"rendered":"\n<p><\/p>\n\n\n\n<figure class=\"wp-block-image size-large is-resized\"><img loading=\"lazy\" decoding=\"async\" width=\"807\" height=\"1024\" src=\"https:\/\/fleurdevivre.fr\/wp-content\/uploads\/2023\/12\/Design-sans-titre-807x1024.png\" alt=\"\" class=\"wp-image-263\" style=\"width:328px;height:auto\" srcset=\"https:\/\/fleurdevivre.fr\/wp-content\/uploads\/2023\/12\/Design-sans-titre-807x1024.png 807w, https:\/\/fleurdevivre.fr\/wp-content\/uploads\/2023\/12\/Design-sans-titre-236x300.png 236w, https:\/\/fleurdevivre.fr\/wp-content\/uploads\/2023\/12\/Design-sans-titre-768x975.png 768w, https:\/\/fleurdevivre.fr\/wp-content\/uploads\/2023\/12\/Design-sans-titre-1210x1536.png 1210w, https:\/\/fleurdevivre.fr\/wp-content\/uploads\/2023\/12\/Design-sans-titre-1614x2048.png 1614w, https:\/\/fleurdevivre.fr\/wp-content\/uploads\/2023\/12\/Design-sans-titre-47x60.png 47w\" sizes=\"auto, (max-width: 807px) 100vw, 807px\" \/><\/figure>\n\n\n\n<p><\/p>\n\n\n\n<h2 class=\"wp-block-heading\" style=\"text-decoration:underline\">Les bases :<\/h2>\n\n\n\n<p>La florith\u00e9rapie c&rsquo;est quoi ? Peut \u00eatre connaissez vous cet outil sous le nom de Fleur de Bach ou encore \u00e9lixirs floraux. Le produit est obtenu par solarisation de fleurs : les fleurs sont tremp\u00e9es dans l&rsquo;eau et expos\u00e9es au soleil selon une m\u00e9thode particuli\u00e8re. De cette extraction, on obtient les \u00e9lixirs qui aideront  \u00e0 un travail sur l&rsquo;\u00e9motionnel.  <\/p>\n\n\n\n<p>Le but de la florith\u00e9rapie : Soit r\u00e9tablir le psycho \u00e9motionnel en une cure ponctuelle sur une \u00e9motion ou besoin sp\u00e9cifique. Soit avec un suivi plus assidu pour aller chercher la base des \u00e9motions.<\/p>\n\n\n\n<p><\/p>\n\n\n\n<h2 class=\"wp-block-heading\" style=\"text-decoration:underline\">Les prestations en florith\u00e9rapie :<\/h2>\n\n\n\n<p><\/p>\n\n\n\n<h2 class=\"wp-block-heading\">Florith\u00e9rapie*\u00a0(45min) 45\u20ac**<\/h2>\n\n\n\n<div class=\"wp-block-group is-nowrap is-layout-flex wp-container-core-group-is-layout-ad2f72ca wp-block-group-is-layout-flex\">\n<p>La Florith\u00e9rapie est une m\u00e9thode de gestion \u00e9motionnelle qui utilise des \u00e9lixirs floraux. Je vous conseillerais les fleurs de Bach avec une \u00e9coute active et une personnalisation pour un r\u00e9\u00e9quilibrage \u00e9motionnel, dans une dynamique d\u2019\u00e9panouissement.<\/p>\n\n\n\n<figure class=\"wp-block-image size-large is-resized\"><img loading=\"lazy\" decoding=\"async\" width=\"683\" height=\"1024\" src=\"https:\/\/fleurdevivre.fr\/wp-content\/uploads\/2023\/12\/pexels-karolina-grabowska-4041331-683x1024.jpg\" alt=\"image descriptive florith\u00e9rapie\" class=\"wp-image-453\" style=\"width:174px;height:auto\" srcset=\"https:\/\/fleurdevivre.fr\/wp-content\/uploads\/2023\/12\/pexels-karolina-grabowska-4041331-683x1024.jpg 683w, https:\/\/fleurdevivre.fr\/wp-content\/uploads\/2023\/12\/pexels-karolina-grabowska-4041331-200x300.jpg 200w, https:\/\/fleurdevivre.fr\/wp-content\/uploads\/2023\/12\/pexels-karolina-grabowska-4041331-768x1152.jpg 768w, https:\/\/fleurdevivre.fr\/wp-content\/uploads\/2023\/12\/pexels-karolina-grabowska-4041331-1024x1536.jpg 1024w, https:\/\/fleurdevivre.fr\/wp-content\/uploads\/2023\/12\/pexels-karolina-grabowska-4041331-1365x2048.jpg 1365w, https:\/\/fleurdevivre.fr\/wp-content\/uploads\/2023\/12\/pexels-karolina-grabowska-4041331-40x60.jpg 40w, https:\/\/fleurdevivre.fr\/wp-content\/uploads\/2023\/12\/pexels-karolina-grabowska-4041331-scaled.jpg 1707w\" sizes=\"auto, (max-width: 683px) 100vw, 683px\" \/><\/figure>\n<\/div>\n\n\n\n<p><\/p>\n\n\n\n<h2 class=\"wp-block-heading\">Florith\u00e9rapie b\u00e9b\u00e9 \/ enfant*(30 min) 30\u20ac**\u00a0<\/h2>\n\n\n\n<div class=\"wp-block-group is-nowrap is-layout-flex wp-container-core-group-is-layout-ad2f72ca wp-block-group-is-layout-flex\">\n<p>Une s\u00e9ance adapt\u00e9e \u00e0 l\u2019enfant, devenir plus autonome, mettre des mots sur ses sentiments, exprimer ses ressentis. Un soutien \u00e0 chaque \u00e9tape de sa vie pour lui mais aussi pour sa famille.<\/p>\n\n\n\n<figure class=\"wp-block-image size-large is-resized\"><img loading=\"lazy\" decoding=\"async\" width=\"683\" height=\"1024\" src=\"http:\/\/fleurdevivre.fr\/wp-content\/uploads\/2023\/12\/pexels-jonas-mohamadi-1416736-1-683x1024.jpg\" alt=\"image descriptive florith\u00e9rapie\" class=\"wp-image-455\" style=\"width:174px;height:auto\" srcset=\"https:\/\/fleurdevivre.fr\/wp-content\/uploads\/2023\/12\/pexels-jonas-mohamadi-1416736-1-683x1024.jpg 683w, https:\/\/fleurdevivre.fr\/wp-content\/uploads\/2023\/12\/pexels-jonas-mohamadi-1416736-1-200x300.jpg 200w, https:\/\/fleurdevivre.fr\/wp-content\/uploads\/2023\/12\/pexels-jonas-mohamadi-1416736-1-768x1151.jpg 768w, https:\/\/fleurdevivre.fr\/wp-content\/uploads\/2023\/12\/pexels-jonas-mohamadi-1416736-1-1025x1536.jpg 1025w, https:\/\/fleurdevivre.fr\/wp-content\/uploads\/2023\/12\/pexels-jonas-mohamadi-1416736-1-scaled.jpg 1709w\" sizes=\"auto, (max-width: 683px) 100vw, 683px\" \/><\/figure>\n<\/div>\n\n\n\n<p><\/p>\n\n\n\n<p><\/p>\n\n\n\n<p class=\"has-small-font-size\">*Un bilan de vitalit\u00e9 et des conseils de Naturopathie ne pourront en rien se substituer \u00e0 une consultation chez le m\u00e9decin. Si votre m\u00e9decin vous a prescrit des m\u00e9dicaments, lui seul est habilit\u00e9 \u00e0 modifier votre ordonnance. La Naturopathie ne r\u00e9alise ni diagnostic ni ne substitue \u00e0 un traitement m\u00e9dical. Tout modelage bien-\u00eatre n\u2019a aucun but th\u00e9rapeutique.<\/p>\n\n\n\n<p class=\"has-small-font-size\">** \u00ab\u00a0TVA non applicable, article 293 B CGI\u00a0\u00bb<\/p>\n\n\n\n<p><\/p>\n\n\n\n<p>Pour les r\u00e9servations c&rsquo;est par <a href=\"https:\/\/fleurdevivre.fr\/index.php\/reservations\">ici<\/a>.<\/p>\n\n\n\n<p>Pour me suivre via Facebook c&rsquo;est par <a href=\"https:\/\/www.facebook.com\/profile.php?id=61553222831431\">l\u00e0.<\/a><\/p>\n","protected":false},"excerpt":{"rendered":"<p>Les bases : La florith\u00e9rapie c&rsquo;est quoi ? Peut \u00eatre connaissez vous cet outil sous le nom de Fleur de Bach ou encore \u00e9lixirs floraux. Le produit est obtenu par &hellip; <\/p>\n","protected":false},"author":1,"featured_media":263,"parent":49,"menu_order":2,"comment_status":"closed","ping_status":"closed","template":"","meta":{"footnotes":""},"class_list":["post-232","page","type-page","status-publish","has-post-thumbnail","hentry"],"yoast_head":"<!-- This site is optimized with the Yoast SEO plugin v22.1 - https:\/\/yoast.com\/wordpress\/plugins\/seo\/ -->\n<title>Florith\u00e9rapie - Fleur de vivre<\/title>\n<meta name=\"description\" content=\"La Florith\u00e9rapie : m\u00e9thode de gestion \u00e9motionnelle qui utilise des \u00e9lixirs floraux. Prestations : Florith\u00e9rapie adulte ou enfant.\" \/>\n<meta name=\"robots\" content=\"index, follow, max-snippet:-1, max-image-preview:large, max-video-preview:-1\" \/>\n<link rel=\"canonical\" href=\"https:\/\/fleurdevivre.fr\/index.php\/les-offres\/floritherapie\" \/>\n<meta property=\"og:locale\" content=\"fr_FR\" \/>\n<meta property=\"og:type\" content=\"article\" \/>\n<meta property=\"og:title\" content=\"Florith\u00e9rapie - Fleur de vivre\" \/>\n<meta property=\"og:description\" content=\"La Florith\u00e9rapie : m\u00e9thode de gestion \u00e9motionnelle qui utilise des \u00e9lixirs floraux. Prestations : Florith\u00e9rapie adulte ou enfant.\" \/>\n<meta property=\"og:url\" content=\"https:\/\/fleurdevivre.fr\/index.php\/les-offres\/floritherapie\" \/>\n<meta property=\"og:site_name\" content=\"Fleur de vivre\" \/>\n<meta property=\"article:publisher\" content=\"https:\/\/www.facebook.com\/profile.php?id=61553222831431\" \/>\n<meta property=\"article:modified_time\" content=\"2023-12-12T22:25:10+00:00\" \/>\n<meta property=\"og:image\" content=\"http:\/\/fleurdevivre.fr\/wp-content\/uploads\/2023\/12\/Design-sans-titre-807x1024.png\" \/>\n\t<meta property=\"og:image:width\" content=\"807\" \/>\n\t<meta property=\"og:image:height\" content=\"1024\" \/>\n\t<meta property=\"og:image:type\" content=\"image\/png\" \/>\n<meta name=\"twitter:card\" content=\"summary_large_image\" \/>\n<meta name=\"twitter:label1\" content=\"Dur\u00e9e de lecture estim\u00e9e\" \/>\n\t<meta name=\"twitter:data1\" content=\"2 minutes\" \/>\n<script type=\"application\/ld+json\" class=\"yoast-schema-graph\">{\"@context\":\"https:\/\/schema.org\",\"@graph\":[{\"@type\":\"WebPage\",\"@id\":\"https:\/\/fleurdevivre.fr\/index.php\/les-offres\/floritherapie\",\"url\":\"https:\/\/fleurdevivre.fr\/index.php\/les-offres\/floritherapie\",\"name\":\"Florith\u00e9rapie - Fleur de vivre\",\"isPartOf\":{\"@id\":\"https:\/\/fleurdevivre.fr\/#website\"},\"datePublished\":\"2023-12-04T08:39:09+00:00\",\"dateModified\":\"2023-12-12T22:25:10+00:00\",\"description\":\"La Florith\u00e9rapie : m\u00e9thode de gestion \u00e9motionnelle qui utilise des \u00e9lixirs floraux. Prestations : Florith\u00e9rapie adulte ou enfant.\",\"breadcrumb\":{\"@id\":\"https:\/\/fleurdevivre.fr\/index.php\/les-offres\/floritherapie#breadcrumb\"},\"inLanguage\":\"fr-FR\",\"potentialAction\":[{\"@type\":\"ReadAction\",\"target\":[\"https:\/\/fleurdevivre.fr\/index.php\/les-offres\/floritherapie\"]}]},{\"@type\":\"BreadcrumbList\",\"@id\":\"https:\/\/fleurdevivre.fr\/index.php\/les-offres\/floritherapie#breadcrumb\",\"itemListElement\":[{\"@type\":\"ListItem\",\"position\":1,\"name\":\"Accueil\",\"item\":\"https:\/\/fleurdevivre.fr\/\"},{\"@type\":\"ListItem\",\"position\":2,\"name\":\"Les offres\",\"item\":\"https:\/\/fleurdevivre.fr\/index.php\/les-offres\"},{\"@type\":\"ListItem\",\"position\":3,\"name\":\"Florith\u00e9rapie\"}]},{\"@type\":\"WebSite\",\"@id\":\"https:\/\/fleurdevivre.fr\/#website\",\"url\":\"https:\/\/fleurdevivre.fr\/\",\"name\":\"Fleur de vivre\",\"description\":\"Vers l&#039;harmonisation de sa propre vie\",\"publisher\":{\"@id\":\"https:\/\/fleurdevivre.fr\/#organization\"},\"potentialAction\":[{\"@type\":\"SearchAction\",\"target\":{\"@type\":\"EntryPoint\",\"urlTemplate\":\"https:\/\/fleurdevivre.fr\/?s={search_term_string}\"},\"query-input\":\"required name=search_term_string\"}],\"inLanguage\":\"fr-FR\"},{\"@type\":\"Organization\",\"@id\":\"https:\/\/fleurdevivre.fr\/#organization\",\"name\":\"Fleur de vivre\",\"url\":\"https:\/\/fleurdevivre.fr\/\",\"logo\":{\"@type\":\"ImageObject\",\"inLanguage\":\"fr-FR\",\"@id\":\"https:\/\/fleurdevivre.fr\/#\/schema\/logo\/image\/\",\"url\":\"https:\/\/fleurdevivre.fr\/wp-content\/uploads\/2023\/12\/Capture-decran-2023-10-19-a-16.38.17.png\",\"contentUrl\":\"https:\/\/fleurdevivre.fr\/wp-content\/uploads\/2023\/12\/Capture-decran-2023-10-19-a-16.38.17.png\",\"width\":1784,\"height\":590,\"caption\":\"Fleur de vivre\"},\"image\":{\"@id\":\"https:\/\/fleurdevivre.fr\/#\/schema\/logo\/image\/\"},\"sameAs\":[\"https:\/\/www.facebook.com\/profile.php?id=61553222831431\"]}]}<\/script>\n<!-- \/ Yoast SEO plugin. -->","yoast_head_json":{"title":"Florith\u00e9rapie - Fleur de vivre","description":"La Florith\u00e9rapie : m\u00e9thode de gestion \u00e9motionnelle qui utilise des \u00e9lixirs floraux. Prestations : Florith\u00e9rapie adulte ou enfant.","robots":{"index":"index","follow":"follow","max-snippet":"max-snippet:-1","max-image-preview":"max-image-preview:large","max-video-preview":"max-video-preview:-1"},"canonical":"https:\/\/fleurdevivre.fr\/index.php\/les-offres\/floritherapie","og_locale":"fr_FR","og_type":"article","og_title":"Florith\u00e9rapie - Fleur de vivre","og_description":"La Florith\u00e9rapie : m\u00e9thode de gestion \u00e9motionnelle qui utilise des \u00e9lixirs floraux. Prestations : Florith\u00e9rapie adulte ou enfant.","og_url":"https:\/\/fleurdevivre.fr\/index.php\/les-offres\/floritherapie","og_site_name":"Fleur de vivre","article_publisher":"https:\/\/www.facebook.com\/profile.php?id=61553222831431","article_modified_time":"2023-12-12T22:25:10+00:00","og_image":[{"width":807,"height":1024,"url":"http:\/\/fleurdevivre.fr\/wp-content\/uploads\/2023\/12\/Design-sans-titre-807x1024.png","type":"image\/png"}],"twitter_card":"summary_large_image","twitter_misc":{"Dur\u00e9e de lecture estim\u00e9e":"2 minutes"},"schema":{"@context":"https:\/\/schema.org","@graph":[{"@type":"WebPage","@id":"https:\/\/fleurdevivre.fr\/index.php\/les-offres\/floritherapie","url":"https:\/\/fleurdevivre.fr\/index.php\/les-offres\/floritherapie","name":"Florith\u00e9rapie - Fleur de vivre","isPartOf":{"@id":"https:\/\/fleurdevivre.fr\/#website"},"datePublished":"2023-12-04T08:39:09+00:00","dateModified":"2023-12-12T22:25:10+00:00","description":"La Florith\u00e9rapie : m\u00e9thode de gestion \u00e9motionnelle qui utilise des \u00e9lixirs floraux. Prestations : Florith\u00e9rapie adulte ou enfant.","breadcrumb":{"@id":"https:\/\/fleurdevivre.fr\/index.php\/les-offres\/floritherapie#breadcrumb"},"inLanguage":"fr-FR","potentialAction":[{"@type":"ReadAction","target":["https:\/\/fleurdevivre.fr\/index.php\/les-offres\/floritherapie"]}]},{"@type":"BreadcrumbList","@id":"https:\/\/fleurdevivre.fr\/index.php\/les-offres\/floritherapie#breadcrumb","itemListElement":[{"@type":"ListItem","position":1,"name":"Accueil","item":"https:\/\/fleurdevivre.fr\/"},{"@type":"ListItem","position":2,"name":"Les offres","item":"https:\/\/fleurdevivre.fr\/index.php\/les-offres"},{"@type":"ListItem","position":3,"name":"Florith\u00e9rapie"}]},{"@type":"WebSite","@id":"https:\/\/fleurdevivre.fr\/#website","url":"https:\/\/fleurdevivre.fr\/","name":"Fleur de vivre","description":"Vers l&#039;harmonisation de sa propre vie","publisher":{"@id":"https:\/\/fleurdevivre.fr\/#organization"},"potentialAction":[{"@type":"SearchAction","target":{"@type":"EntryPoint","urlTemplate":"https:\/\/fleurdevivre.fr\/?s={search_term_string}"},"query-input":"required name=search_term_string"}],"inLanguage":"fr-FR"},{"@type":"Organization","@id":"https:\/\/fleurdevivre.fr\/#organization","name":"Fleur de vivre","url":"https:\/\/fleurdevivre.fr\/","logo":{"@type":"ImageObject","inLanguage":"fr-FR","@id":"https:\/\/fleurdevivre.fr\/#\/schema\/logo\/image\/","url":"https:\/\/fleurdevivre.fr\/wp-content\/uploads\/2023\/12\/Capture-decran-2023-10-19-a-16.38.17.png","contentUrl":"https:\/\/fleurdevivre.fr\/wp-content\/uploads\/2023\/12\/Capture-decran-2023-10-19-a-16.38.17.png","width":1784,"height":590,"caption":"Fleur de vivre"},"image":{"@id":"https:\/\/fleurdevivre.fr\/#\/schema\/logo\/image\/"},"sameAs":["https:\/\/www.facebook.com\/profile.php?id=61553222831431"]}]}},"_links":{"self":[{"href":"https:\/\/fleurdevivre.fr\/index.php\/wp-json\/wp\/v2\/pages\/232","targetHints":{"allow":["GET"]}}],"collection":[{"href":"https:\/\/fleurdevivre.fr\/index.php\/wp-json\/wp\/v2\/pages"}],"about":[{"href":"https:\/\/fleurdevivre.fr\/index.php\/wp-json\/wp\/v2\/types\/page"}],"author":[{"embeddable":true,"href":"https:\/\/fleurdevivre.fr\/index.php\/wp-json\/wp\/v2\/users\/1"}],"replies":[{"embeddable":true,"href":"https:\/\/fleurdevivre.fr\/index.php\/wp-json\/wp\/v2\/comments?post=232"}],"version-history":[{"count":3,"href":"https:\/\/fleurdevivre.fr\/index.php\/wp-json\/wp\/v2\/pages\/232\/revisions"}],"predecessor-version":[{"id":456,"href":"https:\/\/fleurdevivre.fr\/index.php\/wp-json\/wp\/v2\/pages\/232\/revisions\/456"}],"up":[{"embeddable":true,"href":"https:\/\/fleurdevivre.fr\/index.php\/wp-json\/wp\/v2\/pages\/49"}],"wp:featuredmedia":[{"embeddable":true,"href":"https:\/\/fleurdevivre.fr\/index.php\/wp-json\/wp\/v2\/media\/263"}],"wp:attachment":[{"href":"https:\/\/fleurdevivre.fr\/index.php\/wp-json\/wp\/v2\/media?parent=232"}],"curies":[{"name":"wp","href":"https:\/\/api.w.org\/{rel}","templated":true}]}}