{"id":235,"date":"2023-12-04T09:39:41","date_gmt":"2023-12-04T08:39:41","guid":{"rendered":"https:\/\/fleurdevivre.fr\/?page_id=235"},"modified":"2023-12-13T10:58:27","modified_gmt":"2023-12-13T09:58:27","slug":"reflexologie-plantaire","status":"publish","type":"page","link":"https:\/\/fleurdevivre.fr\/index.php\/les-offres\/reflexologie-plantaire","title":{"rendered":"R\u00e9flexologie plantaire"},"content":{"rendered":"\n<p><\/p>\n\n\n\n<figure class=\"wp-block-image size-large is-resized\"><img loading=\"lazy\" decoding=\"async\" width=\"807\" height=\"1024\" src=\"https:\/\/fleurdevivre.fr\/wp-content\/uploads\/2023\/12\/pexels-anete-lusina-5240642-2-807x1024.jpg\" alt=\"\" class=\"wp-image-265\" style=\"width:319px;height:auto\" srcset=\"https:\/\/fleurdevivre.fr\/wp-content\/uploads\/2023\/12\/pexels-anete-lusina-5240642-2-807x1024.jpg 807w, https:\/\/fleurdevivre.fr\/wp-content\/uploads\/2023\/12\/pexels-anete-lusina-5240642-2-236x300.jpg 236w, https:\/\/fleurdevivre.fr\/wp-content\/uploads\/2023\/12\/pexels-anete-lusina-5240642-2-768x975.jpg 768w, https:\/\/fleurdevivre.fr\/wp-content\/uploads\/2023\/12\/pexels-anete-lusina-5240642-2-1210x1536.jpg 1210w, https:\/\/fleurdevivre.fr\/wp-content\/uploads\/2023\/12\/pexels-anete-lusina-5240642-2-1614x2048.jpg 1614w, https:\/\/fleurdevivre.fr\/wp-content\/uploads\/2023\/12\/pexels-anete-lusina-5240642-2-47x60.jpg 47w, https:\/\/fleurdevivre.fr\/wp-content\/uploads\/2023\/12\/pexels-anete-lusina-5240642-2-scaled.jpg 2017w\" sizes=\"auto, (max-width: 807px) 100vw, 807px\" \/><\/figure>\n\n\n\n<h2 class=\"wp-block-heading\" style=\"text-decoration:underline\">Les bases :<\/h2>\n\n\n\n<p>La r\u00e9flexologie est une pratique visant \u00e0 d\u00e9tendre les pieds et tout le corps.  Comment ? Gr\u00e2ce aux 7200 terminaisons nerveuses qui parcourent chacun de nos pieds. Ce type de massage permet de \u00ab diminuer vos crispations \u00bb en travaillant sur les zones r\u00e9flexes de votre corps.<\/p>\n\n\n\n<p>Sa vis\u00e9e :<\/p>\n\n\n\n<ul class=\"wp-block-list\">\n<li>Rel\u00e2cher le stress et les tensions<\/li>\n\n\n\n<li>Aider \u00e0 l&rsquo;autor\u00e9gulation du corps<\/li>\n\n\n\n<li>Favoriser les d\u00e9blocages<\/li>\n\n\n\n<li>Pr\u00e9venir et soulager certains probl\u00e8mes.<\/li>\n<\/ul>\n\n\n\n<p><\/p>\n\n\n\n<p><strong>Contre indications : phl\u00e9bite, thrombose, blessure ou trauma r\u00e9cent du pied<\/strong><\/p>\n\n\n\n<p><\/p>\n\n\n\n<h2 class=\"wp-block-heading\" style=\"text-decoration:underline\">Les prestations en r\u00e9flexologie :<\/h2>\n\n\n\n<p><\/p>\n\n\n\n<h2 class=\"wp-block-heading\">R\u00e9flexologie bilan*&nbsp;(1h) 60\u20ac**<\/h2>\n\n\n\n<div class=\"wp-block-group is-nowrap is-layout-flex wp-container-core-group-is-layout-ad2f72ca wp-block-group-is-layout-flex\">\n<p>Nos pieds sont le miroir de notre corps, ils peuvent refl\u00e9ter : d\u00e9s\u00e9quilibre, blocage, faiblesse. Alors pourquoi ne pas prendre soin de ceux qui vous portent toute la journ\u00e9e. Le massage des zones r\u00e9flexes du pied permet : d\u00e9tente profonde, apaisement, remise en mouvement et \u00e9quilibrage. Lors de cette premi\u00e8re s\u00e9ance, nous \u00e9changerons sur vos besoins. Puis vous recevrez un protocole personnalis\u00e9.<\/p>\n\n\n\n<figure class=\"wp-block-image size-large is-resized\"><img loading=\"lazy\" decoding=\"async\" width=\"684\" height=\"1024\" src=\"https:\/\/fleurdevivre.fr\/wp-content\/uploads\/2023\/12\/pexels-photo-5240642-684x1024.webp\" alt=\"\" class=\"wp-image-460\" style=\"width:214px;height:auto\" srcset=\"https:\/\/fleurdevivre.fr\/wp-content\/uploads\/2023\/12\/pexels-photo-5240642-684x1024.webp 684w, https:\/\/fleurdevivre.fr\/wp-content\/uploads\/2023\/12\/pexels-photo-5240642-200x300.webp 200w, https:\/\/fleurdevivre.fr\/wp-content\/uploads\/2023\/12\/pexels-photo-5240642-768x1150.webp 768w, https:\/\/fleurdevivre.fr\/wp-content\/uploads\/2023\/12\/pexels-photo-5240642-40x60.webp 40w, https:\/\/fleurdevivre.fr\/wp-content\/uploads\/2023\/12\/pexels-photo-5240642.webp 800w\" sizes=\"auto, (max-width: 684px) 100vw, 684px\" \/><\/figure>\n<\/div>\n\n\n\n<p><\/p>\n\n\n\n<p><\/p>\n\n\n\n<h2 class=\"wp-block-heading\">R\u00e9flexologie suivi \/ d\u00e9tente *(45min) 45\u20ac**<\/h2>\n\n\n\n<div class=\"wp-block-group is-nowrap is-layout-flex wp-container-core-group-is-layout-ad2f72ca wp-block-group-is-layout-flex\">\n<p>Pour un suivi r\u00e9gulier sur une probl\u00e9matique donn\u00e9e, ou un simple besoin de d\u00e9tente : cette s\u00e9ance est faite pour vous.<\/p>\n\n\n\n<figure class=\"wp-block-image size-large is-resized\"><img loading=\"lazy\" decoding=\"async\" width=\"683\" height=\"1024\" src=\"https:\/\/fleurdevivre.fr\/wp-content\/uploads\/2023\/12\/pexels-photo-6628700-683x1024.webp\" alt=\"\" class=\"wp-image-461\" style=\"width:174px;height:auto\" srcset=\"https:\/\/fleurdevivre.fr\/wp-content\/uploads\/2023\/12\/pexels-photo-6628700-683x1024.webp 683w, https:\/\/fleurdevivre.fr\/wp-content\/uploads\/2023\/12\/pexels-photo-6628700-200x300.webp 200w, https:\/\/fleurdevivre.fr\/wp-content\/uploads\/2023\/12\/pexels-photo-6628700-768x1152.webp 768w, https:\/\/fleurdevivre.fr\/wp-content\/uploads\/2023\/12\/pexels-photo-6628700-40x60.webp 40w, https:\/\/fleurdevivre.fr\/wp-content\/uploads\/2023\/12\/pexels-photo-6628700.webp 800w\" sizes=\"auto, (max-width: 683px) 100vw, 683px\" \/><\/figure>\n<\/div>\n\n\n\n<p><\/p>\n\n\n\n<h2 class=\"wp-block-heading\">R\u00e9flexologie b\u00e9b\u00e9\/enfant *(30min) 30\u20ac**<\/h2>\n\n\n\n<div class=\"wp-block-group is-nowrap is-layout-flex wp-container-core-group-is-layout-ad2f72ca wp-block-group-is-layout-flex\">\n<p>Parenth\u00e8se d\u00e9tente, ou accompagnement sur des besoins sp\u00e9cifiques. Un instant de partage entre parents, enfant et praticien autant sur les gestes que vous pourrez r\u00e9p\u00e9ter \u00e0 la maison que sur vos \u00e9ventuelles questions.<\/p>\n\n\n\n<figure class=\"wp-block-image size-large is-resized\"><img loading=\"lazy\" decoding=\"async\" width=\"683\" height=\"1024\" src=\"https:\/\/fleurdevivre.fr\/wp-content\/uploads\/2023\/12\/pexels-photo-6671066-683x1024.webp\" alt=\"\" class=\"wp-image-462\" style=\"width:174px;height:auto\" srcset=\"https:\/\/fleurdevivre.fr\/wp-content\/uploads\/2023\/12\/pexels-photo-6671066-683x1024.webp 683w, https:\/\/fleurdevivre.fr\/wp-content\/uploads\/2023\/12\/pexels-photo-6671066-200x300.webp 200w, https:\/\/fleurdevivre.fr\/wp-content\/uploads\/2023\/12\/pexels-photo-6671066-768x1151.webp 768w, https:\/\/fleurdevivre.fr\/wp-content\/uploads\/2023\/12\/pexels-photo-6671066-40x60.webp 40w, https:\/\/fleurdevivre.fr\/wp-content\/uploads\/2023\/12\/pexels-photo-6671066.webp 800w\" sizes=\"auto, (max-width: 683px) 100vw, 683px\" \/><\/figure>\n<\/div>\n\n\n\n<p><\/p>\n\n\n\n<p><\/p>\n\n\n\n<p class=\"has-small-font-size\">*Un bilan de vitalit\u00e9 et des conseils de Naturopathie ne pourront en rien se substituer \u00e0 une consultation chez le m\u00e9decin. Si votre m\u00e9decin vous a prescrit des m\u00e9dicaments, lui seul est habilit\u00e9 \u00e0 modifier votre ordonnance. La Naturopathie ne r\u00e9alise ni diagnostic ni ne substitue \u00e0 un traitement m\u00e9dical. Tout modelage bien-\u00eatre n\u2019a aucun but th\u00e9rapeutique.<\/p>\n\n\n\n<p class=\"has-small-font-size\">** \u00ab&nbsp;TVA non applicable, article 293 B CGI&nbsp;\u00bb<\/p>\n\n\n\n<p>Pour les r\u00e9servations c&rsquo;est par <a href=\"https:\/\/fleurdevivre.fr\/index.php\/reservations\">ici<\/a>.<\/p>\n\n\n\n<p>Pour me suivre via Facebook c&rsquo;est par <a href=\"https:\/\/www.facebook.com\/profile.php?id=61553222831431\">l\u00e0.<\/a><\/p>\n","protected":false},"excerpt":{"rendered":"<p>Les bases : La r\u00e9flexologie est une pratique visant \u00e0 d\u00e9tendre les pieds et tout le corps. Comment ? Gr\u00e2ce aux 7200 terminaisons nerveuses qui parcourent chacun de nos pieds. &hellip; <\/p>\n","protected":false},"author":1,"featured_media":265,"parent":49,"menu_order":2,"comment_status":"closed","ping_status":"closed","template":"","meta":{"footnotes":""},"class_list":["post-235","page","type-page","status-publish","has-post-thumbnail","hentry"],"yoast_head":"<!-- This site is optimized with the Yoast SEO plugin v22.1 - https:\/\/yoast.com\/wordpress\/plugins\/seo\/ -->\n<title>R\u00e9flexologie plantaire - Fleur de vivre<\/title>\n<meta name=\"description\" content=\"La r\u00e9flexologie plantaire est une pratique visant \u00e0 d\u00e9tendre les pieds et tout le corps. Prestations : bilan, d\u00e9tente, enfant.\" \/>\n<meta name=\"robots\" content=\"index, follow, max-snippet:-1, max-image-preview:large, max-video-preview:-1\" \/>\n<link rel=\"canonical\" href=\"https:\/\/fleurdevivre.fr\/index.php\/les-offres\/reflexologie-plantaire\" \/>\n<meta property=\"og:locale\" content=\"fr_FR\" \/>\n<meta property=\"og:type\" content=\"article\" \/>\n<meta property=\"og:title\" content=\"R\u00e9flexologie plantaire - Fleur de vivre\" \/>\n<meta property=\"og:description\" content=\"La r\u00e9flexologie plantaire est une pratique visant \u00e0 d\u00e9tendre les pieds et tout le corps. Prestations : bilan, d\u00e9tente, enfant.\" \/>\n<meta property=\"og:url\" content=\"https:\/\/fleurdevivre.fr\/index.php\/les-offres\/reflexologie-plantaire\" \/>\n<meta property=\"og:site_name\" content=\"Fleur de vivre\" \/>\n<meta property=\"article:publisher\" content=\"https:\/\/www.facebook.com\/profile.php?id=61553222831431\" \/>\n<meta property=\"article:modified_time\" content=\"2023-12-13T09:58:27+00:00\" \/>\n<meta property=\"og:image\" content=\"http:\/\/fleurdevivre.fr\/wp-content\/uploads\/2023\/12\/pexels-anete-lusina-5240642-2-scaled.jpg\" \/>\n\t<meta property=\"og:image:width\" content=\"2017\" \/>\n\t<meta property=\"og:image:height\" content=\"2560\" \/>\n\t<meta property=\"og:image:type\" content=\"image\/jpeg\" \/>\n<meta name=\"twitter:card\" content=\"summary_large_image\" \/>\n<meta name=\"twitter:label1\" content=\"Dur\u00e9e de lecture estim\u00e9e\" \/>\n\t<meta name=\"twitter:data1\" content=\"3 minutes\" \/>\n<script type=\"application\/ld+json\" class=\"yoast-schema-graph\">{\"@context\":\"https:\/\/schema.org\",\"@graph\":[{\"@type\":\"WebPage\",\"@id\":\"https:\/\/fleurdevivre.fr\/index.php\/les-offres\/reflexologie-plantaire\",\"url\":\"https:\/\/fleurdevivre.fr\/index.php\/les-offres\/reflexologie-plantaire\",\"name\":\"R\u00e9flexologie plantaire - Fleur de vivre\",\"isPartOf\":{\"@id\":\"https:\/\/fleurdevivre.fr\/#website\"},\"datePublished\":\"2023-12-04T08:39:41+00:00\",\"dateModified\":\"2023-12-13T09:58:27+00:00\",\"description\":\"La r\u00e9flexologie plantaire est une pratique visant \u00e0 d\u00e9tendre les pieds et tout le corps. Prestations : bilan, d\u00e9tente, enfant.\",\"breadcrumb\":{\"@id\":\"https:\/\/fleurdevivre.fr\/index.php\/les-offres\/reflexologie-plantaire#breadcrumb\"},\"inLanguage\":\"fr-FR\",\"potentialAction\":[{\"@type\":\"ReadAction\",\"target\":[\"https:\/\/fleurdevivre.fr\/index.php\/les-offres\/reflexologie-plantaire\"]}]},{\"@type\":\"BreadcrumbList\",\"@id\":\"https:\/\/fleurdevivre.fr\/index.php\/les-offres\/reflexologie-plantaire#breadcrumb\",\"itemListElement\":[{\"@type\":\"ListItem\",\"position\":1,\"name\":\"Accueil\",\"item\":\"https:\/\/fleurdevivre.fr\/\"},{\"@type\":\"ListItem\",\"position\":2,\"name\":\"Les offres\",\"item\":\"https:\/\/fleurdevivre.fr\/index.php\/les-offres\"},{\"@type\":\"ListItem\",\"position\":3,\"name\":\"R\u00e9flexologie plantaire\"}]},{\"@type\":\"WebSite\",\"@id\":\"https:\/\/fleurdevivre.fr\/#website\",\"url\":\"https:\/\/fleurdevivre.fr\/\",\"name\":\"Fleur de vivre\",\"description\":\"Vers l&#039;harmonisation de sa propre vie\",\"publisher\":{\"@id\":\"https:\/\/fleurdevivre.fr\/#organization\"},\"potentialAction\":[{\"@type\":\"SearchAction\",\"target\":{\"@type\":\"EntryPoint\",\"urlTemplate\":\"https:\/\/fleurdevivre.fr\/?s={search_term_string}\"},\"query-input\":\"required name=search_term_string\"}],\"inLanguage\":\"fr-FR\"},{\"@type\":\"Organization\",\"@id\":\"https:\/\/fleurdevivre.fr\/#organization\",\"name\":\"Fleur de vivre\",\"url\":\"https:\/\/fleurdevivre.fr\/\",\"logo\":{\"@type\":\"ImageObject\",\"inLanguage\":\"fr-FR\",\"@id\":\"https:\/\/fleurdevivre.fr\/#\/schema\/logo\/image\/\",\"url\":\"https:\/\/fleurdevivre.fr\/wp-content\/uploads\/2023\/12\/Capture-decran-2023-10-19-a-16.38.17.png\",\"contentUrl\":\"https:\/\/fleurdevivre.fr\/wp-content\/uploads\/2023\/12\/Capture-decran-2023-10-19-a-16.38.17.png\",\"width\":1784,\"height\":590,\"caption\":\"Fleur de vivre\"},\"image\":{\"@id\":\"https:\/\/fleurdevivre.fr\/#\/schema\/logo\/image\/\"},\"sameAs\":[\"https:\/\/www.facebook.com\/profile.php?id=61553222831431\"]}]}<\/script>\n<!-- \/ Yoast SEO plugin. -->","yoast_head_json":{"title":"R\u00e9flexologie plantaire - Fleur de vivre","description":"La r\u00e9flexologie plantaire est une pratique visant \u00e0 d\u00e9tendre les pieds et tout le corps. Prestations : bilan, d\u00e9tente, enfant.","robots":{"index":"index","follow":"follow","max-snippet":"max-snippet:-1","max-image-preview":"max-image-preview:large","max-video-preview":"max-video-preview:-1"},"canonical":"https:\/\/fleurdevivre.fr\/index.php\/les-offres\/reflexologie-plantaire","og_locale":"fr_FR","og_type":"article","og_title":"R\u00e9flexologie plantaire - Fleur de vivre","og_description":"La r\u00e9flexologie plantaire est une pratique visant \u00e0 d\u00e9tendre les pieds et tout le corps. Prestations : bilan, d\u00e9tente, enfant.","og_url":"https:\/\/fleurdevivre.fr\/index.php\/les-offres\/reflexologie-plantaire","og_site_name":"Fleur de vivre","article_publisher":"https:\/\/www.facebook.com\/profile.php?id=61553222831431","article_modified_time":"2023-12-13T09:58:27+00:00","og_image":[{"width":2017,"height":2560,"url":"http:\/\/fleurdevivre.fr\/wp-content\/uploads\/2023\/12\/pexels-anete-lusina-5240642-2-scaled.jpg","type":"image\/jpeg"}],"twitter_card":"summary_large_image","twitter_misc":{"Dur\u00e9e de lecture estim\u00e9e":"3 minutes"},"schema":{"@context":"https:\/\/schema.org","@graph":[{"@type":"WebPage","@id":"https:\/\/fleurdevivre.fr\/index.php\/les-offres\/reflexologie-plantaire","url":"https:\/\/fleurdevivre.fr\/index.php\/les-offres\/reflexologie-plantaire","name":"R\u00e9flexologie plantaire - Fleur de vivre","isPartOf":{"@id":"https:\/\/fleurdevivre.fr\/#website"},"datePublished":"2023-12-04T08:39:41+00:00","dateModified":"2023-12-13T09:58:27+00:00","description":"La r\u00e9flexologie plantaire est une pratique visant \u00e0 d\u00e9tendre les pieds et tout le corps. Prestations : bilan, d\u00e9tente, enfant.","breadcrumb":{"@id":"https:\/\/fleurdevivre.fr\/index.php\/les-offres\/reflexologie-plantaire#breadcrumb"},"inLanguage":"fr-FR","potentialAction":[{"@type":"ReadAction","target":["https:\/\/fleurdevivre.fr\/index.php\/les-offres\/reflexologie-plantaire"]}]},{"@type":"BreadcrumbList","@id":"https:\/\/fleurdevivre.fr\/index.php\/les-offres\/reflexologie-plantaire#breadcrumb","itemListElement":[{"@type":"ListItem","position":1,"name":"Accueil","item":"https:\/\/fleurdevivre.fr\/"},{"@type":"ListItem","position":2,"name":"Les offres","item":"https:\/\/fleurdevivre.fr\/index.php\/les-offres"},{"@type":"ListItem","position":3,"name":"R\u00e9flexologie plantaire"}]},{"@type":"WebSite","@id":"https:\/\/fleurdevivre.fr\/#website","url":"https:\/\/fleurdevivre.fr\/","name":"Fleur de vivre","description":"Vers l&#039;harmonisation de sa propre vie","publisher":{"@id":"https:\/\/fleurdevivre.fr\/#organization"},"potentialAction":[{"@type":"SearchAction","target":{"@type":"EntryPoint","urlTemplate":"https:\/\/fleurdevivre.fr\/?s={search_term_string}"},"query-input":"required name=search_term_string"}],"inLanguage":"fr-FR"},{"@type":"Organization","@id":"https:\/\/fleurdevivre.fr\/#organization","name":"Fleur de vivre","url":"https:\/\/fleurdevivre.fr\/","logo":{"@type":"ImageObject","inLanguage":"fr-FR","@id":"https:\/\/fleurdevivre.fr\/#\/schema\/logo\/image\/","url":"https:\/\/fleurdevivre.fr\/wp-content\/uploads\/2023\/12\/Capture-decran-2023-10-19-a-16.38.17.png","contentUrl":"https:\/\/fleurdevivre.fr\/wp-content\/uploads\/2023\/12\/Capture-decran-2023-10-19-a-16.38.17.png","width":1784,"height":590,"caption":"Fleur de vivre"},"image":{"@id":"https:\/\/fleurdevivre.fr\/#\/schema\/logo\/image\/"},"sameAs":["https:\/\/www.facebook.com\/profile.php?id=61553222831431"]}]}},"_links":{"self":[{"href":"https:\/\/fleurdevivre.fr\/index.php\/wp-json\/wp\/v2\/pages\/235","targetHints":{"allow":["GET"]}}],"collection":[{"href":"https:\/\/fleurdevivre.fr\/index.php\/wp-json\/wp\/v2\/pages"}],"about":[{"href":"https:\/\/fleurdevivre.fr\/index.php\/wp-json\/wp\/v2\/types\/page"}],"author":[{"embeddable":true,"href":"https:\/\/fleurdevivre.fr\/index.php\/wp-json\/wp\/v2\/users\/1"}],"replies":[{"embeddable":true,"href":"https:\/\/fleurdevivre.fr\/index.php\/wp-json\/wp\/v2\/comments?post=235"}],"version-history":[{"count":6,"href":"https:\/\/fleurdevivre.fr\/index.php\/wp-json\/wp\/v2\/pages\/235\/revisions"}],"predecessor-version":[{"id":466,"href":"https:\/\/fleurdevivre.fr\/index.php\/wp-json\/wp\/v2\/pages\/235\/revisions\/466"}],"up":[{"embeddable":true,"href":"https:\/\/fleurdevivre.fr\/index.php\/wp-json\/wp\/v2\/pages\/49"}],"wp:featuredmedia":[{"embeddable":true,"href":"https:\/\/fleurdevivre.fr\/index.php\/wp-json\/wp\/v2\/media\/265"}],"wp:attachment":[{"href":"https:\/\/fleurdevivre.fr\/index.php\/wp-json\/wp\/v2\/media?parent=235"}],"curies":[{"name":"wp","href":"https:\/\/api.w.org\/{rel}","templated":true}]}}