{"id":238,"date":"2023-12-04T09:41:30","date_gmt":"2023-12-04T08:41:30","guid":{"rendered":"https:\/\/fleurdevivre.fr\/?page_id=238"},"modified":"2023-12-13T12:04:49","modified_gmt":"2023-12-13T11:04:49","slug":"massage-bien-etre-naturopathique","status":"publish","type":"page","link":"https:\/\/fleurdevivre.fr\/index.php\/les-offres\/massage-bien-etre-naturopathique","title":{"rendered":"Modelage bien-\u00eatre naturopathique"},"content":{"rendered":"\n<p><\/p>\n\n\n\n<figure class=\"wp-block-image size-large is-resized\"><img loading=\"lazy\" decoding=\"async\" width=\"807\" height=\"1024\" src=\"https:\/\/fleurdevivre.fr\/wp-content\/uploads\/2023\/12\/pexels-anna-tarazevich-6560304-807x1024.jpg\" alt=\"\" class=\"wp-image-267\" style=\"width:297px;height:auto\" srcset=\"https:\/\/fleurdevivre.fr\/wp-content\/uploads\/2023\/12\/pexels-anna-tarazevich-6560304-807x1024.jpg 807w, https:\/\/fleurdevivre.fr\/wp-content\/uploads\/2023\/12\/pexels-anna-tarazevich-6560304-236x300.jpg 236w, https:\/\/fleurdevivre.fr\/wp-content\/uploads\/2023\/12\/pexels-anna-tarazevich-6560304-768x975.jpg 768w, https:\/\/fleurdevivre.fr\/wp-content\/uploads\/2023\/12\/pexels-anna-tarazevich-6560304-1210x1536.jpg 1210w, https:\/\/fleurdevivre.fr\/wp-content\/uploads\/2023\/12\/pexels-anna-tarazevich-6560304-1614x2048.jpg 1614w, https:\/\/fleurdevivre.fr\/wp-content\/uploads\/2023\/12\/pexels-anna-tarazevich-6560304-47x60.jpg 47w, https:\/\/fleurdevivre.fr\/wp-content\/uploads\/2023\/12\/pexels-anna-tarazevich-6560304-scaled.jpg 2017w\" sizes=\"auto, (max-width: 807px) 100vw, 807px\" \/><\/figure>\n\n\n\n<h2 class=\"wp-block-heading\" style=\"text-decoration:underline\">Les bases :<\/h2>\n\n\n\n<p>Le modelage bien-\u00eatre naturopathique est une pratique manuelle visant \u00e0 la d\u00e9tente et \u00e0 l&rsquo;apaisement du corps. Le modelage n&rsquo;a pas de but th\u00e9rapeutique. Adapt\u00e9 \u00e0 tous et r\u00e9alis\u00e9 sur-mesure en fonction de la demande, il allie p\u00e9trissage, effleurage, lemniscate. <\/p>\n\n\n\n<p><\/p>\n\n\n\n<h2 class=\"wp-block-heading\" style=\"text-decoration:underline\">Les prestations :<\/h2>\n\n\n\n<p><\/p>\n\n\n\n<h2 class=\"wp-block-heading\">Modelage bien \u00eatre corps aux gemmes\u00a0(1h) 65\u20ac**<\/h2>\n\n\n\n<div class=\"wp-block-group is-nowrap is-layout-flex wp-container-core-group-is-layout-ad2f72ca wp-block-group-is-layout-flex\">\n<p>Modelage bien-\u00eatre aux pierres semi pr\u00e9cieuses d\u2019Hildegarde. Son but est d\u2019apporter bien-\u00eatre et \u00e9quilibre aux personnes. Harmoniser nos \u00e9motions et notre corps en travaillant sur notre \u00eatre. Il s\u2019effectue en alternant l\u2019utilisation des mains et des pierres.<\/p>\n\n\n\n<figure class=\"wp-block-image size-large is-resized\"><img loading=\"lazy\" decoding=\"async\" width=\"684\" height=\"1024\" src=\"https:\/\/fleurdevivre.fr\/wp-content\/uploads\/2023\/12\/pexels-photo-5240697-684x1024.webp\" alt=\"\" class=\"wp-image-471\" style=\"width:174px;height:auto\" srcset=\"https:\/\/fleurdevivre.fr\/wp-content\/uploads\/2023\/12\/pexels-photo-5240697-684x1024.webp 684w, https:\/\/fleurdevivre.fr\/wp-content\/uploads\/2023\/12\/pexels-photo-5240697-200x300.webp 200w, https:\/\/fleurdevivre.fr\/wp-content\/uploads\/2023\/12\/pexels-photo-5240697-768x1150.webp 768w, https:\/\/fleurdevivre.fr\/wp-content\/uploads\/2023\/12\/pexels-photo-5240697-40x60.webp 40w, https:\/\/fleurdevivre.fr\/wp-content\/uploads\/2023\/12\/pexels-photo-5240697.webp 800w\" sizes=\"auto, (max-width: 684px) 100vw, 684px\" \/><\/figure>\n<\/div>\n\n\n\n<p><\/p>\n\n\n\n<h2 class=\"wp-block-heading\">Modelage bien \u00eatre du dos\u00a0(30min) 30\u20ac**<\/h2>\n\n\n\n<div class=\"wp-block-group is-nowrap is-layout-flex wp-container-core-group-is-layout-ad2f72ca wp-block-group-is-layout-flex\">\n<p>Modelage bien \u00eatre apportant un effet relaxant, apaisant et d\u00e9contractant. Contre les al\u00e9as de la vie de tous les jours, les positions statiques ou juste une parenth\u00e8se pour soi. Evacuation du stress, repos, nouvelle \u00e9nergie.<\/p>\n\n\n\n<figure class=\"wp-block-image size-large is-resized\"><img loading=\"lazy\" decoding=\"async\" width=\"683\" height=\"1024\" src=\"https:\/\/fleurdevivre.fr\/wp-content\/uploads\/2023\/12\/pexels-photo-3230236-683x1024.webp\" alt=\"\" class=\"wp-image-472\" style=\"width:174px;height:auto\" srcset=\"https:\/\/fleurdevivre.fr\/wp-content\/uploads\/2023\/12\/pexels-photo-3230236-683x1024.webp 683w, https:\/\/fleurdevivre.fr\/wp-content\/uploads\/2023\/12\/pexels-photo-3230236-200x300.webp 200w, https:\/\/fleurdevivre.fr\/wp-content\/uploads\/2023\/12\/pexels-photo-3230236-768x1152.webp 768w, https:\/\/fleurdevivre.fr\/wp-content\/uploads\/2023\/12\/pexels-photo-3230236-40x60.webp 40w, https:\/\/fleurdevivre.fr\/wp-content\/uploads\/2023\/12\/pexels-photo-3230236.webp 800w\" sizes=\"auto, (max-width: 683px) 100vw, 683px\" \/><\/figure>\n<\/div>\n\n\n\n<p><\/p>\n\n\n\n<p><\/p>\n\n\n\n<h2 class=\"wp-block-heading\">Modelage bien \u00eatre du corps\u00a0(1h) 60\u20ac**<\/h2>\n\n\n\n<div class=\"wp-block-group is-nowrap is-layout-flex wp-container-core-group-is-layout-ad2f72ca wp-block-group-is-layout-flex\">\n<p>Modelage bien \u00eatre du corps des pieds \u00e0 la t\u00eate.\u00a0\u00a0Apaisant, amenant d\u00e9tente et l\u00e2cher prise du mental\u00a0\u00a0et du corps.<\/p>\n\n\n\n<figure class=\"wp-block-image size-large is-resized\"><img loading=\"lazy\" decoding=\"async\" width=\"683\" height=\"1024\" src=\"https:\/\/fleurdevivre.fr\/wp-content\/uploads\/2023\/12\/pexels-photo-6560275-683x1024.webp\" alt=\"\" class=\"wp-image-473\" style=\"width:174px;height:auto\" srcset=\"https:\/\/fleurdevivre.fr\/wp-content\/uploads\/2023\/12\/pexels-photo-6560275-683x1024.webp 683w, https:\/\/fleurdevivre.fr\/wp-content\/uploads\/2023\/12\/pexels-photo-6560275-200x300.webp 200w, https:\/\/fleurdevivre.fr\/wp-content\/uploads\/2023\/12\/pexels-photo-6560275-768x1152.webp 768w, https:\/\/fleurdevivre.fr\/wp-content\/uploads\/2023\/12\/pexels-photo-6560275-40x60.webp 40w, https:\/\/fleurdevivre.fr\/wp-content\/uploads\/2023\/12\/pexels-photo-6560275.webp 800w\" sizes=\"auto, (max-width: 683px) 100vw, 683px\" \/><\/figure>\n<\/div>\n\n\n\n<p><\/p>\n\n\n\n<p class=\"has-small-font-size\">*Un bilan de vitalit\u00e9 et des conseils de Naturopathie ne pourront en rien se substituer \u00e0 une consultation chez le m\u00e9decin. Si votre m\u00e9decin vous a prescrit des m\u00e9dicaments, lui seul est habilit\u00e9 \u00e0 modifier votre ordonnance. La Naturopathie ne r\u00e9alise ni diagnostic ni ne substitue \u00e0 un traitement m\u00e9dical. Tout modelage bien-\u00eatre n\u2019a aucun but th\u00e9rapeutique.<\/p>\n\n\n\n<p class=\"has-small-font-size\">** \u00ab\u00a0TVA non applicable, article 293 B CGI\u00a0\u00bb<\/p>\n\n\n\n<p><\/p>\n\n\n\n<p>Pour les r\u00e9servations c&rsquo;est par <a href=\"https:\/\/fleurdevivre.fr\/index.php\/reservations\">ici<\/a>.<\/p>\n\n\n\n<p>Pour me suivre via Facebook c&rsquo;est par <a href=\"https:\/\/www.facebook.com\/profile.php?id=61553222831431\">l\u00e0.<\/a><\/p>\n\n\n\n<p><\/p>\n","protected":false},"excerpt":{"rendered":"<p>Les bases : Le modelage bien-\u00eatre naturopathique est une pratique manuelle visant \u00e0 la d\u00e9tente et \u00e0 l&rsquo;apaisement du corps. Le modelage n&rsquo;a pas de but th\u00e9rapeutique. Adapt\u00e9 \u00e0 tous &hellip; <\/p>\n","protected":false},"author":1,"featured_media":267,"parent":49,"menu_order":2,"comment_status":"closed","ping_status":"closed","template":"","meta":{"footnotes":""},"class_list":["post-238","page","type-page","status-publish","has-post-thumbnail","hentry"],"yoast_head":"<!-- This site is optimized with the Yoast SEO plugin v22.1 - https:\/\/yoast.com\/wordpress\/plugins\/seo\/ -->\n<title>Modelage bien-\u00eatre naturopathique - Fleur de vivre<\/title>\n<meta name=\"description\" content=\"Le modelage bien-\u00eatre naturopathique est une pratique manuelle visant \u00e0 la d\u00e9tente et \u00e0 l&#039;apaisement du corps. N&#039;a pas de but th\u00e9rapeutique.\" \/>\n<meta name=\"robots\" content=\"index, follow, max-snippet:-1, max-image-preview:large, max-video-preview:-1\" \/>\n<link rel=\"canonical\" href=\"https:\/\/fleurdevivre.fr\/index.php\/les-offres\/massage-bien-etre-naturopathique\" \/>\n<meta property=\"og:locale\" content=\"fr_FR\" \/>\n<meta property=\"og:type\" content=\"article\" \/>\n<meta property=\"og:title\" content=\"Modelage bien-\u00eatre naturopathique - Fleur de vivre\" \/>\n<meta property=\"og:description\" content=\"Le modelage bien-\u00eatre naturopathique est une pratique manuelle visant \u00e0 la d\u00e9tente et \u00e0 l&#039;apaisement du corps. N&#039;a pas de but th\u00e9rapeutique.\" \/>\n<meta property=\"og:url\" content=\"https:\/\/fleurdevivre.fr\/index.php\/les-offres\/massage-bien-etre-naturopathique\" \/>\n<meta property=\"og:site_name\" content=\"Fleur de vivre\" \/>\n<meta property=\"article:publisher\" content=\"https:\/\/www.facebook.com\/profile.php?id=61553222831431\" \/>\n<meta property=\"article:modified_time\" content=\"2023-12-13T11:04:49+00:00\" \/>\n<meta property=\"og:image\" content=\"http:\/\/fleurdevivre.fr\/wp-content\/uploads\/2023\/12\/pexels-anna-tarazevich-6560304-scaled.jpg\" \/>\n\t<meta property=\"og:image:width\" content=\"2017\" \/>\n\t<meta property=\"og:image:height\" content=\"2560\" \/>\n\t<meta property=\"og:image:type\" content=\"image\/jpeg\" \/>\n<meta name=\"twitter:card\" content=\"summary_large_image\" \/>\n<meta name=\"twitter:label1\" content=\"Dur\u00e9e de lecture estim\u00e9e\" \/>\n\t<meta name=\"twitter:data1\" content=\"3 minutes\" \/>\n<script type=\"application\/ld+json\" class=\"yoast-schema-graph\">{\"@context\":\"https:\/\/schema.org\",\"@graph\":[{\"@type\":\"WebPage\",\"@id\":\"https:\/\/fleurdevivre.fr\/index.php\/les-offres\/massage-bien-etre-naturopathique\",\"url\":\"https:\/\/fleurdevivre.fr\/index.php\/les-offres\/massage-bien-etre-naturopathique\",\"name\":\"Modelage bien-\u00eatre naturopathique - Fleur de vivre\",\"isPartOf\":{\"@id\":\"https:\/\/fleurdevivre.fr\/#website\"},\"datePublished\":\"2023-12-04T08:41:30+00:00\",\"dateModified\":\"2023-12-13T11:04:49+00:00\",\"description\":\"Le modelage bien-\u00eatre naturopathique est une pratique manuelle visant \u00e0 la d\u00e9tente et \u00e0 l'apaisement du corps. N'a pas de but th\u00e9rapeutique.\",\"breadcrumb\":{\"@id\":\"https:\/\/fleurdevivre.fr\/index.php\/les-offres\/massage-bien-etre-naturopathique#breadcrumb\"},\"inLanguage\":\"fr-FR\",\"potentialAction\":[{\"@type\":\"ReadAction\",\"target\":[\"https:\/\/fleurdevivre.fr\/index.php\/les-offres\/massage-bien-etre-naturopathique\"]}]},{\"@type\":\"BreadcrumbList\",\"@id\":\"https:\/\/fleurdevivre.fr\/index.php\/les-offres\/massage-bien-etre-naturopathique#breadcrumb\",\"itemListElement\":[{\"@type\":\"ListItem\",\"position\":1,\"name\":\"Accueil\",\"item\":\"https:\/\/fleurdevivre.fr\/\"},{\"@type\":\"ListItem\",\"position\":2,\"name\":\"Les offres\",\"item\":\"https:\/\/fleurdevivre.fr\/index.php\/les-offres\"},{\"@type\":\"ListItem\",\"position\":3,\"name\":\"Modelage bien-\u00eatre naturopathique\"}]},{\"@type\":\"WebSite\",\"@id\":\"https:\/\/fleurdevivre.fr\/#website\",\"url\":\"https:\/\/fleurdevivre.fr\/\",\"name\":\"Fleur de vivre\",\"description\":\"Vers l&#039;harmonisation de sa propre vie\",\"publisher\":{\"@id\":\"https:\/\/fleurdevivre.fr\/#organization\"},\"potentialAction\":[{\"@type\":\"SearchAction\",\"target\":{\"@type\":\"EntryPoint\",\"urlTemplate\":\"https:\/\/fleurdevivre.fr\/?s={search_term_string}\"},\"query-input\":\"required name=search_term_string\"}],\"inLanguage\":\"fr-FR\"},{\"@type\":\"Organization\",\"@id\":\"https:\/\/fleurdevivre.fr\/#organization\",\"name\":\"Fleur de vivre\",\"url\":\"https:\/\/fleurdevivre.fr\/\",\"logo\":{\"@type\":\"ImageObject\",\"inLanguage\":\"fr-FR\",\"@id\":\"https:\/\/fleurdevivre.fr\/#\/schema\/logo\/image\/\",\"url\":\"https:\/\/fleurdevivre.fr\/wp-content\/uploads\/2023\/12\/Capture-decran-2023-10-19-a-16.38.17.png\",\"contentUrl\":\"https:\/\/fleurdevivre.fr\/wp-content\/uploads\/2023\/12\/Capture-decran-2023-10-19-a-16.38.17.png\",\"width\":1784,\"height\":590,\"caption\":\"Fleur de vivre\"},\"image\":{\"@id\":\"https:\/\/fleurdevivre.fr\/#\/schema\/logo\/image\/\"},\"sameAs\":[\"https:\/\/www.facebook.com\/profile.php?id=61553222831431\"]}]}<\/script>\n<!-- \/ Yoast SEO plugin. -->","yoast_head_json":{"title":"Modelage bien-\u00eatre naturopathique - Fleur de vivre","description":"Le modelage bien-\u00eatre naturopathique est une pratique manuelle visant \u00e0 la d\u00e9tente et \u00e0 l'apaisement du corps. N'a pas de but th\u00e9rapeutique.","robots":{"index":"index","follow":"follow","max-snippet":"max-snippet:-1","max-image-preview":"max-image-preview:large","max-video-preview":"max-video-preview:-1"},"canonical":"https:\/\/fleurdevivre.fr\/index.php\/les-offres\/massage-bien-etre-naturopathique","og_locale":"fr_FR","og_type":"article","og_title":"Modelage bien-\u00eatre naturopathique - Fleur de vivre","og_description":"Le modelage bien-\u00eatre naturopathique est une pratique manuelle visant \u00e0 la d\u00e9tente et \u00e0 l'apaisement du corps. N'a pas de but th\u00e9rapeutique.","og_url":"https:\/\/fleurdevivre.fr\/index.php\/les-offres\/massage-bien-etre-naturopathique","og_site_name":"Fleur de vivre","article_publisher":"https:\/\/www.facebook.com\/profile.php?id=61553222831431","article_modified_time":"2023-12-13T11:04:49+00:00","og_image":[{"width":2017,"height":2560,"url":"http:\/\/fleurdevivre.fr\/wp-content\/uploads\/2023\/12\/pexels-anna-tarazevich-6560304-scaled.jpg","type":"image\/jpeg"}],"twitter_card":"summary_large_image","twitter_misc":{"Dur\u00e9e de lecture estim\u00e9e":"3 minutes"},"schema":{"@context":"https:\/\/schema.org","@graph":[{"@type":"WebPage","@id":"https:\/\/fleurdevivre.fr\/index.php\/les-offres\/massage-bien-etre-naturopathique","url":"https:\/\/fleurdevivre.fr\/index.php\/les-offres\/massage-bien-etre-naturopathique","name":"Modelage bien-\u00eatre naturopathique - Fleur de vivre","isPartOf":{"@id":"https:\/\/fleurdevivre.fr\/#website"},"datePublished":"2023-12-04T08:41:30+00:00","dateModified":"2023-12-13T11:04:49+00:00","description":"Le modelage bien-\u00eatre naturopathique est une pratique manuelle visant \u00e0 la d\u00e9tente et \u00e0 l'apaisement du corps. N'a pas de but th\u00e9rapeutique.","breadcrumb":{"@id":"https:\/\/fleurdevivre.fr\/index.php\/les-offres\/massage-bien-etre-naturopathique#breadcrumb"},"inLanguage":"fr-FR","potentialAction":[{"@type":"ReadAction","target":["https:\/\/fleurdevivre.fr\/index.php\/les-offres\/massage-bien-etre-naturopathique"]}]},{"@type":"BreadcrumbList","@id":"https:\/\/fleurdevivre.fr\/index.php\/les-offres\/massage-bien-etre-naturopathique#breadcrumb","itemListElement":[{"@type":"ListItem","position":1,"name":"Accueil","item":"https:\/\/fleurdevivre.fr\/"},{"@type":"ListItem","position":2,"name":"Les offres","item":"https:\/\/fleurdevivre.fr\/index.php\/les-offres"},{"@type":"ListItem","position":3,"name":"Modelage bien-\u00eatre naturopathique"}]},{"@type":"WebSite","@id":"https:\/\/fleurdevivre.fr\/#website","url":"https:\/\/fleurdevivre.fr\/","name":"Fleur de vivre","description":"Vers l&#039;harmonisation de sa propre vie","publisher":{"@id":"https:\/\/fleurdevivre.fr\/#organization"},"potentialAction":[{"@type":"SearchAction","target":{"@type":"EntryPoint","urlTemplate":"https:\/\/fleurdevivre.fr\/?s={search_term_string}"},"query-input":"required name=search_term_string"}],"inLanguage":"fr-FR"},{"@type":"Organization","@id":"https:\/\/fleurdevivre.fr\/#organization","name":"Fleur de vivre","url":"https:\/\/fleurdevivre.fr\/","logo":{"@type":"ImageObject","inLanguage":"fr-FR","@id":"https:\/\/fleurdevivre.fr\/#\/schema\/logo\/image\/","url":"https:\/\/fleurdevivre.fr\/wp-content\/uploads\/2023\/12\/Capture-decran-2023-10-19-a-16.38.17.png","contentUrl":"https:\/\/fleurdevivre.fr\/wp-content\/uploads\/2023\/12\/Capture-decran-2023-10-19-a-16.38.17.png","width":1784,"height":590,"caption":"Fleur de vivre"},"image":{"@id":"https:\/\/fleurdevivre.fr\/#\/schema\/logo\/image\/"},"sameAs":["https:\/\/www.facebook.com\/profile.php?id=61553222831431"]}]}},"_links":{"self":[{"href":"https:\/\/fleurdevivre.fr\/index.php\/wp-json\/wp\/v2\/pages\/238","targetHints":{"allow":["GET"]}}],"collection":[{"href":"https:\/\/fleurdevivre.fr\/index.php\/wp-json\/wp\/v2\/pages"}],"about":[{"href":"https:\/\/fleurdevivre.fr\/index.php\/wp-json\/wp\/v2\/types\/page"}],"author":[{"embeddable":true,"href":"https:\/\/fleurdevivre.fr\/index.php\/wp-json\/wp\/v2\/users\/1"}],"replies":[{"embeddable":true,"href":"https:\/\/fleurdevivre.fr\/index.php\/wp-json\/wp\/v2\/comments?post=238"}],"version-history":[{"count":3,"href":"https:\/\/fleurdevivre.fr\/index.php\/wp-json\/wp\/v2\/pages\/238\/revisions"}],"predecessor-version":[{"id":474,"href":"https:\/\/fleurdevivre.fr\/index.php\/wp-json\/wp\/v2\/pages\/238\/revisions\/474"}],"up":[{"embeddable":true,"href":"https:\/\/fleurdevivre.fr\/index.php\/wp-json\/wp\/v2\/pages\/49"}],"wp:featuredmedia":[{"embeddable":true,"href":"https:\/\/fleurdevivre.fr\/index.php\/wp-json\/wp\/v2\/media\/267"}],"wp:attachment":[{"href":"https:\/\/fleurdevivre.fr\/index.php\/wp-json\/wp\/v2\/media?parent=238"}],"curies":[{"name":"wp","href":"https:\/\/api.w.org\/{rel}","templated":true}]}}