{"id":45,"date":"2023-11-20T16:42:34","date_gmt":"2023-11-20T15:42:34","guid":{"rendered":"https:\/\/fleurdevivre.fr\/?page_id=45"},"modified":"2023-12-13T19:58:16","modified_gmt":"2023-12-13T18:58:16","slug":"la-naturopathie","status":"publish","type":"page","link":"https:\/\/fleurdevivre.fr\/index.php\/la-naturopathie","title":{"rendered":"La Naturopathie"},"content":{"rendered":"\n<figure class=\"wp-block-image size-large is-resized\"><img loading=\"lazy\" decoding=\"async\" width=\"1024\" height=\"683\" src=\"https:\/\/fleurdevivre.fr\/wp-content\/uploads\/2023\/11\/Titre-1024x683.png\" alt=\"\" class=\"wp-image-94\" style=\"width:370px;height:auto\" srcset=\"https:\/\/fleurdevivre.fr\/wp-content\/uploads\/2023\/11\/Titre-1024x683.png 1024w, https:\/\/fleurdevivre.fr\/wp-content\/uploads\/2023\/11\/Titre-300x200.png 300w, https:\/\/fleurdevivre.fr\/wp-content\/uploads\/2023\/11\/Titre-768x512.png 768w, https:\/\/fleurdevivre.fr\/wp-content\/uploads\/2023\/11\/Titre-1536x1024.png 1536w, https:\/\/fleurdevivre.fr\/wp-content\/uploads\/2023\/11\/Titre-2048x1366.png 2048w, https:\/\/fleurdevivre.fr\/wp-content\/uploads\/2023\/11\/Titre-90x60.png 90w, https:\/\/fleurdevivre.fr\/wp-content\/uploads\/2023\/11\/Titre-420x280.png 420w\" sizes=\"auto, (max-width: 1024px) 100vw, 1024px\" \/><\/figure>\n\n\n\n<h2 class=\"wp-block-heading\">D\u00e9finition de la Naturopathie :<\/h2>\n\n\n\n<p>L\u2019Organisation Mondiale de la Sant\u00e9 (OMS) classe la Naturopathie comme 3\u00e8me m\u00e9decine traditionnelle mondiale. Juste apr\u00e8s les m\u00e9decines traditionnelles chinoises et ayurv\u00e9diques. \u00ab&nbsp;<strong>la Naturopathie est un ensemble de m\u00e9thodes de soins visant \u00e0 renforcer les d\u00e9fenses de l&rsquo;organisme par des moyens consid\u00e9r\u00e9s comme naturels et biologiques<\/strong>&nbsp;\u00bb. Le but apporter sant\u00e9 \u00e0 l&rsquo;individu. Mais qu&rsquo;est ce que la sant\u00e9 r\u00e9ellement ? L&rsquo;OMS d\u00e9finit la sant\u00e9 pour l&rsquo;individu comme tel : &nbsp;\u00ab\u00a0<strong>\u00e9tat complet de bien-\u00eatre physique, mental et social\u00a0\u00bb<\/strong>.<\/p>\n\n\n\n<p>Et selon les f\u00e9d\u00e9rations ou les syndicats sp\u00e9cialis\u00e9s quand est il ?<\/p>\n\n\n\n<p>Un naturopathe est un professionnel du bien-\u00eatre. Il ne se substitue pas \u00e0 un m\u00e9decin. De ce fait, il ne demande pas \u00e0 ses consultants de renoncer \u00e0 un suivi m\u00e9dical, une prescription ou toute prise en charge. Mais qu&rsquo;est ce qu&rsquo;il est ? C&rsquo;est un accompagnant, il intervient \u00e0 titre pr\u00e9ventif, en soutenant l&rsquo;organisme dans son fonctionnement. C&rsquo;est un \u00e9ducateur qui se base sur des grands principes pour \u00e9quilibrer l&rsquo;organisme, booster la vitalit\u00e9 et maintenir le consultant en \u00ab\u00a0sant\u00e9\u00a0\u00bb. <\/p>\n\n\n\n<figure class=\"wp-block-image size-large is-resized\"><img loading=\"lazy\" decoding=\"async\" width=\"1024\" height=\"768\" src=\"https:\/\/fleurdevivre.fr\/wp-content\/uploads\/2023\/12\/IMG_20230508_110945-1024x768.jpg\" alt=\"\" class=\"wp-image-485\" style=\"width:344px;height:auto\" srcset=\"https:\/\/fleurdevivre.fr\/wp-content\/uploads\/2023\/12\/IMG_20230508_110945-1024x768.jpg 1024w, https:\/\/fleurdevivre.fr\/wp-content\/uploads\/2023\/12\/IMG_20230508_110945-300x225.jpg 300w, https:\/\/fleurdevivre.fr\/wp-content\/uploads\/2023\/12\/IMG_20230508_110945-768x576.jpg 768w, https:\/\/fleurdevivre.fr\/wp-content\/uploads\/2023\/12\/IMG_20230508_110945-1536x1152.jpg 1536w, https:\/\/fleurdevivre.fr\/wp-content\/uploads\/2023\/12\/IMG_20230508_110945-2048x1536.jpg 2048w, https:\/\/fleurdevivre.fr\/wp-content\/uploads\/2023\/12\/IMG_20230508_110945-80x60.jpg 80w, https:\/\/fleurdevivre.fr\/wp-content\/uploads\/2023\/12\/IMG_20230508_110945-640x480.jpg 640w, https:\/\/fleurdevivre.fr\/wp-content\/uploads\/2023\/12\/IMG_20230508_110945-110x83.jpg 110w\" sizes=\"auto, (max-width: 1024px) 100vw, 1024px\" \/><\/figure>\n\n\n\n<h2 class=\"wp-block-heading\">Les grands principes:<\/h2>\n\n\n\n<p>La naturopathie se base sur des grands principes dit les piliers de la naturopathie. <\/p>\n\n\n\n<ul class=\"wp-block-list\">\n<li>Le vitalisme : la force vitale. Animant le vivant et conf\u00e9rant la capacit\u00e9 \u00e0 retrouver l&rsquo;\u00e9quilibre.<\/li>\n\n\n\n<li>L&rsquo;humorisme : nos humeurs (substances fondamentales : sang, lymphe, liquides intra et extra-cellulaires). Leurs besoins : \u00e9quilibre et qualit\u00e9. Pas de toxiques, toxines ou d\u00e9chets sinon c&rsquo;est la surcharge. <\/li>\n\n\n\n<li>Le causalisme : rechercher et identifier la cause premi\u00e8re de tout d\u00e9s\u00e9quilibre.<\/li>\n\n\n\n<li>L&rsquo;hygi\u00e9nisme : une mode de vie qui nous est propre avec des habitudes b\u00e9n\u00e9fiques.<\/li>\n\n\n\n<li>L&rsquo;holisme : la prise en compte de l&rsquo;humain dans sa globalit\u00e9. Aussi bien physique que psycho \u00e9motionnelle. <\/li>\n<\/ul>\n\n\n\n<p><\/p>\n\n\n\n<p>Ces principes sont des bases pour la pr\u00e9vention primaire active. Pour la promotion de la sant\u00e9 : des techniques diff\u00e9rentes peuvent \u00eatre employ\u00e9 :<\/p>\n\n\n\n<ul class=\"wp-block-list\">\n<li>l&rsquo;alimentation<\/li>\n\n\n\n<li>l&rsquo;exercice physique<\/li>\n\n\n\n<li>la psychologie<\/li>\n\n\n\n<li>l&rsquo;hydrologie<\/li>\n\n\n\n<li>les techniques manuelles<\/li>\n\n\n\n<li>les techniques r\u00e9flexes<\/li>\n\n\n\n<li>les techniques respiratoires<\/li>\n\n\n\n<li>les plantes (phytologie)<\/li>\n\n\n\n<li>les techniques \u00e9nerg\u00e9tiques<\/li>\n\n\n\n<li>les techniques vibratoires<\/li>\n<\/ul>\n\n\n\n<p>Le champ des possibilit\u00e9s pour un naturopathe est vaste. <\/p>\n\n\n\n<figure class=\"wp-block-image size-full is-resized\"><img loading=\"lazy\" decoding=\"async\" width=\"960\" height=\"510\" src=\"https:\/\/fleurdevivre.fr\/wp-content\/uploads\/2023\/12\/IMG_20230610_131836.jpg\" alt=\"\" class=\"wp-image-487\" style=\"width:374px;height:auto\" srcset=\"https:\/\/fleurdevivre.fr\/wp-content\/uploads\/2023\/12\/IMG_20230610_131836.jpg 960w, https:\/\/fleurdevivre.fr\/wp-content\/uploads\/2023\/12\/IMG_20230610_131836-300x159.jpg 300w, https:\/\/fleurdevivre.fr\/wp-content\/uploads\/2023\/12\/IMG_20230610_131836-768x408.jpg 768w, https:\/\/fleurdevivre.fr\/wp-content\/uploads\/2023\/12\/IMG_20230610_131836-113x60.jpg 113w\" sizes=\"auto, (max-width: 960px) 100vw, 960px\" \/><\/figure>\n\n\n\n<h2 class=\"wp-block-heading\">Ma vision de la Naturopathie :<\/h2>\n\n\n\n<blockquote class=\"wp-block-quote is-layout-flow wp-block-quote-is-layout-flow\">\n<p><\/p>\n<cite>\u00ab\u00a0On ne peut gu\u00e9rir la partie sans soigner le tout. On ne doit pas soigner le corps s\u00e9par\u00e9 de l&rsquo;\u00e2me, et pour que l&rsquo;esprit et le corps retrouvent la sant\u00e9, il faut commencer par soigner l&rsquo;\u00e2me. Car c&rsquo;est une erreur fondamentale des m\u00e9decins d&rsquo;aujourd&rsquo;hui : s\u00e9parer d\u00e8s l&rsquo;abord l&rsquo;\u00e2me et le corps.\u00a0\u00bb<br>Platon<br><\/cite><\/blockquote>\n\n\n\n<p>Je me vois plus comme un coach de vie, une personne qui est l\u00e0 pour vous accompagner, vous guider, vous soutenir. Mais aussi mettre les pieds dans la fourmili\u00e8re quand il y en a besoin.<\/p>\n\n\n\n<p>Chaque personne est unique, chaque naturopathe aussi. Je connais mes limites comme mes forces. Je n&rsquo;ai pas souhait\u00e9 me sp\u00e9cialiser pour le moment dans un domaine sp\u00e9cifique de la Naturopathie. J&rsquo;ai une vision assez ouverte de ma pratique, je m&rsquo;int\u00e9resse \u00e0 l&rsquo;auyrveda, \u00e0 la m\u00e9decine chinoise, et aux pratiques manuelles. <\/p>\n\n\n\n<p>Je suis la pour vous accompagner, vous donner des bases, vous faire comprendre ce qu&rsquo;est la naturopathie et comment int\u00e9grer ces principes \u00e0 votre mode de vie.<\/p>\n\n\n\n<p>L&rsquo;unicit\u00e9 de chacun, veut aussi dire adaptabilit\u00e9, le suivi d&rsquo;une personne \u00e0 l&rsquo;autre sera diff\u00e9rent. Mais la base de toutes choses c&rsquo;est la volont\u00e9 d&rsquo;avancer. <\/p>\n\n\n\n<p>Cependant un processus d&rsquo;am\u00e9lioration de ces conditions de vie sans avoir une volont\u00e9 pure de changement sera vain. Alors parfois il faut sauter le pas. <\/p>\n\n\n\n<figure class=\"wp-block-image size-large\"><img loading=\"lazy\" decoding=\"async\" width=\"1024\" height=\"341\" src=\"http:\/\/fleurdevivre.fr\/wp-content\/uploads\/2023\/12\/Banniere-longue-avec-phrase-1024x341.png\" alt=\"\" class=\"wp-image-355\" srcset=\"https:\/\/fleurdevivre.fr\/wp-content\/uploads\/2023\/12\/Banniere-longue-avec-phrase-1024x341.png 1024w, https:\/\/fleurdevivre.fr\/wp-content\/uploads\/2023\/12\/Banniere-longue-avec-phrase-300x100.png 300w, https:\/\/fleurdevivre.fr\/wp-content\/uploads\/2023\/12\/Banniere-longue-avec-phrase-768x256.png 768w, https:\/\/fleurdevivre.fr\/wp-content\/uploads\/2023\/12\/Banniere-longue-avec-phrase-1536x512.png 1536w, https:\/\/fleurdevivre.fr\/wp-content\/uploads\/2023\/12\/Banniere-longue-avec-phrase-2048x683.png 2048w, https:\/\/fleurdevivre.fr\/wp-content\/uploads\/2023\/12\/Banniere-longue-avec-phrase-180x60.png 180w\" sizes=\"auto, (max-width: 1024px) 100vw, 1024px\" \/><\/figure>\n\n\n\n<p><\/p>\n\n\n\n<p>Voir nos offres suivez le <a href=\"https:\/\/fleurdevivre.fr\/index.php\/les-offres\">guide<\/a>. Pour les r\u00e9servations c\u2019est par&nbsp;<a href=\"https:\/\/fleurdevivre.fr\/index.php\/reservations\">ici<\/a>.<\/p>\n\n\n\n<p>Pour me suivre via Facebook c\u2019est par&nbsp;<a href=\"https:\/\/www.facebook.com\/profile.php?id=61553222831431\">l\u00e0.<\/a><\/p>\n\n\n\n<p><\/p>\n","protected":false},"excerpt":{"rendered":"<p>D\u00e9finition de la Naturopathie : L\u2019Organisation Mondiale de la Sant\u00e9 (OMS) classe la Naturopathie comme 3\u00e8me m\u00e9decine traditionnelle mondiale. Juste apr\u00e8s les m\u00e9decines traditionnelles chinoises et ayurv\u00e9diques. \u00ab&nbsp;la Naturopathie est &hellip; <\/p>\n","protected":false},"author":1,"featured_media":329,"parent":0,"menu_order":0,"comment_status":"closed","ping_status":"closed","template":"","meta":{"footnotes":""},"class_list":["post-45","page","type-page","status-publish","has-post-thumbnail","hentry"],"yoast_head":"<!-- This site is optimized with the Yoast SEO plugin v22.1 - https:\/\/yoast.com\/wordpress\/plugins\/seo\/ -->\n<title>La Naturopathie - Fleur de vivre<\/title>\n<meta name=\"description\" content=\"la Naturopathie : ensemble de m\u00e9thodes de soins visant \u00e0 renforcer les d\u00e9fenses de l&#039;organisme par des moyens dits naturels et biologiques.\" \/>\n<meta name=\"robots\" content=\"index, follow, max-snippet:-1, max-image-preview:large, max-video-preview:-1\" \/>\n<link rel=\"canonical\" href=\"https:\/\/fleurdevivre.fr\/index.php\/la-naturopathie\" \/>\n<meta property=\"og:locale\" content=\"fr_FR\" \/>\n<meta property=\"og:type\" content=\"article\" \/>\n<meta property=\"og:title\" content=\"La Naturopathie - Fleur de vivre\" \/>\n<meta property=\"og:description\" content=\"la Naturopathie : ensemble de m\u00e9thodes de soins visant \u00e0 renforcer les d\u00e9fenses de l&#039;organisme par des moyens dits naturels et biologiques.\" \/>\n<meta property=\"og:url\" content=\"https:\/\/fleurdevivre.fr\/index.php\/la-naturopathie\" \/>\n<meta property=\"og:site_name\" content=\"Fleur de vivre\" \/>\n<meta property=\"article:publisher\" content=\"https:\/\/www.facebook.com\/profile.php?id=61553222831431\" \/>\n<meta property=\"article:modified_time\" content=\"2023-12-13T18:58:16+00:00\" \/>\n<meta property=\"og:image\" content=\"http:\/\/fleurdevivre.fr\/wp-content\/uploads\/2023\/12\/pexels-mareefe-678414-scaled.jpg\" \/>\n\t<meta property=\"og:image:width\" content=\"2560\" \/>\n\t<meta property=\"og:image:height\" content=\"1707\" \/>\n\t<meta property=\"og:image:type\" content=\"image\/jpeg\" \/>\n<meta name=\"twitter:card\" content=\"summary_large_image\" \/>\n<meta name=\"twitter:label1\" content=\"Dur\u00e9e de lecture estim\u00e9e\" \/>\n\t<meta name=\"twitter:data1\" content=\"4 minutes\" \/>\n<script type=\"application\/ld+json\" class=\"yoast-schema-graph\">{\"@context\":\"https:\/\/schema.org\",\"@graph\":[{\"@type\":\"WebPage\",\"@id\":\"https:\/\/fleurdevivre.fr\/index.php\/la-naturopathie\",\"url\":\"https:\/\/fleurdevivre.fr\/index.php\/la-naturopathie\",\"name\":\"La Naturopathie - Fleur de vivre\",\"isPartOf\":{\"@id\":\"https:\/\/fleurdevivre.fr\/#website\"},\"datePublished\":\"2023-11-20T15:42:34+00:00\",\"dateModified\":\"2023-12-13T18:58:16+00:00\",\"description\":\"la Naturopathie : ensemble de m\u00e9thodes de soins visant \u00e0 renforcer les d\u00e9fenses de l'organisme par des moyens dits naturels et biologiques.\",\"breadcrumb\":{\"@id\":\"https:\/\/fleurdevivre.fr\/index.php\/la-naturopathie#breadcrumb\"},\"inLanguage\":\"fr-FR\",\"potentialAction\":[{\"@type\":\"ReadAction\",\"target\":[\"https:\/\/fleurdevivre.fr\/index.php\/la-naturopathie\"]}]},{\"@type\":\"BreadcrumbList\",\"@id\":\"https:\/\/fleurdevivre.fr\/index.php\/la-naturopathie#breadcrumb\",\"itemListElement\":[{\"@type\":\"ListItem\",\"position\":1,\"name\":\"Accueil\",\"item\":\"https:\/\/fleurdevivre.fr\/\"},{\"@type\":\"ListItem\",\"position\":2,\"name\":\"La Naturopathie\"}]},{\"@type\":\"WebSite\",\"@id\":\"https:\/\/fleurdevivre.fr\/#website\",\"url\":\"https:\/\/fleurdevivre.fr\/\",\"name\":\"Fleur de vivre\",\"description\":\"Vers l&#039;harmonisation de sa propre vie\",\"publisher\":{\"@id\":\"https:\/\/fleurdevivre.fr\/#organization\"},\"potentialAction\":[{\"@type\":\"SearchAction\",\"target\":{\"@type\":\"EntryPoint\",\"urlTemplate\":\"https:\/\/fleurdevivre.fr\/?s={search_term_string}\"},\"query-input\":\"required name=search_term_string\"}],\"inLanguage\":\"fr-FR\"},{\"@type\":\"Organization\",\"@id\":\"https:\/\/fleurdevivre.fr\/#organization\",\"name\":\"Fleur de vivre\",\"url\":\"https:\/\/fleurdevivre.fr\/\",\"logo\":{\"@type\":\"ImageObject\",\"inLanguage\":\"fr-FR\",\"@id\":\"https:\/\/fleurdevivre.fr\/#\/schema\/logo\/image\/\",\"url\":\"https:\/\/fleurdevivre.fr\/wp-content\/uploads\/2023\/12\/Capture-decran-2023-10-19-a-16.38.17.png\",\"contentUrl\":\"https:\/\/fleurdevivre.fr\/wp-content\/uploads\/2023\/12\/Capture-decran-2023-10-19-a-16.38.17.png\",\"width\":1784,\"height\":590,\"caption\":\"Fleur de vivre\"},\"image\":{\"@id\":\"https:\/\/fleurdevivre.fr\/#\/schema\/logo\/image\/\"},\"sameAs\":[\"https:\/\/www.facebook.com\/profile.php?id=61553222831431\"]}]}<\/script>\n<!-- \/ Yoast SEO plugin. -->","yoast_head_json":{"title":"La Naturopathie - Fleur de vivre","description":"la Naturopathie : ensemble de m\u00e9thodes de soins visant \u00e0 renforcer les d\u00e9fenses de l'organisme par des moyens dits naturels et biologiques.","robots":{"index":"index","follow":"follow","max-snippet":"max-snippet:-1","max-image-preview":"max-image-preview:large","max-video-preview":"max-video-preview:-1"},"canonical":"https:\/\/fleurdevivre.fr\/index.php\/la-naturopathie","og_locale":"fr_FR","og_type":"article","og_title":"La Naturopathie - Fleur de vivre","og_description":"la Naturopathie : ensemble de m\u00e9thodes de soins visant \u00e0 renforcer les d\u00e9fenses de l'organisme par des moyens dits naturels et biologiques.","og_url":"https:\/\/fleurdevivre.fr\/index.php\/la-naturopathie","og_site_name":"Fleur de vivre","article_publisher":"https:\/\/www.facebook.com\/profile.php?id=61553222831431","article_modified_time":"2023-12-13T18:58:16+00:00","og_image":[{"width":2560,"height":1707,"url":"http:\/\/fleurdevivre.fr\/wp-content\/uploads\/2023\/12\/pexels-mareefe-678414-scaled.jpg","type":"image\/jpeg"}],"twitter_card":"summary_large_image","twitter_misc":{"Dur\u00e9e de lecture estim\u00e9e":"4 minutes"},"schema":{"@context":"https:\/\/schema.org","@graph":[{"@type":"WebPage","@id":"https:\/\/fleurdevivre.fr\/index.php\/la-naturopathie","url":"https:\/\/fleurdevivre.fr\/index.php\/la-naturopathie","name":"La Naturopathie - Fleur de vivre","isPartOf":{"@id":"https:\/\/fleurdevivre.fr\/#website"},"datePublished":"2023-11-20T15:42:34+00:00","dateModified":"2023-12-13T18:58:16+00:00","description":"la Naturopathie : ensemble de m\u00e9thodes de soins visant \u00e0 renforcer les d\u00e9fenses de l'organisme par des moyens dits naturels et biologiques.","breadcrumb":{"@id":"https:\/\/fleurdevivre.fr\/index.php\/la-naturopathie#breadcrumb"},"inLanguage":"fr-FR","potentialAction":[{"@type":"ReadAction","target":["https:\/\/fleurdevivre.fr\/index.php\/la-naturopathie"]}]},{"@type":"BreadcrumbList","@id":"https:\/\/fleurdevivre.fr\/index.php\/la-naturopathie#breadcrumb","itemListElement":[{"@type":"ListItem","position":1,"name":"Accueil","item":"https:\/\/fleurdevivre.fr\/"},{"@type":"ListItem","position":2,"name":"La Naturopathie"}]},{"@type":"WebSite","@id":"https:\/\/fleurdevivre.fr\/#website","url":"https:\/\/fleurdevivre.fr\/","name":"Fleur de vivre","description":"Vers l&#039;harmonisation de sa propre vie","publisher":{"@id":"https:\/\/fleurdevivre.fr\/#organization"},"potentialAction":[{"@type":"SearchAction","target":{"@type":"EntryPoint","urlTemplate":"https:\/\/fleurdevivre.fr\/?s={search_term_string}"},"query-input":"required name=search_term_string"}],"inLanguage":"fr-FR"},{"@type":"Organization","@id":"https:\/\/fleurdevivre.fr\/#organization","name":"Fleur de vivre","url":"https:\/\/fleurdevivre.fr\/","logo":{"@type":"ImageObject","inLanguage":"fr-FR","@id":"https:\/\/fleurdevivre.fr\/#\/schema\/logo\/image\/","url":"https:\/\/fleurdevivre.fr\/wp-content\/uploads\/2023\/12\/Capture-decran-2023-10-19-a-16.38.17.png","contentUrl":"https:\/\/fleurdevivre.fr\/wp-content\/uploads\/2023\/12\/Capture-decran-2023-10-19-a-16.38.17.png","width":1784,"height":590,"caption":"Fleur de vivre"},"image":{"@id":"https:\/\/fleurdevivre.fr\/#\/schema\/logo\/image\/"},"sameAs":["https:\/\/www.facebook.com\/profile.php?id=61553222831431"]}]}},"_links":{"self":[{"href":"https:\/\/fleurdevivre.fr\/index.php\/wp-json\/wp\/v2\/pages\/45","targetHints":{"allow":["GET"]}}],"collection":[{"href":"https:\/\/fleurdevivre.fr\/index.php\/wp-json\/wp\/v2\/pages"}],"about":[{"href":"https:\/\/fleurdevivre.fr\/index.php\/wp-json\/wp\/v2\/types\/page"}],"author":[{"embeddable":true,"href":"https:\/\/fleurdevivre.fr\/index.php\/wp-json\/wp\/v2\/users\/1"}],"replies":[{"embeddable":true,"href":"https:\/\/fleurdevivre.fr\/index.php\/wp-json\/wp\/v2\/comments?post=45"}],"version-history":[{"count":11,"href":"https:\/\/fleurdevivre.fr\/index.php\/wp-json\/wp\/v2\/pages\/45\/revisions"}],"predecessor-version":[{"id":530,"href":"https:\/\/fleurdevivre.fr\/index.php\/wp-json\/wp\/v2\/pages\/45\/revisions\/530"}],"wp:featuredmedia":[{"embeddable":true,"href":"https:\/\/fleurdevivre.fr\/index.php\/wp-json\/wp\/v2\/media\/329"}],"wp:attachment":[{"href":"https:\/\/fleurdevivre.fr\/index.php\/wp-json\/wp\/v2\/media?parent=45"}],"curies":[{"name":"wp","href":"https:\/\/api.w.org\/{rel}","templated":true}]}}