{"id":51,"date":"2023-11-20T16:43:12","date_gmt":"2023-11-20T15:43:12","guid":{"rendered":"https:\/\/fleurdevivre.fr\/?page_id=51"},"modified":"2025-02-05T12:02:24","modified_gmt":"2025-02-05T11:02:24","slug":"evenements","status":"publish","type":"page","link":"https:\/\/fleurdevivre.fr\/index.php\/evenements","title":{"rendered":"Ateliers"},"content":{"rendered":"\n<p>Parce que la naturopathie s\u2019\u00e9panouie dans le partage. Je vous propose des temps d&rsquo;\u00e9changes sp\u00e9cifiques : d\u00e9couverte, pr\u00e9vention, mode d&rsquo;utilisation ou tout simplement fabrication de produits. En naturopathie, le programme est vari\u00e9 et pour tous les go\u00fbts. Ainsi, selon les saisons, je vous pr\u00e9sente diff\u00e9rents types d\u2019ateliers&nbsp;de fabrication ou des conf\u00e9rences ; <strong>au cabinet \u00e0 Cour\u00e7on ou chez vous entre amis, en famille.<\/strong><\/p>\n\n\n\n<p>Deux formats s&rsquo;offrent \u00e0 vous :<\/p>\n\n\n\n<ul class=\"wp-block-list\">\n<li><strong>Les ateliers de fabrication<\/strong> : Ceux sont des ateliers pratiques alliant \u00e9change, conseils et fabrication. Dans le bien-\u00eatre, les possibilit\u00e9s de cr\u00e9ation sont vastes : pr\u00e9paration de baume, d&rsquo;huile de massage, d&rsquo;inhalateur, de stick. Pendant 1h30 selon les activit\u00e9s, venez d\u00e9couvrir une pr\u00e9paration : ses composants et leurs utilit\u00e9s, la fabrication du jour et repartez avec votre propre produit et sa fiche explicative. <\/li>\n\n\n\n<li><strong>Les ateliers \/ conf\u00e9rences <\/strong>: phytologie, aromatologie, fleurs de Bach, compl\u00e9ments alimentaires, pratiques naturelles, alimentaire. Pendant 1h30, venez d\u00e9couvrir ou red\u00e9couvrir un th\u00e8me sp\u00e9cifique. 1h d&rsquo;explications suivi de 30 minutes d&rsquo;\u00e9changes.<\/li>\n<\/ul>\n\n\n\n<p>Pour les tarifs ou pour plus d&rsquo;informations sur chaque type d&rsquo;atelier, cliquez sur celui qui vous int\u00e9resse :<\/p>\n\n\n\n<figure class=\"wp-block-image size-large is-resized\"><a href=\"https:\/\/fleurdevivre.fr\/index.php\/evenements\/ateliers-de-fabrication\"><img loading=\"lazy\" decoding=\"async\" width=\"1024\" height=\"654\" src=\"https:\/\/fleurdevivre.fr\/wp-content\/uploads\/2023\/12\/Ateliers-fabrication-2-1024x654.png\" alt=\"lien vers : ateliers de fabrication\" class=\"wp-image-221\" style=\"width:694px;height:auto\" srcset=\"https:\/\/fleurdevivre.fr\/wp-content\/uploads\/2023\/12\/Ateliers-fabrication-2-1024x654.png 1024w, https:\/\/fleurdevivre.fr\/wp-content\/uploads\/2023\/12\/Ateliers-fabrication-2-300x192.png 300w, https:\/\/fleurdevivre.fr\/wp-content\/uploads\/2023\/12\/Ateliers-fabrication-2-768x491.png 768w, https:\/\/fleurdevivre.fr\/wp-content\/uploads\/2023\/12\/Ateliers-fabrication-2-1536x981.png 1536w, https:\/\/fleurdevivre.fr\/wp-content\/uploads\/2023\/12\/Ateliers-fabrication-2-94x60.png 94w, https:\/\/fleurdevivre.fr\/wp-content\/uploads\/2023\/12\/Ateliers-fabrication-2.png 2048w\" sizes=\"auto, (max-width: 1024px) 100vw, 1024px\" \/><\/a><\/figure>\n\n\n\n<p><\/p>\n\n\n\n<figure class=\"wp-block-image size-large is-resized\"><a href=\"https:\/\/fleurdevivre.fr\/index.php\/evenements\/ateliers-conference\"><img loading=\"lazy\" decoding=\"async\" width=\"1024\" height=\"654\" src=\"https:\/\/fleurdevivre.fr\/wp-content\/uploads\/2023\/12\/ateliers-conferences-1-1024x654.png\" alt=\"lien vers descriptif : ateliers \/ conf\u00e9rences\" class=\"wp-image-222\" style=\"width:692px;height:auto\" srcset=\"https:\/\/fleurdevivre.fr\/wp-content\/uploads\/2023\/12\/ateliers-conferences-1-1024x654.png 1024w, https:\/\/fleurdevivre.fr\/wp-content\/uploads\/2023\/12\/ateliers-conferences-1-300x192.png 300w, https:\/\/fleurdevivre.fr\/wp-content\/uploads\/2023\/12\/ateliers-conferences-1-768x491.png 768w, https:\/\/fleurdevivre.fr\/wp-content\/uploads\/2023\/12\/ateliers-conferences-1-1536x981.png 1536w, https:\/\/fleurdevivre.fr\/wp-content\/uploads\/2023\/12\/ateliers-conferences-1-94x60.png 94w, https:\/\/fleurdevivre.fr\/wp-content\/uploads\/2023\/12\/ateliers-conferences-1.png 2048w\" sizes=\"auto, (max-width: 1024px) 100vw, 1024px\" \/><\/a><\/figure>\n\n\n\n<p><\/p>\n\n\n\n<p>Pour \u00eatre au courant des prochains ateliers par <a href=\"https:\/\/www.facebook.com\/profile.php?id=61553222831431\">ici<\/a>. Vous aimeriez faire un atelier sp\u00e9cifique mais vous ne le trouvez pas dans notre liste ? Pas de probl\u00e8me, \u00e9crivez nous par mail \u00e0 fleurdevivre17@gmail.com ou via la page Facebook, nous t\u00e2cherons de r\u00e9pondre au mieux \u00e0 votre demande. <\/p>\n\n\n\n<p><\/p>\n","protected":false},"excerpt":{"rendered":"<p>Parce que la naturopathie s\u2019\u00e9panouie dans le partage. Je vous propose des temps d&rsquo;\u00e9changes sp\u00e9cifiques : d\u00e9couverte, pr\u00e9vention, mode d&rsquo;utilisation ou tout simplement fabrication de produits. En naturopathie, le programme &hellip; <\/p>\n","protected":false},"author":1,"featured_media":333,"parent":0,"menu_order":0,"comment_status":"closed","ping_status":"closed","template":"","meta":{"footnotes":""},"class_list":["post-51","page","type-page","status-publish","has-post-thumbnail","hentry"],"yoast_head":"<!-- This site is optimized with the Yoast SEO plugin v22.1 - https:\/\/yoast.com\/wordpress\/plugins\/seo\/ -->\n<title>Ateliers - Fleur de vivre<\/title>\n<meta name=\"description\" content=\"Fleur de vivre : Ateliers. Deux formats : ateliers de fabrication ou les ateliers \/ conf\u00e9rences. Au Cocon de L\u00e9opold ou \u00e0 votre domicile.\" \/>\n<meta name=\"robots\" content=\"index, follow, max-snippet:-1, max-image-preview:large, max-video-preview:-1\" \/>\n<link rel=\"canonical\" href=\"https:\/\/fleurdevivre.fr\/index.php\/evenements\" \/>\n<meta property=\"og:locale\" content=\"fr_FR\" \/>\n<meta property=\"og:type\" content=\"article\" \/>\n<meta property=\"og:title\" content=\"Ateliers - Fleur de vivre\" \/>\n<meta property=\"og:description\" content=\"Fleur de vivre : Ateliers. Deux formats : ateliers de fabrication ou les ateliers \/ conf\u00e9rences. Au Cocon de L\u00e9opold ou \u00e0 votre domicile.\" \/>\n<meta property=\"og:url\" content=\"https:\/\/fleurdevivre.fr\/index.php\/evenements\" \/>\n<meta property=\"og:site_name\" content=\"Fleur de vivre\" \/>\n<meta property=\"article:publisher\" content=\"https:\/\/www.facebook.com\/profile.php?id=61553222831431\" \/>\n<meta property=\"article:modified_time\" content=\"2025-02-05T11:02:24+00:00\" \/>\n<meta property=\"og:image\" content=\"http:\/\/fleurdevivre.fr\/wp-content\/uploads\/2023\/12\/pexels-mark-1080696-1-scaled.jpg\" \/>\n\t<meta property=\"og:image:width\" content=\"1707\" \/>\n\t<meta property=\"og:image:height\" content=\"2560\" \/>\n\t<meta property=\"og:image:type\" content=\"image\/jpeg\" \/>\n<meta name=\"twitter:card\" content=\"summary_large_image\" \/>\n<meta name=\"twitter:label1\" content=\"Dur\u00e9e de lecture estim\u00e9e\" \/>\n\t<meta name=\"twitter:data1\" content=\"2 minutes\" \/>\n<script type=\"application\/ld+json\" class=\"yoast-schema-graph\">{\"@context\":\"https:\/\/schema.org\",\"@graph\":[{\"@type\":\"WebPage\",\"@id\":\"https:\/\/fleurdevivre.fr\/index.php\/evenements\",\"url\":\"https:\/\/fleurdevivre.fr\/index.php\/evenements\",\"name\":\"Ateliers - Fleur de vivre\",\"isPartOf\":{\"@id\":\"https:\/\/fleurdevivre.fr\/#website\"},\"datePublished\":\"2023-11-20T15:43:12+00:00\",\"dateModified\":\"2025-02-05T11:02:24+00:00\",\"description\":\"Fleur de vivre : Ateliers. Deux formats : ateliers de fabrication ou les ateliers \/ conf\u00e9rences. Au Cocon de L\u00e9opold ou \u00e0 votre domicile.\",\"breadcrumb\":{\"@id\":\"https:\/\/fleurdevivre.fr\/index.php\/evenements#breadcrumb\"},\"inLanguage\":\"fr-FR\",\"potentialAction\":[{\"@type\":\"ReadAction\",\"target\":[\"https:\/\/fleurdevivre.fr\/index.php\/evenements\"]}]},{\"@type\":\"BreadcrumbList\",\"@id\":\"https:\/\/fleurdevivre.fr\/index.php\/evenements#breadcrumb\",\"itemListElement\":[{\"@type\":\"ListItem\",\"position\":1,\"name\":\"Accueil\",\"item\":\"https:\/\/fleurdevivre.fr\/\"},{\"@type\":\"ListItem\",\"position\":2,\"name\":\"Ateliers\"}]},{\"@type\":\"WebSite\",\"@id\":\"https:\/\/fleurdevivre.fr\/#website\",\"url\":\"https:\/\/fleurdevivre.fr\/\",\"name\":\"Fleur de vivre\",\"description\":\"Vers l&#039;harmonisation de sa propre vie\",\"publisher\":{\"@id\":\"https:\/\/fleurdevivre.fr\/#organization\"},\"potentialAction\":[{\"@type\":\"SearchAction\",\"target\":{\"@type\":\"EntryPoint\",\"urlTemplate\":\"https:\/\/fleurdevivre.fr\/?s={search_term_string}\"},\"query-input\":\"required name=search_term_string\"}],\"inLanguage\":\"fr-FR\"},{\"@type\":\"Organization\",\"@id\":\"https:\/\/fleurdevivre.fr\/#organization\",\"name\":\"Fleur de vivre\",\"url\":\"https:\/\/fleurdevivre.fr\/\",\"logo\":{\"@type\":\"ImageObject\",\"inLanguage\":\"fr-FR\",\"@id\":\"https:\/\/fleurdevivre.fr\/#\/schema\/logo\/image\/\",\"url\":\"https:\/\/fleurdevivre.fr\/wp-content\/uploads\/2023\/12\/Capture-decran-2023-10-19-a-16.38.17.png\",\"contentUrl\":\"https:\/\/fleurdevivre.fr\/wp-content\/uploads\/2023\/12\/Capture-decran-2023-10-19-a-16.38.17.png\",\"width\":1784,\"height\":590,\"caption\":\"Fleur de vivre\"},\"image\":{\"@id\":\"https:\/\/fleurdevivre.fr\/#\/schema\/logo\/image\/\"},\"sameAs\":[\"https:\/\/www.facebook.com\/profile.php?id=61553222831431\"]}]}<\/script>\n<!-- \/ Yoast SEO plugin. -->","yoast_head_json":{"title":"Ateliers - Fleur de vivre","description":"Fleur de vivre : Ateliers. Deux formats : ateliers de fabrication ou les ateliers \/ conf\u00e9rences. Au Cocon de L\u00e9opold ou \u00e0 votre domicile.","robots":{"index":"index","follow":"follow","max-snippet":"max-snippet:-1","max-image-preview":"max-image-preview:large","max-video-preview":"max-video-preview:-1"},"canonical":"https:\/\/fleurdevivre.fr\/index.php\/evenements","og_locale":"fr_FR","og_type":"article","og_title":"Ateliers - Fleur de vivre","og_description":"Fleur de vivre : Ateliers. Deux formats : ateliers de fabrication ou les ateliers \/ conf\u00e9rences. Au Cocon de L\u00e9opold ou \u00e0 votre domicile.","og_url":"https:\/\/fleurdevivre.fr\/index.php\/evenements","og_site_name":"Fleur de vivre","article_publisher":"https:\/\/www.facebook.com\/profile.php?id=61553222831431","article_modified_time":"2025-02-05T11:02:24+00:00","og_image":[{"width":1707,"height":2560,"url":"http:\/\/fleurdevivre.fr\/wp-content\/uploads\/2023\/12\/pexels-mark-1080696-1-scaled.jpg","type":"image\/jpeg"}],"twitter_card":"summary_large_image","twitter_misc":{"Dur\u00e9e de lecture estim\u00e9e":"2 minutes"},"schema":{"@context":"https:\/\/schema.org","@graph":[{"@type":"WebPage","@id":"https:\/\/fleurdevivre.fr\/index.php\/evenements","url":"https:\/\/fleurdevivre.fr\/index.php\/evenements","name":"Ateliers - Fleur de vivre","isPartOf":{"@id":"https:\/\/fleurdevivre.fr\/#website"},"datePublished":"2023-11-20T15:43:12+00:00","dateModified":"2025-02-05T11:02:24+00:00","description":"Fleur de vivre : Ateliers. Deux formats : ateliers de fabrication ou les ateliers \/ conf\u00e9rences. Au Cocon de L\u00e9opold ou \u00e0 votre domicile.","breadcrumb":{"@id":"https:\/\/fleurdevivre.fr\/index.php\/evenements#breadcrumb"},"inLanguage":"fr-FR","potentialAction":[{"@type":"ReadAction","target":["https:\/\/fleurdevivre.fr\/index.php\/evenements"]}]},{"@type":"BreadcrumbList","@id":"https:\/\/fleurdevivre.fr\/index.php\/evenements#breadcrumb","itemListElement":[{"@type":"ListItem","position":1,"name":"Accueil","item":"https:\/\/fleurdevivre.fr\/"},{"@type":"ListItem","position":2,"name":"Ateliers"}]},{"@type":"WebSite","@id":"https:\/\/fleurdevivre.fr\/#website","url":"https:\/\/fleurdevivre.fr\/","name":"Fleur de vivre","description":"Vers l&#039;harmonisation de sa propre vie","publisher":{"@id":"https:\/\/fleurdevivre.fr\/#organization"},"potentialAction":[{"@type":"SearchAction","target":{"@type":"EntryPoint","urlTemplate":"https:\/\/fleurdevivre.fr\/?s={search_term_string}"},"query-input":"required name=search_term_string"}],"inLanguage":"fr-FR"},{"@type":"Organization","@id":"https:\/\/fleurdevivre.fr\/#organization","name":"Fleur de vivre","url":"https:\/\/fleurdevivre.fr\/","logo":{"@type":"ImageObject","inLanguage":"fr-FR","@id":"https:\/\/fleurdevivre.fr\/#\/schema\/logo\/image\/","url":"https:\/\/fleurdevivre.fr\/wp-content\/uploads\/2023\/12\/Capture-decran-2023-10-19-a-16.38.17.png","contentUrl":"https:\/\/fleurdevivre.fr\/wp-content\/uploads\/2023\/12\/Capture-decran-2023-10-19-a-16.38.17.png","width":1784,"height":590,"caption":"Fleur de vivre"},"image":{"@id":"https:\/\/fleurdevivre.fr\/#\/schema\/logo\/image\/"},"sameAs":["https:\/\/www.facebook.com\/profile.php?id=61553222831431"]}]}},"_links":{"self":[{"href":"https:\/\/fleurdevivre.fr\/index.php\/wp-json\/wp\/v2\/pages\/51","targetHints":{"allow":["GET"]}}],"collection":[{"href":"https:\/\/fleurdevivre.fr\/index.php\/wp-json\/wp\/v2\/pages"}],"about":[{"href":"https:\/\/fleurdevivre.fr\/index.php\/wp-json\/wp\/v2\/types\/page"}],"author":[{"embeddable":true,"href":"https:\/\/fleurdevivre.fr\/index.php\/wp-json\/wp\/v2\/users\/1"}],"replies":[{"embeddable":true,"href":"https:\/\/fleurdevivre.fr\/index.php\/wp-json\/wp\/v2\/comments?post=51"}],"version-history":[{"count":19,"href":"https:\/\/fleurdevivre.fr\/index.php\/wp-json\/wp\/v2\/pages\/51\/revisions"}],"predecessor-version":[{"id":546,"href":"https:\/\/fleurdevivre.fr\/index.php\/wp-json\/wp\/v2\/pages\/51\/revisions\/546"}],"wp:featuredmedia":[{"embeddable":true,"href":"https:\/\/fleurdevivre.fr\/index.php\/wp-json\/wp\/v2\/media\/333"}],"wp:attachment":[{"href":"https:\/\/fleurdevivre.fr\/index.php\/wp-json\/wp\/v2\/media?parent=51"}],"curies":[{"name":"wp","href":"https:\/\/api.w.org\/{rel}","templated":true}]}}