{"id":53,"date":"2023-11-20T16:43:24","date_gmt":"2023-11-20T15:43:24","guid":{"rendered":"https:\/\/fleurdevivre.fr\/?page_id=53"},"modified":"2023-12-12T21:18:12","modified_gmt":"2023-12-12T20:18:12","slug":"reservations","status":"publish","type":"page","link":"https:\/\/fleurdevivre.fr\/index.php\/reservations","title":{"rendered":"R\u00e9servations :"},"content":{"rendered":"\n<p>La curiosit\u00e9 vous a piqu\u00e9 ? Voici le temps des r\u00e9servations. Chez vous ou sur La Rochelle, \u00e0 chacun son moment.<\/p>\n\n\n\n<p><\/p>\n\n\n\n<blockquote class=\"wp-block-quote is-layout-flow wp-block-quote-is-layout-flow\">\n<p><\/p>\n<cite>\u00ab\u00a0Prendre une pause, briser volontairement le rythme c&rsquo;est se donner le temps de vivre\u00a0\u00bb Robert Brisebois.<\/cite><\/blockquote>\n\n\n\n<p>Pour vous ou pour offrir, r\u00e9servez votre instant ! 3 choix s&rsquo;offrent \u00e0 vous :<\/p>\n\n\n\n<p class=\"has-text-align-center\">_ A domicile&nbsp;: du lundi au mercredi.<\/p>\n\n\n\n<p class=\"has-text-align-center\">_ En cabinet&nbsp;: du jeudi au vendredi.<\/p>\n\n\n\n<p class=\"has-text-align-center\">_ Carte cadeau.<\/p>\n\n\n\n<p class=\"has-small-font-size\">Pour d\u00e9couvrir les conditions de chaque r\u00e9servations, cliquez ci dessous sur votre choix. <\/p>\n\n\n\n<p><\/p>\n\n\n\n<figure class=\"wp-block-image size-large is-resized\"><a href=\"https:\/\/fleurdevivre.fr\/index.php\/reservations\/a-domicile\"><img loading=\"lazy\" decoding=\"async\" width=\"1024\" height=\"654\" src=\"https:\/\/fleurdevivre.fr\/wp-content\/uploads\/2023\/12\/A-domicile-1024x654.png\" alt=\"r\u00e9servation \u00e0 domicile\" class=\"wp-image-184\" style=\"width:650px;height:auto\" srcset=\"https:\/\/fleurdevivre.fr\/wp-content\/uploads\/2023\/12\/A-domicile-1024x654.png 1024w, https:\/\/fleurdevivre.fr\/wp-content\/uploads\/2023\/12\/A-domicile-300x192.png 300w, https:\/\/fleurdevivre.fr\/wp-content\/uploads\/2023\/12\/A-domicile-768x491.png 768w, https:\/\/fleurdevivre.fr\/wp-content\/uploads\/2023\/12\/A-domicile-1536x981.png 1536w, https:\/\/fleurdevivre.fr\/wp-content\/uploads\/2023\/12\/A-domicile-94x60.png 94w, https:\/\/fleurdevivre.fr\/wp-content\/uploads\/2023\/12\/A-domicile.png 2048w\" sizes=\"auto, (max-width: 1024px) 100vw, 1024px\" \/><\/a><\/figure>\n\n\n\n<p><\/p>\n\n\n\n<figure class=\"wp-block-image size-full is-resized\"><a href=\"https:\/\/fleurdevivre.fr\/index.php\/reservations\/en-cabinet-2\"><img loading=\"lazy\" decoding=\"async\" width=\"1024\" height=\"654\" src=\"https:\/\/fleurdevivre.fr\/wp-content\/uploads\/2023\/12\/image.png\" alt=\"lr\u00e9servation en cabinet\" class=\"wp-image-188\" style=\"width:651px;height:auto\" srcset=\"https:\/\/fleurdevivre.fr\/wp-content\/uploads\/2023\/12\/image.png 1024w, https:\/\/fleurdevivre.fr\/wp-content\/uploads\/2023\/12\/image-300x192.png 300w, https:\/\/fleurdevivre.fr\/wp-content\/uploads\/2023\/12\/image-768x491.png 768w, https:\/\/fleurdevivre.fr\/wp-content\/uploads\/2023\/12\/image-94x60.png 94w\" sizes=\"auto, (max-width: 1024px) 100vw, 1024px\" \/><\/a><\/figure>\n\n\n\n<p><\/p>\n\n\n\n<figure class=\"wp-block-image size-large is-resized\"><a href=\"https:\/\/fleurdevivre.fr\/index.php\/reservations\/carte-cadeau-2\"><img loading=\"lazy\" decoding=\"async\" width=\"1024\" height=\"654\" src=\"https:\/\/fleurdevivre.fr\/wp-content\/uploads\/2023\/12\/carte-cadeau-1024x654.png\" alt=\"r\u00e9servations cartes cadeaux\" class=\"wp-image-187\" style=\"width:650px;height:auto\" srcset=\"https:\/\/fleurdevivre.fr\/wp-content\/uploads\/2023\/12\/carte-cadeau-1024x654.png 1024w, https:\/\/fleurdevivre.fr\/wp-content\/uploads\/2023\/12\/carte-cadeau-300x192.png 300w, https:\/\/fleurdevivre.fr\/wp-content\/uploads\/2023\/12\/carte-cadeau-768x491.png 768w, https:\/\/fleurdevivre.fr\/wp-content\/uploads\/2023\/12\/carte-cadeau-1536x981.png 1536w, https:\/\/fleurdevivre.fr\/wp-content\/uploads\/2023\/12\/carte-cadeau-94x60.png 94w, https:\/\/fleurdevivre.fr\/wp-content\/uploads\/2023\/12\/carte-cadeau.png 2048w\" sizes=\"auto, (max-width: 1024px) 100vw, 1024px\" \/><\/a><\/figure>\n\n\n\n<p>Une envie de me suivre c&rsquo;est par<a href=\"https:\/\/www.facebook.com\/profile.php?id=61553222831431\"> ici<\/a>. <\/p>\n","protected":false},"excerpt":{"rendered":"<p>La curiosit\u00e9 vous a piqu\u00e9 ? Voici le temps des r\u00e9servations. Chez vous ou sur La Rochelle, \u00e0 chacun son moment. \u00ab\u00a0Prendre une pause, briser volontairement le rythme c&rsquo;est se &hellip; <\/p>\n","protected":false},"author":1,"featured_media":336,"parent":0,"menu_order":0,"comment_status":"closed","ping_status":"closed","template":"","meta":{"footnotes":""},"class_list":["post-53","page","type-page","status-publish","has-post-thumbnail","hentry"],"yoast_head":"<!-- This site is optimized with the Yoast SEO plugin v22.1 - https:\/\/yoast.com\/wordpress\/plugins\/seo\/ -->\n<title>R\u00e9servations : - Fleur de vivre<\/title>\n<meta name=\"description\" content=\"R\u00e9servations :Pour vous ou pour offrir, r\u00e9servez votre instant ! 3 choix s&#039;offrent \u00e0 vous : \u00e0 domicile, en cabinet, carte cadeau.\" \/>\n<meta name=\"robots\" content=\"index, follow, max-snippet:-1, max-image-preview:large, max-video-preview:-1\" \/>\n<link rel=\"canonical\" href=\"https:\/\/fleurdevivre.fr\/index.php\/reservations\" \/>\n<meta property=\"og:locale\" content=\"fr_FR\" \/>\n<meta property=\"og:type\" content=\"article\" \/>\n<meta property=\"og:title\" content=\"R\u00e9servations : - Fleur de vivre\" \/>\n<meta property=\"og:description\" content=\"R\u00e9servations :Pour vous ou pour offrir, r\u00e9servez votre instant ! 3 choix s&#039;offrent \u00e0 vous : \u00e0 domicile, en cabinet, carte cadeau.\" \/>\n<meta property=\"og:url\" content=\"https:\/\/fleurdevivre.fr\/index.php\/reservations\" \/>\n<meta property=\"og:site_name\" content=\"Fleur de vivre\" \/>\n<meta property=\"article:publisher\" content=\"https:\/\/www.facebook.com\/profile.php?id=61553222831431\" \/>\n<meta property=\"article:modified_time\" content=\"2023-12-12T20:18:12+00:00\" \/>\n<meta property=\"og:image\" content=\"http:\/\/fleurdevivre.fr\/wp-content\/uploads\/2023\/12\/pexels-cup-of-couple-6177608-1-scaled.jpg\" \/>\n\t<meta property=\"og:image:width\" content=\"2560\" \/>\n\t<meta property=\"og:image:height\" content=\"1707\" \/>\n\t<meta property=\"og:image:type\" content=\"image\/jpeg\" \/>\n<meta name=\"twitter:card\" content=\"summary_large_image\" \/>\n<meta name=\"twitter:label1\" content=\"Dur\u00e9e de lecture estim\u00e9e\" \/>\n\t<meta name=\"twitter:data1\" content=\"1 minute\" \/>\n<script type=\"application\/ld+json\" class=\"yoast-schema-graph\">{\"@context\":\"https:\/\/schema.org\",\"@graph\":[{\"@type\":\"WebPage\",\"@id\":\"https:\/\/fleurdevivre.fr\/index.php\/reservations\",\"url\":\"https:\/\/fleurdevivre.fr\/index.php\/reservations\",\"name\":\"R\u00e9servations : - Fleur de vivre\",\"isPartOf\":{\"@id\":\"https:\/\/fleurdevivre.fr\/#website\"},\"datePublished\":\"2023-11-20T15:43:24+00:00\",\"dateModified\":\"2023-12-12T20:18:12+00:00\",\"description\":\"R\u00e9servations :Pour vous ou pour offrir, r\u00e9servez votre instant ! 3 choix s'offrent \u00e0 vous : \u00e0 domicile, en cabinet, carte cadeau.\",\"breadcrumb\":{\"@id\":\"https:\/\/fleurdevivre.fr\/index.php\/reservations#breadcrumb\"},\"inLanguage\":\"fr-FR\",\"potentialAction\":[{\"@type\":\"ReadAction\",\"target\":[\"https:\/\/fleurdevivre.fr\/index.php\/reservations\"]}]},{\"@type\":\"BreadcrumbList\",\"@id\":\"https:\/\/fleurdevivre.fr\/index.php\/reservations#breadcrumb\",\"itemListElement\":[{\"@type\":\"ListItem\",\"position\":1,\"name\":\"Accueil\",\"item\":\"https:\/\/fleurdevivre.fr\/\"},{\"@type\":\"ListItem\",\"position\":2,\"name\":\"R\u00e9servations :\"}]},{\"@type\":\"WebSite\",\"@id\":\"https:\/\/fleurdevivre.fr\/#website\",\"url\":\"https:\/\/fleurdevivre.fr\/\",\"name\":\"Fleur de vivre\",\"description\":\"Vers l&#039;harmonisation de sa propre vie\",\"publisher\":{\"@id\":\"https:\/\/fleurdevivre.fr\/#organization\"},\"potentialAction\":[{\"@type\":\"SearchAction\",\"target\":{\"@type\":\"EntryPoint\",\"urlTemplate\":\"https:\/\/fleurdevivre.fr\/?s={search_term_string}\"},\"query-input\":\"required name=search_term_string\"}],\"inLanguage\":\"fr-FR\"},{\"@type\":\"Organization\",\"@id\":\"https:\/\/fleurdevivre.fr\/#organization\",\"name\":\"Fleur de vivre\",\"url\":\"https:\/\/fleurdevivre.fr\/\",\"logo\":{\"@type\":\"ImageObject\",\"inLanguage\":\"fr-FR\",\"@id\":\"https:\/\/fleurdevivre.fr\/#\/schema\/logo\/image\/\",\"url\":\"https:\/\/fleurdevivre.fr\/wp-content\/uploads\/2023\/12\/Capture-decran-2023-10-19-a-16.38.17.png\",\"contentUrl\":\"https:\/\/fleurdevivre.fr\/wp-content\/uploads\/2023\/12\/Capture-decran-2023-10-19-a-16.38.17.png\",\"width\":1784,\"height\":590,\"caption\":\"Fleur de vivre\"},\"image\":{\"@id\":\"https:\/\/fleurdevivre.fr\/#\/schema\/logo\/image\/\"},\"sameAs\":[\"https:\/\/www.facebook.com\/profile.php?id=61553222831431\"]}]}<\/script>\n<!-- \/ Yoast SEO plugin. -->","yoast_head_json":{"title":"R\u00e9servations : - Fleur de vivre","description":"R\u00e9servations :Pour vous ou pour offrir, r\u00e9servez votre instant ! 3 choix s'offrent \u00e0 vous : \u00e0 domicile, en cabinet, carte cadeau.","robots":{"index":"index","follow":"follow","max-snippet":"max-snippet:-1","max-image-preview":"max-image-preview:large","max-video-preview":"max-video-preview:-1"},"canonical":"https:\/\/fleurdevivre.fr\/index.php\/reservations","og_locale":"fr_FR","og_type":"article","og_title":"R\u00e9servations : - Fleur de vivre","og_description":"R\u00e9servations :Pour vous ou pour offrir, r\u00e9servez votre instant ! 3 choix s'offrent \u00e0 vous : \u00e0 domicile, en cabinet, carte cadeau.","og_url":"https:\/\/fleurdevivre.fr\/index.php\/reservations","og_site_name":"Fleur de vivre","article_publisher":"https:\/\/www.facebook.com\/profile.php?id=61553222831431","article_modified_time":"2023-12-12T20:18:12+00:00","og_image":[{"width":2560,"height":1707,"url":"http:\/\/fleurdevivre.fr\/wp-content\/uploads\/2023\/12\/pexels-cup-of-couple-6177608-1-scaled.jpg","type":"image\/jpeg"}],"twitter_card":"summary_large_image","twitter_misc":{"Dur\u00e9e de lecture estim\u00e9e":"1 minute"},"schema":{"@context":"https:\/\/schema.org","@graph":[{"@type":"WebPage","@id":"https:\/\/fleurdevivre.fr\/index.php\/reservations","url":"https:\/\/fleurdevivre.fr\/index.php\/reservations","name":"R\u00e9servations : - Fleur de vivre","isPartOf":{"@id":"https:\/\/fleurdevivre.fr\/#website"},"datePublished":"2023-11-20T15:43:24+00:00","dateModified":"2023-12-12T20:18:12+00:00","description":"R\u00e9servations :Pour vous ou pour offrir, r\u00e9servez votre instant ! 3 choix s'offrent \u00e0 vous : \u00e0 domicile, en cabinet, carte cadeau.","breadcrumb":{"@id":"https:\/\/fleurdevivre.fr\/index.php\/reservations#breadcrumb"},"inLanguage":"fr-FR","potentialAction":[{"@type":"ReadAction","target":["https:\/\/fleurdevivre.fr\/index.php\/reservations"]}]},{"@type":"BreadcrumbList","@id":"https:\/\/fleurdevivre.fr\/index.php\/reservations#breadcrumb","itemListElement":[{"@type":"ListItem","position":1,"name":"Accueil","item":"https:\/\/fleurdevivre.fr\/"},{"@type":"ListItem","position":2,"name":"R\u00e9servations :"}]},{"@type":"WebSite","@id":"https:\/\/fleurdevivre.fr\/#website","url":"https:\/\/fleurdevivre.fr\/","name":"Fleur de vivre","description":"Vers l&#039;harmonisation de sa propre vie","publisher":{"@id":"https:\/\/fleurdevivre.fr\/#organization"},"potentialAction":[{"@type":"SearchAction","target":{"@type":"EntryPoint","urlTemplate":"https:\/\/fleurdevivre.fr\/?s={search_term_string}"},"query-input":"required name=search_term_string"}],"inLanguage":"fr-FR"},{"@type":"Organization","@id":"https:\/\/fleurdevivre.fr\/#organization","name":"Fleur de vivre","url":"https:\/\/fleurdevivre.fr\/","logo":{"@type":"ImageObject","inLanguage":"fr-FR","@id":"https:\/\/fleurdevivre.fr\/#\/schema\/logo\/image\/","url":"https:\/\/fleurdevivre.fr\/wp-content\/uploads\/2023\/12\/Capture-decran-2023-10-19-a-16.38.17.png","contentUrl":"https:\/\/fleurdevivre.fr\/wp-content\/uploads\/2023\/12\/Capture-decran-2023-10-19-a-16.38.17.png","width":1784,"height":590,"caption":"Fleur de vivre"},"image":{"@id":"https:\/\/fleurdevivre.fr\/#\/schema\/logo\/image\/"},"sameAs":["https:\/\/www.facebook.com\/profile.php?id=61553222831431"]}]}},"_links":{"self":[{"href":"https:\/\/fleurdevivre.fr\/index.php\/wp-json\/wp\/v2\/pages\/53","targetHints":{"allow":["GET"]}}],"collection":[{"href":"https:\/\/fleurdevivre.fr\/index.php\/wp-json\/wp\/v2\/pages"}],"about":[{"href":"https:\/\/fleurdevivre.fr\/index.php\/wp-json\/wp\/v2\/types\/page"}],"author":[{"embeddable":true,"href":"https:\/\/fleurdevivre.fr\/index.php\/wp-json\/wp\/v2\/users\/1"}],"replies":[{"embeddable":true,"href":"https:\/\/fleurdevivre.fr\/index.php\/wp-json\/wp\/v2\/comments?post=53"}],"version-history":[{"count":24,"href":"https:\/\/fleurdevivre.fr\/index.php\/wp-json\/wp\/v2\/pages\/53\/revisions"}],"predecessor-version":[{"id":429,"href":"https:\/\/fleurdevivre.fr\/index.php\/wp-json\/wp\/v2\/pages\/53\/revisions\/429"}],"wp:featuredmedia":[{"embeddable":true,"href":"https:\/\/fleurdevivre.fr\/index.php\/wp-json\/wp\/v2\/media\/336"}],"wp:attachment":[{"href":"https:\/\/fleurdevivre.fr\/index.php\/wp-json\/wp\/v2\/media?parent=53"}],"curies":[{"name":"wp","href":"https:\/\/api.w.org\/{rel}","templated":true}]}}